{"id":108822,"date":"2015-04-16T16:22:20","date_gmt":"2015-04-16T14:22:20","guid":{"rendered":"https:\/\/www.marah.ch\/la-magnetoterapia\/"},"modified":"2015-04-16T16:22:20","modified_gmt":"2015-04-16T14:22:20","slug":"la-magnetoterapia","status":"publish","type":"page","link":"https:\/\/www.marah.ch\/fr\/la-magnetoterapia\/","title":{"rendered":"Qu&rsquo;est-ce que c&rsquo;est la magn\u00e9toth\u00e9rapie?"},"content":{"rendered":"<h2 class=\"php-postheader\">Qu&rsquo;est-ce quec&rsquo;est la magn\u00e9toth\u00e9rapie?<\/h2>\n<p><img decoding=\"async\" class=\" size-full wp-image-108791\" src=\"https:\/\/www.marah.ch\/wp-content\/uploads\/2015\/04\/insonnia.jpg\" alt=\"\" width=\"131\" height=\"150\">\u00a0\u00a0\u00a0 \u00a0<img decoding=\"async\" class=\" size-full wp-image-108795\" src=\"https:\/\/www.marah.ch\/wp-content\/uploads\/2015\/04\/mal_di_gola.jpg\" alt=\"\" width=\"183\" height=\"150\">\u00a0 \u00a0\u00a0\u00a0<img decoding=\"async\" class=\" size-full wp-image-108799\" src=\"https:\/\/www.marah.ch\/wp-content\/uploads\/2015\/04\/nevralgia.jpg\" alt=\"\" width=\"136\" height=\"150\">\u00a0 \u00a0\u00a0\u00a0<img loading=\"lazy\" decoding=\"async\" class=\" size-full wp-image-108803\" src=\"https:\/\/www.marah.ch\/wp-content\/uploads\/2015\/04\/sinusite.jpg\" alt=\"\" width=\"125\" height=\"150\">\u00a0 \u00a0 \u00a0<img loading=\"lazy\" decoding=\"async\" class=\" size-full wp-image-108807\" src=\"https:\/\/www.marah.ch\/wp-content\/uploads\/2015\/04\/congiuntivite.jpg\" alt=\"\" width=\"134\" height=\"150\">\u00a0<\/p>\n<p><img loading=\"lazy\" decoding=\"async\" class=\" size-full wp-image-108811\" src=\"https:\/\/www.marah.ch\/wp-content\/uploads\/2015\/04\/costipazione_2.jpg\" alt=\"\" width=\"164\" height=\"150\">\u00a0 \u00a0 \u00a0 \u00a0 \u00a0 \u00a0 \u00a0 \u00a0 \u00a0\u00a0\u00a0<img loading=\"lazy\" decoding=\"async\" class=\" size-full wp-image-108815\" src=\"https:\/\/www.marah.ch\/wp-content\/uploads\/2015\/04\/caviglia.jpg\" alt=\"\" width=\"250\" height=\"150\">\u00a0 \u00a0 \u00a0 \u00a0 \u00a0 \u00a0 \u00a0 \u00a0 \u00a0\u00a0<img loading=\"lazy\" decoding=\"async\" class=\" size-full wp-image-108819\" src=\"https:\/\/www.marah.ch\/wp-content\/uploads\/2015\/04\/tendinite.jpg\" alt=\"\" width=\"227\" height=\"150\"><\/p>\n<p><span style=\"font-size:10pt;\">La magn\u00e9toth\u00e9rapie est une m\u00e9thode naturelle et puissante de gu\u00e9rison, utilisant l&rsquo;\u00e9nergie particuli\u00e8re bipolaire produite par les aimants permanents. Chacun des p\u00f4les d&rsquo;un bioaimant produit des effets diff\u00e9rants agissant sur le corps humain: l&rsquo;un calmant, anti-inflammatoire et l&rsquo;autre tonifiant, dispersant.<\/span><\/p>\n<p><span style=\"font-size:10pt;\">La magn\u00e9toth\u00e9rapie est la m\u00e9thode qui permet de cr\u00e9er une harmonisation dans notre corps car nous pouvons mieux contr\u00f4ller nostre sant\u00e9.<\/span><\/p>\n<p><span style=\"font-size:10pt;\">En utilisant \u00a0la polarit\u00e9 correcte des aimants on arrive \u00e0 une harmonisation rapide, une augmentation de l&rsquo;\u00e9nergie et l&rsquo;am\u00e9lioration de nostre syst\u00e8me \u00a0immunitaire.<\/span><\/p>\n<p><span style=\"font-size:10pt;\">L&rsquo;\u00e9nergie magn\u00e9tique repr\u00e9sente la force structurale de l&rsquo;univers et elle est une des 4 forces de base de la nature, avec la gravit\u00e9, l&rsquo;\u00e9nergie nucl\u00e9aire et la radioactivit\u00e9.<\/span><\/p>\n<p><span style=\"font-size:10pt;\">L&rsquo; application des bioaimants permanents sur les zones douloureuses est largement utilis\u00e9e au Japon par le grand public. C&rsquo;est l&rsquo;application la plus courante et la plus facile, utilis\u00e9e par tout le monde, m\u00eame per les enfants. En appliquant le p\u00f4le n\u00e9gatif (-) sur l&rsquo;endroit le plus douloureux et le plus tendu, on interrompt la signalisation de la douleur vers le cerveau. On peut s&rsquo;aider en passant un doigt avec pression sur la zone douloureuse pour sentir les endroits les plus durs et ceux qui d\u00e9clenchent \u00a0une douleur plus aigu\u00eb. Les douleurs peuvent \u00e8tre de diff\u00e9rentes origines pathologiques:<\/span><\/p>\n<ul>\n<li style=\"text-align:justify;\"><span style=\"font-size:10pt;\">t<\/span><span style=\"font-size:10pt;\">raumatiques, comme fracture, tendinite, entorse etc.<br \/><\/span><\/li>\n<li style=\"text-align:justify;\"><span style=\"font-size:10pt;\">rhumatismales, comme douleurs articulaires, cervicales, de l&rsquo;\u00e9paule, des genoux, de la hance et des lombaires<br \/><\/span><\/li>\n<li style=\"text-align:justify;\"><span style=\"font-size:10pt;\">climatiques, comme l&rsquo;humidit\u00e9, coup de froid, coup de vent ou climatisation<br \/><\/span><\/li>\n<li style=\"text-align:justify;\"><span style=\"font-size:10pt;\">chroniques, comme les cas d&rsquo;arthrose o\u00f9 la douleur est r\u00e9duite mais peut revenir.<br \/><\/span><\/li>\n<li style=\"text-align:justify;\"><span style=\"font-size:10pt;\">douleurs dentaires<\/span><span style=\"font-size:10pt;\"><br \/><\/span><\/li>\n<\/ul>\n<p><span style=\"font-size:10pt;\">Les aimants doivent \u00eatre maintenus en place tant que la douleur persiste.<\/span><\/p>\n<div class=\"php-postcontent\"><\/div>\n","protected":false},"excerpt":{"rendered":"<p>Qu&rsquo;est-ce quec&rsquo;est la magn\u00e9toth\u00e9rapie? \u00a0\u00a0\u00a0 \u00a0\u00a0 \u00a0\u00a0\u00a0\u00a0 \u00a0\u00a0\u00a0\u00a0 \u00a0 \u00a0\u00a0 \u00a0 \u00a0 \u00a0 \u00a0 \u00a0 \u00a0 \u00a0 \u00a0 \u00a0\u00a0\u00a0\u00a0 \u00a0 \u00a0 \u00a0 \u00a0 \u00a0 \u00a0 \u00a0 \u00a0\u00a0 La magn\u00e9toth\u00e9rapie est une m\u00e9thode naturelle et puissante de gu\u00e9rison, utilisant l&rsquo;\u00e9nergie particuli\u00e8re bipolaire produite par les aimants permanents. Chacun des p\u00f4les d&rsquo;un bioaimant produit des effets diff\u00e9rants [&hellip;]<\/p>\n","protected":false},"author":1,"featured_media":108791,"parent":0,"menu_order":0,"comment_status":"closed","ping_status":"closed","template":"","meta":{"_acf_changed":false,"footnotes":""},"class_list":["post-108822","page","type-page","status-publish","has-post-thumbnail","hentry"],"acf":[],"_links":{"self":[{"href":"https:\/\/www.marah.ch\/fr\/wp-json\/wp\/v2\/pages\/108822","targetHints":{"allow":["GET"]}}],"collection":[{"href":"https:\/\/www.marah.ch\/fr\/wp-json\/wp\/v2\/pages"}],"about":[{"href":"https:\/\/www.marah.ch\/fr\/wp-json\/wp\/v2\/types\/page"}],"author":[{"embeddable":true,"href":"https:\/\/www.marah.ch\/fr\/wp-json\/wp\/v2\/users\/1"}],"replies":[{"embeddable":true,"href":"https:\/\/www.marah.ch\/fr\/wp-json\/wp\/v2\/comments?post=108822"}],"version-history":[{"count":0,"href":"https:\/\/www.marah.ch\/fr\/wp-json\/wp\/v2\/pages\/108822\/revisions"}],"wp:featuredmedia":[{"embeddable":true,"href":"https:\/\/www.marah.ch\/fr\/wp-json\/wp\/v2\/media\/108791"}],"wp:attachment":[{"href":"https:\/\/www.marah.ch\/fr\/wp-json\/wp\/v2\/media?parent=108822"}],"curies":[{"name":"wp","href":"https:\/\/api.w.org\/{rel}","templated":true}]}}