{"id":108750,"date":"2014-12-09T07:34:50","date_gmt":"2014-12-09T06:34:50","guid":{"rendered":"https:\/\/www.marah.ch\/corsi\/"},"modified":"2026-03-23T10:15:28","modified_gmt":"2026-03-23T09:15:28","slug":"cours","status":"publish","type":"page","link":"https:\/\/www.marah.ch\/fr\/cours\/","title":{"rendered":"Cours"},"content":{"rendered":"\t\t<div data-elementor-type=\"wp-page\" data-elementor-id=\"108750\" class=\"elementor elementor-108750 elementor-108749\" data-elementor-post-type=\"page\">\n\t\t\t\t\t\t<section class=\"elementor-section elementor-top-section elementor-element elementor-element-7442dab elementor-section-boxed elementor-section-height-default elementor-section-height-default\" data-id=\"7442dab\" data-element_type=\"section\" data-e-type=\"section\" data-settings=\"{&quot;jet_parallax_layout_list&quot;:[{&quot;jet_parallax_layout_image&quot;:{&quot;url&quot;:&quot;&quot;,&quot;id&quot;:&quot;&quot;,&quot;size&quot;:&quot;&quot;},&quot;_id&quot;:&quot;d613ae5&quot;,&quot;jet_parallax_layout_image_tablet&quot;:{&quot;url&quot;:&quot;&quot;,&quot;id&quot;:&quot;&quot;,&quot;size&quot;:&quot;&quot;},&quot;jet_parallax_layout_image_mobile&quot;:{&quot;url&quot;:&quot;&quot;,&quot;id&quot;:&quot;&quot;,&quot;size&quot;:&quot;&quot;},&quot;jet_parallax_layout_speed&quot;:{&quot;unit&quot;:&quot;%&quot;,&quot;size&quot;:50,&quot;sizes&quot;:[]},&quot;jet_parallax_layout_type&quot;:&quot;scroll&quot;,&quot;jet_parallax_layout_direction&quot;:&quot;1&quot;,&quot;jet_parallax_layout_fx_direction&quot;:null,&quot;jet_parallax_layout_z_index&quot;:&quot;&quot;,&quot;jet_parallax_layout_bg_x&quot;:50,&quot;jet_parallax_layout_bg_x_tablet&quot;:&quot;&quot;,&quot;jet_parallax_layout_bg_x_mobile&quot;:&quot;&quot;,&quot;jet_parallax_layout_bg_y&quot;:50,&quot;jet_parallax_layout_bg_y_tablet&quot;:&quot;&quot;,&quot;jet_parallax_layout_bg_y_mobile&quot;:&quot;&quot;,&quot;jet_parallax_layout_bg_size&quot;:&quot;auto&quot;,&quot;jet_parallax_layout_bg_size_tablet&quot;:&quot;&quot;,&quot;jet_parallax_layout_bg_size_mobile&quot;:&quot;&quot;,&quot;jet_parallax_layout_animation_prop&quot;:&quot;transform&quot;,&quot;jet_parallax_layout_on&quot;:[&quot;desktop&quot;,&quot;tablet&quot;]}]}\">\n\t\t\t\t\t\t<div class=\"elementor-container elementor-column-gap-default\">\n\t\t\t\t\t<div class=\"elementor-column elementor-col-100 elementor-top-column elementor-element elementor-element-1d25de9\" data-id=\"1d25de9\" data-element_type=\"column\" data-e-type=\"column\">\n\t\t\t<div class=\"elementor-widget-wrap elementor-element-populated\">\n\t\t\t\t\t\t<div class=\"elementor-element elementor-element-55e4147 elementor-widget elementor-widget-heading\" data-id=\"55e4147\" data-element_type=\"widget\" data-e-type=\"widget\" data-widget_type=\"heading.default\">\n\t\t\t\t<div class=\"elementor-widget-container\">\n\t\t\t\t\t<h1 class=\"elementor-heading-title elementor-size-default\">Cours<\/h1>\t\t\t\t<\/div>\n\t\t\t\t<\/div>\n\t\t\t\t\t<\/div>\n\t\t<\/div>\n\t\t\t\t\t<\/div>\n\t\t<\/section>\n\t\t\t\t<section class=\"elementor-section elementor-top-section elementor-element elementor-element-4ae986a elementor-hidden-desktop elementor-hidden-tablet elementor-hidden-mobile elementor-section-boxed elementor-section-height-default elementor-section-height-default\" data-id=\"4ae986a\" data-element_type=\"section\" data-e-type=\"section\" data-settings=\"{&quot;jet_parallax_layout_list&quot;:[{&quot;jet_parallax_layout_image&quot;:{&quot;url&quot;:&quot;&quot;,&quot;id&quot;:&quot;&quot;,&quot;size&quot;:&quot;&quot;},&quot;_id&quot;:&quot;0b9c583&quot;,&quot;jet_parallax_layout_image_tablet&quot;:{&quot;url&quot;:&quot;&quot;,&quot;id&quot;:&quot;&quot;,&quot;size&quot;:&quot;&quot;},&quot;jet_parallax_layout_image_mobile&quot;:{&quot;url&quot;:&quot;&quot;,&quot;id&quot;:&quot;&quot;,&quot;size&quot;:&quot;&quot;},&quot;jet_parallax_layout_speed&quot;:{&quot;unit&quot;:&quot;%&quot;,&quot;size&quot;:50,&quot;sizes&quot;:[]},&quot;jet_parallax_layout_type&quot;:&quot;scroll&quot;,&quot;jet_parallax_layout_direction&quot;:&quot;1&quot;,&quot;jet_parallax_layout_fx_direction&quot;:null,&quot;jet_parallax_layout_z_index&quot;:&quot;&quot;,&quot;jet_parallax_layout_bg_x&quot;:50,&quot;jet_parallax_layout_bg_x_tablet&quot;:&quot;&quot;,&quot;jet_parallax_layout_bg_x_mobile&quot;:&quot;&quot;,&quot;jet_parallax_layout_bg_y&quot;:50,&quot;jet_parallax_layout_bg_y_tablet&quot;:&quot;&quot;,&quot;jet_parallax_layout_bg_y_mobile&quot;:&quot;&quot;,&quot;jet_parallax_layout_bg_size&quot;:&quot;auto&quot;,&quot;jet_parallax_layout_bg_size_tablet&quot;:&quot;&quot;,&quot;jet_parallax_layout_bg_size_mobile&quot;:&quot;&quot;,&quot;jet_parallax_layout_animation_prop&quot;:&quot;transform&quot;,&quot;jet_parallax_layout_on&quot;:[&quot;desktop&quot;,&quot;tablet&quot;]}]}\">\n\t\t\t\t\t\t<div class=\"elementor-container elementor-column-gap-default\">\n\t\t\t\t\t<div class=\"elementor-column elementor-col-100 elementor-top-column elementor-element elementor-element-77d24c4\" data-id=\"77d24c4\" data-element_type=\"column\" data-e-type=\"column\">\n\t\t\t<div class=\"elementor-widget-wrap elementor-element-populated\">\n\t\t\t\t\t\t<div class=\"elementor-element elementor-element-1d6ad0a elementor-widget elementor-widget-text-editor\" data-id=\"1d6ad0a\" data-element_type=\"widget\" data-e-type=\"widget\" data-widget_type=\"text-editor.default\">\n\t\t\t\t<div class=\"elementor-widget-container\">\n\t\t\t\t\t\t\t\t\t<div class=\"php-postcontent\">\n<div class=\"php-article\">\n<p><b>En ce moment il n&rsquo;y a pas des cours<\/b><\/p>\n<\/div>\n<\/div>\t\t\t\t\t\t\t\t<\/div>\n\t\t\t\t<\/div>\n\t\t\t\t\t<\/div>\n\t\t<\/div>\n\t\t\t\t\t<\/div>\n\t\t<\/section>\n\t\t\t\t<section class=\"elementor-section elementor-top-section elementor-element elementor-element-fecd738 elementor-section-boxed elementor-section-height-default elementor-section-height-default\" data-id=\"fecd738\" data-element_type=\"section\" data-e-type=\"section\" data-settings=\"{&quot;jet_parallax_layout_list&quot;:[{&quot;jet_parallax_layout_image&quot;:{&quot;url&quot;:&quot;&quot;,&quot;id&quot;:&quot;&quot;,&quot;size&quot;:&quot;&quot;},&quot;_id&quot;:&quot;d613ae5&quot;,&quot;jet_parallax_layout_image_tablet&quot;:{&quot;url&quot;:&quot;&quot;,&quot;id&quot;:&quot;&quot;,&quot;size&quot;:&quot;&quot;},&quot;jet_parallax_layout_image_mobile&quot;:{&quot;url&quot;:&quot;&quot;,&quot;id&quot;:&quot;&quot;,&quot;size&quot;:&quot;&quot;},&quot;jet_parallax_layout_speed&quot;:{&quot;unit&quot;:&quot;%&quot;,&quot;size&quot;:50,&quot;sizes&quot;:[]},&quot;jet_parallax_layout_type&quot;:&quot;scroll&quot;,&quot;jet_parallax_layout_direction&quot;:&quot;1&quot;,&quot;jet_parallax_layout_fx_direction&quot;:null,&quot;jet_parallax_layout_z_index&quot;:&quot;&quot;,&quot;jet_parallax_layout_bg_x&quot;:50,&quot;jet_parallax_layout_bg_x_tablet&quot;:&quot;&quot;,&quot;jet_parallax_layout_bg_x_mobile&quot;:&quot;&quot;,&quot;jet_parallax_layout_bg_y&quot;:50,&quot;jet_parallax_layout_bg_y_tablet&quot;:&quot;&quot;,&quot;jet_parallax_layout_bg_y_mobile&quot;:&quot;&quot;,&quot;jet_parallax_layout_bg_size&quot;:&quot;auto&quot;,&quot;jet_parallax_layout_bg_size_tablet&quot;:&quot;&quot;,&quot;jet_parallax_layout_bg_size_mobile&quot;:&quot;&quot;,&quot;jet_parallax_layout_animation_prop&quot;:&quot;transform&quot;,&quot;jet_parallax_layout_on&quot;:[&quot;desktop&quot;,&quot;tablet&quot;]}]}\">\n\t\t\t\t\t\t<div class=\"elementor-container elementor-column-gap-default\">\n\t\t\t\t\t<div class=\"elementor-column elementor-col-100 elementor-top-column elementor-element elementor-element-0496472\" data-id=\"0496472\" data-element_type=\"column\" data-e-type=\"column\">\n\t\t\t<div class=\"elementor-widget-wrap elementor-element-populated\">\n\t\t\t\t\t\t<div class=\"elementor-element elementor-element-f66b241 elementor-widget elementor-widget-heading\" data-id=\"f66b241\" data-element_type=\"widget\" data-e-type=\"widget\" data-widget_type=\"heading.default\">\n\t\t\t\t<div class=\"elementor-widget-container\">\n\t\t\t\t\t<h2 class=\"elementor-heading-title elementor-size-default\">Cours de magn\u00e9toth\u00e9rapie<\/h2>\t\t\t\t<\/div>\n\t\t\t\t<\/div>\n\t\t\t\t\t<\/div>\n\t\t<\/div>\n\t\t\t\t\t<\/div>\n\t\t<\/section>\n\t\t\t\t<section class=\"elementor-section elementor-top-section elementor-element elementor-element-7c5155e elementor-section-boxed elementor-section-height-default elementor-section-height-default\" data-id=\"7c5155e\" data-element_type=\"section\" data-e-type=\"section\" data-settings=\"{&quot;jet_parallax_layout_list&quot;:[{&quot;jet_parallax_layout_image&quot;:{&quot;url&quot;:&quot;&quot;,&quot;id&quot;:&quot;&quot;,&quot;size&quot;:&quot;&quot;},&quot;_id&quot;:&quot;bd44bf3&quot;,&quot;jet_parallax_layout_image_tablet&quot;:{&quot;url&quot;:&quot;&quot;,&quot;id&quot;:&quot;&quot;,&quot;size&quot;:&quot;&quot;},&quot;jet_parallax_layout_image_mobile&quot;:{&quot;url&quot;:&quot;&quot;,&quot;id&quot;:&quot;&quot;,&quot;size&quot;:&quot;&quot;},&quot;jet_parallax_layout_speed&quot;:{&quot;unit&quot;:&quot;%&quot;,&quot;size&quot;:50,&quot;sizes&quot;:[]},&quot;jet_parallax_layout_type&quot;:&quot;scroll&quot;,&quot;jet_parallax_layout_direction&quot;:&quot;1&quot;,&quot;jet_parallax_layout_fx_direction&quot;:null,&quot;jet_parallax_layout_z_index&quot;:&quot;&quot;,&quot;jet_parallax_layout_bg_x&quot;:50,&quot;jet_parallax_layout_bg_x_tablet&quot;:&quot;&quot;,&quot;jet_parallax_layout_bg_x_mobile&quot;:&quot;&quot;,&quot;jet_parallax_layout_bg_y&quot;:50,&quot;jet_parallax_layout_bg_y_tablet&quot;:&quot;&quot;,&quot;jet_parallax_layout_bg_y_mobile&quot;:&quot;&quot;,&quot;jet_parallax_layout_bg_size&quot;:&quot;auto&quot;,&quot;jet_parallax_layout_bg_size_tablet&quot;:&quot;&quot;,&quot;jet_parallax_layout_bg_size_mobile&quot;:&quot;&quot;,&quot;jet_parallax_layout_animation_prop&quot;:&quot;transform&quot;,&quot;jet_parallax_layout_on&quot;:[&quot;desktop&quot;,&quot;tablet&quot;]}]}\">\n\t\t\t\t\t\t<div class=\"elementor-container elementor-column-gap-default\">\n\t\t\t\t\t<div class=\"elementor-column elementor-col-50 elementor-top-column elementor-element elementor-element-f5d30b0\" data-id=\"f5d30b0\" data-element_type=\"column\" data-e-type=\"column\">\n\t\t\t<div class=\"elementor-widget-wrap elementor-element-populated\">\n\t\t\t\t\t\t<div class=\"elementor-element elementor-element-d5da6cb elementor-widget elementor-widget-text-editor\" data-id=\"d5da6cb\" data-element_type=\"widget\" data-e-type=\"widget\" data-widget_type=\"text-editor.default\">\n\t\t\t\t<div class=\"elementor-widget-container\">\n\t\t\t\t\t\t\t\t\t<p>Animatrice : <strong>Catherine Delessert-B\u00e9laz<\/strong><\/p>\n<p>Dates : <b>25 &#8211; 26 Avril 2026&nbsp;<\/b><strong><br><\/strong><\/p>\n<p>Horaire :&nbsp;de <strong>9.30<\/strong> \u00e0 <strong>17.00<\/strong><\/p>\n<p>Lieu :&nbsp;<a style=\"background-color: #ffffff;font-size: 1rem\" href=\"https:\/\/goo.gl\/maps\/qvjSAmf9dzeU9fC78\" target=\"_blank\" rel=\"noopener\"><b>Maison de la femme,&nbsp;Av. Eglantine 6,&nbsp;1006 Lausanne<\/b><\/a><\/p>\n<p>Votre investissement : <strong>CHF 340.-<\/strong><\/p>\t\t\t\t\t\t\t\t<\/div>\n\t\t\t\t<\/div>\n\t\t\t\t\t<\/div>\n\t\t<\/div>\n\t\t\t\t<div class=\"elementor-column elementor-col-50 elementor-top-column elementor-element elementor-element-da3965f\" data-id=\"da3965f\" data-element_type=\"column\" data-e-type=\"column\">\n\t\t\t<div class=\"elementor-widget-wrap elementor-element-populated\">\n\t\t\t\t\t\t<div class=\"elementor-element elementor-element-05a4641 elementor-align-right elementor-mobile-align-left elementor-widget elementor-widget-raven-button\" data-id=\"05a4641\" data-element_type=\"widget\" data-e-type=\"widget\" data-settings=\"{&quot;turn_to_popup_action_button&quot;:&quot;no&quot;}\" data-widget_type=\"raven-button.default\">\n\t\t\t\t<div class=\"elementor-widget-container\">\n\t\t\t\t\t\t\t<div class=\"raven-widget-wrapper\">\n\t\t\t<a class=\"raven-button raven-button-widget-normal-effect-none  raven-button-text-align-center raven-button-link elementor-animation-none\" href=\"mailto:info@marah.ch\" target=\"_blank\">\t\t\t\t<div class=\"raven-button-overlay\" ><\/div>\n\t\t\t\t<span class=\"raven-button-content\">\n\t\t\t\t\t\n\t\t\t\t\t<div class=\"button-text-container\">\n\t\t\t\t\t\t\t\t\t\t\t\t<div class=\"raven-button-texts-wrapper\">\n\t\t\t\t\t\t\t<div class=\"button-text\">\n\t\t\t\t\t\t\t\t<span class=\"raven-button-text\">\n\t\t\t\t\t\t\t\t\tContactez nous pour l'inscription\t\t\t\t\t\t\t\t<\/span>\n\t\t\t\t\t\t\t<\/div>\n\t\t\t\t\t\t\t\t\t\t\t\t\t<\/div>\n\t\t\t\t\t\t\t\t\t\t\t<\/div>\n\t\t\t\t\t\n\t\t\t\t\t\t\t\t\t<\/span>\n\t\t\t<\/a>\t\t<\/div>\n\t\t\t\t\t\t<\/div>\n\t\t\t\t<\/div>\n\t\t\t\t\t<\/div>\n\t\t<\/div>\n\t\t\t\t\t<\/div>\n\t\t<\/section>\n\t\t\t\t<section class=\"elementor-section elementor-top-section elementor-element elementor-element-155f3f47 elementor-section-boxed elementor-section-height-default elementor-section-height-default\" data-id=\"155f3f47\" data-element_type=\"section\" data-e-type=\"section\" data-settings=\"{&quot;jet_parallax_layout_list&quot;:[{&quot;jet_parallax_layout_image&quot;:{&quot;url&quot;:&quot;&quot;,&quot;id&quot;:&quot;&quot;,&quot;size&quot;:&quot;&quot;},&quot;_id&quot;:&quot;0b9c583&quot;,&quot;jet_parallax_layout_image_tablet&quot;:{&quot;url&quot;:&quot;&quot;,&quot;id&quot;:&quot;&quot;,&quot;size&quot;:&quot;&quot;},&quot;jet_parallax_layout_image_mobile&quot;:{&quot;url&quot;:&quot;&quot;,&quot;id&quot;:&quot;&quot;,&quot;size&quot;:&quot;&quot;},&quot;jet_parallax_layout_speed&quot;:{&quot;unit&quot;:&quot;%&quot;,&quot;size&quot;:50,&quot;sizes&quot;:[]},&quot;jet_parallax_layout_type&quot;:&quot;scroll&quot;,&quot;jet_parallax_layout_direction&quot;:&quot;1&quot;,&quot;jet_parallax_layout_fx_direction&quot;:null,&quot;jet_parallax_layout_z_index&quot;:&quot;&quot;,&quot;jet_parallax_layout_bg_x&quot;:50,&quot;jet_parallax_layout_bg_x_tablet&quot;:&quot;&quot;,&quot;jet_parallax_layout_bg_x_mobile&quot;:&quot;&quot;,&quot;jet_parallax_layout_bg_y&quot;:50,&quot;jet_parallax_layout_bg_y_tablet&quot;:&quot;&quot;,&quot;jet_parallax_layout_bg_y_mobile&quot;:&quot;&quot;,&quot;jet_parallax_layout_bg_size&quot;:&quot;auto&quot;,&quot;jet_parallax_layout_bg_size_tablet&quot;:&quot;&quot;,&quot;jet_parallax_layout_bg_size_mobile&quot;:&quot;&quot;,&quot;jet_parallax_layout_animation_prop&quot;:&quot;transform&quot;,&quot;jet_parallax_layout_on&quot;:[&quot;desktop&quot;,&quot;tablet&quot;]}]}\">\n\t\t\t\t\t\t<div class=\"elementor-container elementor-column-gap-default\">\n\t\t\t\t\t<div class=\"elementor-column elementor-col-100 elementor-top-column elementor-element elementor-element-6f30277e\" data-id=\"6f30277e\" data-element_type=\"column\" data-e-type=\"column\">\n\t\t\t<div class=\"elementor-widget-wrap elementor-element-populated\">\n\t\t\t\t\t\t<div class=\"elementor-element elementor-element-7c77422 elementor-widget elementor-widget-heading\" data-id=\"7c77422\" data-element_type=\"widget\" data-e-type=\"widget\" data-widget_type=\"heading.default\">\n\t\t\t\t<div class=\"elementor-widget-container\">\n\t\t\t\t\t<h3 class=\"elementor-heading-title elementor-size-default\">Le cours de Magn\u00e9toth\u00e9rapie<\/h3>\t\t\t\t<\/div>\n\t\t\t\t<\/div>\n\t\t\t\t<div class=\"elementor-element elementor-element-5d16ff97 elementor-widget elementor-widget-text-editor\" data-id=\"5d16ff97\" data-element_type=\"widget\" data-e-type=\"widget\" data-widget_type=\"text-editor.default\">\n\t\t\t\t<div class=\"elementor-widget-container\">\n\t\t\t\t\t\t\t\t\t<div class=\"php-postcontent\"><div class=\"php-article\"><p>Nous proposons un cours de magn\u00e9toth\u00e9rapie simple avec des fiches claires et compl\u00e8tes qui permettent d\u2019utiliser les aimants autant pour pr\u00e9venir, traiter ou soulager les douleurs, que pour r\u00e9\u00e9nergiser l\u2019organisme ou magn\u00e9tiser l\u2019eau, les boissons, les aliments, les huiles et les cr\u00e8mes pour usage interne ou externe.<\/p><p>Un cours qui permet de se soigner soi-m\u00eame ainsi que sa famille, mais qui est \u00e9galement utile pour les professions m\u00e9dicales ou param\u00e9dicales.<\/p><\/div><\/div>\t\t\t\t\t\t\t\t<\/div>\n\t\t\t\t<\/div>\n\t\t\t\t<div class=\"elementor-element elementor-element-937b954 elementor-widget elementor-widget-heading\" data-id=\"937b954\" data-element_type=\"widget\" data-e-type=\"widget\" data-widget_type=\"heading.default\">\n\t\t\t\t<div class=\"elementor-widget-container\">\n\t\t\t\t\t<h3 class=\"elementor-heading-title elementor-size-default\">La Magn\u00e9toth\u00e9rapie<\/h3>\t\t\t\t<\/div>\n\t\t\t\t<\/div>\n\t\t\t\t<div class=\"elementor-element elementor-element-7d0dd5d elementor-widget elementor-widget-text-editor\" data-id=\"7d0dd5d\" data-element_type=\"widget\" data-e-type=\"widget\" data-widget_type=\"text-editor.default\">\n\t\t\t\t<div class=\"elementor-widget-container\">\n\t\t\t\t\t\t\t\t\t<div class=\"php-postcontent\"><div class=\"php-article\"><p>D\u2019un point de vue physiologique, la magn\u00e9toth\u00e9rapie agit au niveau cellulaire en repolarisant les cellules et en r\u00e9\u00e9quilibrant la perm\u00e9abilit\u00e9 de la membrane cellulaire, les fonctions de la cellule sont am\u00e9lior\u00e9es suite \u00e0 une meilleure oxyg\u00e9nation. En effet, si l\u2019on approche des parties du corps \u00e0 un champ magn\u00e9tique, les lignes magn\u00e9tiques d\u2019influx traversent compl\u00e8tement les parties en profondeur. Ainsi les ions \u00e0 l\u2019int\u00e9rieur de la cellule sont influenc\u00e9es par les ondes et l\u2019alt\u00e9ration du flux \u00e9lectrique potentiel de la cellule am\u00e9liore la transformation de l\u2019oxyg\u00e8ne. Suite \u00e0 l\u2019augmentation de la vascularisation, l\u2019activit\u00e9 biologique est augment\u00e9e.<\/p><p>Tout cela explique les excellents r\u00e9sultats obtenus sur les troubles de genre inflammatoires, rhumatismaux, articulaires et infectieux.<br \/>Mais \u00e9galement sur les fractures ou les blessures, les cicatrices, les probl\u00e8mes de peau, etc.<\/p><\/div><\/div>\t\t\t\t\t\t\t\t<\/div>\n\t\t\t\t<\/div>\n\t\t\t\t<div class=\"elementor-element elementor-element-df70f3c elementor-widget elementor-widget-heading\" data-id=\"df70f3c\" data-element_type=\"widget\" data-e-type=\"widget\" data-widget_type=\"heading.default\">\n\t\t\t\t<div class=\"elementor-widget-container\">\n\t\t\t\t\t<h3 class=\"elementor-heading-title elementor-size-default\">Les objectifs du cours de Magn\u00e9toth\u00e9rapie<\/h3>\t\t\t\t<\/div>\n\t\t\t\t<\/div>\n\t\t\t\t<div class=\"elementor-element elementor-element-684f72f elementor-widget elementor-widget-text-editor\" data-id=\"684f72f\" data-element_type=\"widget\" data-e-type=\"widget\" data-widget_type=\"text-editor.default\">\n\t\t\t\t<div class=\"elementor-widget-container\">\n\t\t\t\t\t\t\t\t\t<div class=\"php-postcontent\"><div class=\"php-article\"><ul><li>Connaitre les diff\u00e9rents types d\u2019aimants, les polarit\u00e9s et les diff\u00e9rentes puissances<\/li><li>Comprendre quels sont les effets th\u00e9rapeutiques que l\u2019on peut obtenir en utilisant les aimants<\/li><li>Apprendre comment utiliser les aimants quotidiennement en pr\u00e9vention ou en traitement<\/li><li>Voir diff\u00e9rentes possibilit\u00e9s d\u2019application, sur la douleur, sur les m\u00e9ridiens, sur les zones r\u00e9flexes, sur les organes, etc.<\/li><li>Savoir comment appliquer les aimants et combien de temps les laisser<\/li><li>Savoir comment magn\u00e9tiser l\u2019eau, les boissons, les aliments, les huiles, les cr\u00e8mes, etc.<\/li><li>Voir les fiches contenues dans le manuel de cours<\/li><\/ul><\/div><\/div>\t\t\t\t\t\t\t\t<\/div>\n\t\t\t\t<\/div>\n\t\t\t\t<div class=\"elementor-element elementor-element-06f0bcc elementor-widget elementor-widget-heading\" data-id=\"06f0bcc\" data-element_type=\"widget\" data-e-type=\"widget\" data-widget_type=\"heading.default\">\n\t\t\t\t<div class=\"elementor-widget-container\">\n\t\t\t\t\t<h3 class=\"elementor-heading-title elementor-size-default\">Le magn\u00e9tisme<\/h3>\t\t\t\t<\/div>\n\t\t\t\t<\/div>\n\t\t\t\t<div class=\"elementor-element elementor-element-f521595 elementor-widget elementor-widget-text-editor\" data-id=\"f521595\" data-element_type=\"widget\" data-e-type=\"widget\" data-widget_type=\"text-editor.default\">\n\t\t\t\t<div class=\"elementor-widget-container\">\n\t\t\t\t\t\t\t\t\t<div class=\"php-postcontent\"><div class=\"php-article\"><p>La Terre est un aimant gigantesque, sa force magn\u00e9tique oscille entre 0,3-0,47 Gauss sur la surface, dans certains endroits, pendant la nuit, la force magn\u00e9tique augmente jusqu\u2019\u00e0 40 fois.<br \/>La Terre est entour\u00e9e par l\u2019atmosph\u00e8re, qui contient d\u2019autres champs \u00e9lectriques.<br \/>Le magn\u00e9tisme Terrestre varie selon des rythmes journaliers, saisonniers et annuels.<br \/>Ces fluctuations sont dues principalement \u00e0 des changements du champs magn\u00e9tique solaire, conditionn\u00e9 par des explosions atomiques de puissance titanique et \u00e0 leur flux (taches solaires).<br \/>Les rayons atteignent les couches sup\u00e9rieures de l\u2019atmosph\u00e8re, et causent ainsi des changements dans le champs magn\u00e9tique terrestre, qui a son tour influe sur de multiples processus biologiques chez l\u2019homme, les animaux et les plantes.<br \/>Au cours des 2000 derni\u00e8res ann\u00e9es la terre a perdu plus de 30% de son pouvoir magn\u00e9tique, et selon le Dr. Nakagava, actuellement elle diminue de 0,05% Gauss par ann\u00e9e.<\/p><p>Voil\u00e0 pourquoi nous avons besoin d\u2019appliquer des aimants et de boire de l\u2019eau magn\u00e9tis\u00e9e pour compenser la carence de magn\u00e9tisme que la Terre peut nous transmettre.<\/p><\/div><\/div>\t\t\t\t\t\t\t\t<\/div>\n\t\t\t\t<\/div>\n\t\t\t\t<div class=\"elementor-element elementor-element-c13e0b2 elementor-widget elementor-widget-heading\" data-id=\"c13e0b2\" data-element_type=\"widget\" data-e-type=\"widget\" data-widget_type=\"heading.default\">\n\t\t\t\t<div class=\"elementor-widget-container\">\n\t\t\t\t\t<h3 class=\"elementor-heading-title elementor-size-default\">Br\u00e8ve histoire de la magn\u00e9toth\u00e9rapie<\/h3>\t\t\t\t<\/div>\n\t\t\t\t<\/div>\n\t\t\t\t<div class=\"elementor-element elementor-element-b39967c elementor-widget elementor-widget-text-editor\" data-id=\"b39967c\" data-element_type=\"widget\" data-e-type=\"widget\" data-widget_type=\"text-editor.default\">\n\t\t\t\t<div class=\"elementor-widget-container\">\n\t\t\t\t\t\t\t\t\t<div class=\"php-postcontent\"><div class=\"php-article\"><p>La magn\u00e9toth\u00e9rapie est une th\u00e9rapie holistique pour la r\u00e9g\u00e9n\u00e9ration de la sant\u00e9.<br \/>L\u2019histoire de la magn\u00e9toth\u00e9rapie est tr\u00e8s ancienne, les premiers aimants ont \u00e9t\u00e9s fabriqu\u00e9s par les chinois et ils \u00e9taient fer. On a retrouv\u00e9 des notes sur l\u2019utilisation des aimants 2000 ans avant Christ, ils \u00e9taient utilis\u00e9s surtout pour des probl\u00e8mes de fertilit\u00e9 et pour les rhumatismes.<br \/>500 ans avant Christ on a trouv\u00e9 des textes de m\u00e9decine chinoise qui parlaient de l\u2019utilisation des aimants pour combattre les douleurs.<br \/>Paracelse a \u00e9t\u00e9 l\u2019un des premiers europ\u00e9ens qui ait parl\u00e9 de l\u2019influence des bio-aimants sur le corps. C\u2019est aussi lui qui d\u00e9finissait les aimant comme des: \u201cchefs d\u2019\u0153uvres de la gu\u00e9rison\u201d.<br \/>Peu a peu l\u2019utilisation des aimants pour la sant\u00e9 a \u00e9t\u00e9 accept\u00e9es et l\u2019association r\u00e9ale de m\u00e9decine en Angleterre a publi\u00e9 un texte sur les effets des aimants pour la sant\u00e9.<\/p><p>Mais c\u2019est au XVIII si\u00e8cle que la doctrine Mesmer, nomm\u00e9e aussi th\u00e9orie du magn\u00e9tisme animal ou magn\u00e9toth\u00e9rapie, vit le jour. En 1860 on trouve d\u00e9j\u00e0 des catalogues de vente par correspondance qui proposent des semelles, ceintures, bonnets, corsets, bracelets et d\u2019autres objets magn\u00e9tiques contre les douleurs, les crampes et d\u2019autres malaises.<br \/>En 1950 les japonais et surtout le professeur Nakagava, directeur de l\u2019h\u00f4pital Isuzu de Tokyo, ont commenc\u00e9 \u00e0 faire de nombreuses recherches sur les effets de la magn\u00e9toth\u00e9rapie.<\/p><p>Les cours propos\u00e9s au Tessin sont en italien, si vous d\u00e9sirez organiser un cours en fran\u00e7ais dans votre r\u00e9gion, contactez-nous !<\/p><\/div><\/div>\t\t\t\t\t\t\t\t<\/div>\n\t\t\t\t<\/div>\n\t\t\t\t<div class=\"elementor-element elementor-element-6d28bbe elementor-align-justify elementor-mobile-align-left elementor-widget elementor-widget-raven-button\" data-id=\"6d28bbe\" data-element_type=\"widget\" data-e-type=\"widget\" data-settings=\"{&quot;turn_to_popup_action_button&quot;:&quot;no&quot;}\" data-widget_type=\"raven-button.default\">\n\t\t\t\t<div class=\"elementor-widget-container\">\n\t\t\t\t\t\t\t<div class=\"raven-widget-wrapper\">\n\t\t\t<a class=\"raven-button raven-button-widget-normal-effect-none  raven-button-text-align-center raven-button-link elementor-animation-none\" href=\"mailto:info@marah.ch\" target=\"_blank\">\t\t\t\t<div class=\"raven-button-overlay\" ><\/div>\n\t\t\t\t<span class=\"raven-button-content\">\n\t\t\t\t\t\n\t\t\t\t\t<div class=\"button-text-container\">\n\t\t\t\t\t\t\t\t\t\t\t\t<div class=\"raven-button-texts-wrapper\">\n\t\t\t\t\t\t\t<div class=\"button-text\">\n\t\t\t\t\t\t\t\t<span class=\"raven-button-text\">\n\t\t\t\t\t\t\t\t\tContactez nous pour l'inscription\t\t\t\t\t\t\t\t<\/span>\n\t\t\t\t\t\t\t<\/div>\n\t\t\t\t\t\t\t\t\t\t\t\t\t<\/div>\n\t\t\t\t\t\t\t\t\t\t\t<\/div>\n\t\t\t\t\t\n\t\t\t\t\t\t\t\t\t<\/span>\n\t\t\t<\/a>\t\t<\/div>\n\t\t\t\t\t\t<\/div>\n\t\t\t\t<\/div>\n\t\t\t\t\t<\/div>\n\t\t<\/div>\n\t\t\t\t\t<\/div>\n\t\t<\/section>\n\t\t\t\t<\/div>\n\t\t","protected":false},"excerpt":{"rendered":"<p>Cours En ce moment il n&rsquo;y a pas des cours Cours de magn\u00e9toth\u00e9rapie Animatrice : Catherine Delessert-B\u00e9laz Dates : 25 &#8211; 26 Avril 2026&nbsp; Horaire :&nbsp;de 9.30 \u00e0 17.00 Lieu :&nbsp;Maison de la femme,&nbsp;Av. Eglantine 6,&nbsp;1006 Lausanne Votre investissement : CHF 340.- Contactez nous pour l&rsquo;inscription Le cours de Magn\u00e9toth\u00e9rapie Nous proposons un cours de [&hellip;]<\/p>\n","protected":false},"author":1,"featured_media":0,"parent":0,"menu_order":5,"comment_status":"closed","ping_status":"closed","template":"","meta":{"_acf_changed":false,"footnotes":""},"class_list":["post-108750","page","type-page","status-publish","hentry"],"acf":[],"_links":{"self":[{"href":"https:\/\/www.marah.ch\/fr\/wp-json\/wp\/v2\/pages\/108750","targetHints":{"allow":["GET"]}}],"collection":[{"href":"https:\/\/www.marah.ch\/fr\/wp-json\/wp\/v2\/pages"}],"about":[{"href":"https:\/\/www.marah.ch\/fr\/wp-json\/wp\/v2\/types\/page"}],"author":[{"embeddable":true,"href":"https:\/\/www.marah.ch\/fr\/wp-json\/wp\/v2\/users\/1"}],"replies":[{"embeddable":true,"href":"https:\/\/www.marah.ch\/fr\/wp-json\/wp\/v2\/comments?post=108750"}],"version-history":[{"count":34,"href":"https:\/\/www.marah.ch\/fr\/wp-json\/wp\/v2\/pages\/108750\/revisions"}],"predecessor-version":[{"id":297481,"href":"https:\/\/www.marah.ch\/fr\/wp-json\/wp\/v2\/pages\/108750\/revisions\/297481"}],"wp:attachment":[{"href":"https:\/\/www.marah.ch\/fr\/wp-json\/wp\/v2\/media?parent=108750"}],"curies":[{"name":"wp","href":"https:\/\/api.w.org\/{rel}","templated":true}]}}