{"id":99995,"date":"2015-04-28T07:05:44","date_gmt":"2015-04-28T05:05:44","guid":{"rendered":"https:\/\/www.marah.ch\/prodotto\/biomagnet-set\/"},"modified":"2020-12-11T17:33:51","modified_gmt":"2020-12-11T16:33:51","slug":"biomagnet-set","status":"publish","type":"product","link":"https:\/\/www.marah.ch\/de\/produkt\/biomagnet-set\/","title":{"rendered":"Biomagnet Set"},"content":{"rendered":"<p>2 Biomagnet D-05 zu magnetisieren Wasser gemischt\u00a0<img decoding=\"async\" src=\"https:\/\/www.marah.ch\/images\/stories\/1.jpg\" alt=\"1.jpg\" width=\"150\" height=\"48\" border=\"0\" \/><\/p>\n<p><strong>Wie erh\u00e4lt man gemischt magnetisiertes Wasser?\u00a0\u00a0\u00a0\u00a0\u00a0\u00a0\u00a0\u00a0\u00a0\u00a0\u00a0\u00a0\u00a0\u00a0\u00a0\u00a0 <\/strong><\/p>\n<p>Geben Sie einen D-05 Magneten direkt in eine Flasche mit frischem Wasser oder stellen Sie die Flasche auf den Blauen Untersatz (gemischt) und lassen Sie 4 \u2013 8 Stunden einwirken. Stellen sie die magnetisierte Falsche nie in den K\u00fchlschrank, trinken Sie 2 Glas magnetisiertes Wasser am Morgen auf n\u00fcchternen Magen.<\/p>\n<p>Durch den Genuss von gemischt magnetisiertem Wasser (Magnetisiert mit Plus und Minus Pol) k\u00f6nnen vielerlei Beschwerden g\u00fcnstig beeinflusst werden. Die Energie der Magnete gelangt mit der Fl\u00fcssigkeit in alle Teile des K\u00f6rpers, sie wirkt harntreibend, ist leicht, mineralisiert und bildet keine Mikrokristalle, die dem Organismus schaden k\u00f6nnten. Empfohlen wird der Genuss von mindestens 1 Lt. magnetisiertem Wasser t\u00e4glich, davon 1-2 Gl\u00e4ser auf n\u00fcchternen Magen. So aktiviert man das Immunsystem, reinigt den Verdauungstrakt, entschlackt den K\u00f6rper von Toxinen, kr\u00e4ftigt das Nervensystem, die Verdauung und den Blutkreislauf. Auch \u00e4usserlich angewandt dient magnetisiertes Wasser zur Behandlung von Wunden, Ekzemen, schmerzenden Augen oder zum gurgeln bei Halsschmerzen.<\/p>\n<p>2 Biomagnet D-25\u00a0\u00a0 <img decoding=\"async\" src=\"https:\/\/www.marah.ch\/images\/stories\/D25.png\" alt=\"D25.png\" width=\"64\" height=\"80\" border=\"0\" \/><\/p>\n<p>Magnet aus Ferrit in einem ABS-Kunststoff-Schale eingeschlossen.<\/p>\n<p>Schwarz = positive Seite. Tonifizierend, Sauer und stimulirend, Yang.<\/p>\n<p>Weiss= negative Seite. Beruhigend, Alkalisierungmittel, stellt die Intergrit\u00e4t der Zelle und indirekt sauerstoffartig Yin. Schwerzlindernd, f\u00f6rdert den Aufbau zu einem Zustand der Ruhe, K\u00e4lte, Entz\u00fcndungshemmung.<\/p>\n<p>Es wird bei direkter Anwendung auf einen Schmerz, eine Wunde, eine Narbe oder eine energetische Massage der Aura oder Meridiane angewendet.<\/p>\n<p>Seine Gr\u00f6sse erleichtert sowohl die energestische Massage als auch die Anwendung bei ausgedehnten Wundern oder Narben.<\/p>\n<p>Bei Schlaflosigkeit wird der negative Pol auf die Stirn geleft.<\/p>\n<p>Es wird auch verwendet, um Angst oder Stress zu beruhigen, es ist auf dem Brustbein positioniert, (die Frauen legen es in den BH, zwischen die Br\u00fcste, die M\u00e4nner h\u00e4ngen es an einer kette oder einer Schnur)<\/p>\n<p><strong><span style=\"color: #d0121a;\">Nicht geeignet f\u00fcr Pace Maker Tr\u00e4ger<\/span><\/strong><\/p>\n","protected":false},"excerpt":{"rendered":"<p>Set 2 biomagnets D-25 und D-05 mit 2 biomagnets eine Informationsbrosch\u00fcre<\/p>\n","protected":false},"featured_media":99960,"comment_status":"open","ping_status":"closed","template":"","meta":{"_acf_changed":false},"product_brand":[],"product_cat":[220],"product_tag":[],"class_list":{"0":"post-99995","1":"product","2":"type-product","3":"status-publish","4":"has-post-thumbnail","6":"product_cat-biomagnete-marah","7":"product_shipping_class-pacco","9":"first","10":"instock","11":"shipping-taxable","12":"purchasable","13":"product-type-simple"},"acf":[],"_links":{"self":[{"href":"https:\/\/www.marah.ch\/de\/wp-json\/wp\/v2\/product\/99995","targetHints":{"allow":["GET"]}}],"collection":[{"href":"https:\/\/www.marah.ch\/de\/wp-json\/wp\/v2\/product"}],"about":[{"href":"https:\/\/www.marah.ch\/de\/wp-json\/wp\/v2\/types\/product"}],"replies":[{"embeddable":true,"href":"https:\/\/www.marah.ch\/de\/wp-json\/wp\/v2\/comments?post=99995"}],"wp:featuredmedia":[{"embeddable":true,"href":"https:\/\/www.marah.ch\/de\/wp-json\/wp\/v2\/media\/99960"}],"wp:attachment":[{"href":"https:\/\/www.marah.ch\/de\/wp-json\/wp\/v2\/media?parent=99995"}],"wp:term":[{"taxonomy":"product_brand","embeddable":true,"href":"https:\/\/www.marah.ch\/de\/wp-json\/wp\/v2\/product_brand?post=99995"},{"taxonomy":"product_cat","embeddable":true,"href":"https:\/\/www.marah.ch\/de\/wp-json\/wp\/v2\/product_cat?post=99995"},{"taxonomy":"product_tag","embeddable":true,"href":"https:\/\/www.marah.ch\/de\/wp-json\/wp\/v2\/product_tag?post=99995"}],"curies":[{"name":"wp","href":"https:\/\/api.w.org\/{rel}","templated":true}]}}