{"id":99423,"date":"2015-04-28T07:03:19","date_gmt":"2015-04-28T05:03:19","guid":{"rendered":"https:\/\/www.marah.ch\/prodotto\/tini-brush\/"},"modified":"2020-05-19T11:17:59","modified_gmt":"2020-05-19T09:17:59","slug":"tini-brush","status":"publish","type":"product","link":"https:\/\/www.marah.ch\/de\/produkt\/tini-brush\/","title":{"rendered":"Zahnb\u00fcrste Tini Brush"},"content":{"rendered":"<p>Mit der Tini Brush halten Sie eine sehr wirksame neue Zahnb\u00fcrste in den H\u00e4nden, zum Wohle Ihrer Gesundheit und zur Vorbeugung. Funktionsst\u00f6rungen k\u00f6nnen sich verbessern. Im Falle von organischen Leiden kann die TINIBRUSH\u00ae mithelfen, eine bessere Lebensqualit\u00e4t zu behalten.<\/p>\n<p>Die Magnetfeldtherapie bringt dem K\u00f6rper vor allem 2 Vorteile:<\/p>\n<div>\u00a0\u00a0 \u00a0* Ausreichende Energie<\/div>\n<div>\u00a0\u00a0 \u00a0* Heilende Informationen zur Selbstregulation\u00a0(z.B. \u00fcber das Immunsystem)<\/div>\n<div><\/div>\n<div><\/div>\n<div>Der Nordpol wirkt schmerzlindernd (Schmerzgrenze anhebend), abschwellend, beruhigend und ent-s\u00e4uernd.<\/div>\n<div><\/div>\n<div>Der S\u00fcdpol wirkt durchblutungsverbessernd, w\u00e4rmend. Er f\u00f6rdert die schnellere Wundheilung und beschleunigt die Regeneration (Auffrischung, Wiederherstellung gesch\u00e4digter Zellen).<\/div>\n<div><\/div>\n<div>Die Wirkung auf die bessere Durchblutung ist von gr\u00f6sster Bedeutung. Unser K\u00f6rper besitzt n\u00e4mlich \u00fcber 40 Milliarden kleinster Gef\u00e4sse (Kapillaren).<\/div>\n<div><\/div>\n<div>Die Dauermagnete erweitern die Gef\u00e4sse und senken den Gef\u00e4sswiderstand. Das Blut fliesst besser, schneller durch die Gef\u00e4sse &gt;&gt; Verbesserung der Sauerstoff-Verwertung (O2-Utilisation) &gt;&gt; besserer N\u00e4hrstoff-Transport &gt;&gt; mehr Energie &gt;&gt; mehr Abwehr. Die Entgiftung (Toxinausscheidung wird verbessert.<\/div>\n<p><span style=\"font-size: 10pt;\"><span style=\"font-family: verdana, geneva;\"><img decoding=\"async\" style=\"margin: 5px; float: left;\" src=\"https:\/\/www.marah.ch\/images\/stories\/tini_appeso.jpg\" alt=\"tini_appeso\" width=\"93\" height=\"150\" border=\"0\" \/>Dank des selbstklebenden Metallscheibchen kann man die Zahnb\u00fcrste an alle beliebigen Orte hinkleben; zum Beispiel an die Spiegelecke oder an eine Keramikplatte.<br \/>\n<\/span><\/span><\/p>\n","protected":false},"excerpt":{"rendered":"<p>Die Zahnb\u00fcrste Tini Brush besitzt einen magnetischen Zahnb\u00fcrstenkopf mit f\u00fcnf vergoldeten Permanentmagneten (1200 Gauss magnetische Flussdichte).<\/p>\n","protected":false},"featured_media":99408,"comment_status":"open","ping_status":"closed","template":"","meta":{"_acf_changed":false},"product_brand":[],"product_cat":[224],"product_tag":[],"class_list":{"0":"post-99423","1":"product","2":"type-product","3":"status-publish","4":"has-post-thumbnail","6":"product_cat-artikel-mit-magneten","8":"first","9":"instock","10":"shipping-taxable","11":"purchasable","12":"product-type-simple"},"acf":[],"_links":{"self":[{"href":"https:\/\/www.marah.ch\/de\/wp-json\/wp\/v2\/product\/99423","targetHints":{"allow":["GET"]}}],"collection":[{"href":"https:\/\/www.marah.ch\/de\/wp-json\/wp\/v2\/product"}],"about":[{"href":"https:\/\/www.marah.ch\/de\/wp-json\/wp\/v2\/types\/product"}],"replies":[{"embeddable":true,"href":"https:\/\/www.marah.ch\/de\/wp-json\/wp\/v2\/comments?post=99423"}],"wp:featuredmedia":[{"embeddable":true,"href":"https:\/\/www.marah.ch\/de\/wp-json\/wp\/v2\/media\/99408"}],"wp:attachment":[{"href":"https:\/\/www.marah.ch\/de\/wp-json\/wp\/v2\/media?parent=99423"}],"wp:term":[{"taxonomy":"product_brand","embeddable":true,"href":"https:\/\/www.marah.ch\/de\/wp-json\/wp\/v2\/product_brand?post=99423"},{"taxonomy":"product_cat","embeddable":true,"href":"https:\/\/www.marah.ch\/de\/wp-json\/wp\/v2\/product_cat?post=99423"},{"taxonomy":"product_tag","embeddable":true,"href":"https:\/\/www.marah.ch\/de\/wp-json\/wp\/v2\/product_tag?post=99423"}],"curies":[{"name":"wp","href":"https:\/\/api.w.org\/{rel}","templated":true}]}}