{"id":295781,"date":"2022-02-01T11:58:50","date_gmt":"2022-02-01T10:58:50","guid":{"rendered":"https:\/\/www.marah.ch\/?post_type=product&#038;p=295781"},"modified":"2022-02-25T20:21:16","modified_gmt":"2022-02-25T19:21:16","slug":"mymat-equinox","status":"publish","type":"product","link":"https:\/\/www.marah.ch\/de\/produkt\/mymat-equinox\/","title":{"rendered":"MyMat EQUINOX"},"content":{"rendered":"<p>Tragbare Decke f\u00fcr Pferde und andere gro\u00dfe Tiere. Sie besteht au\u00dfen aus Vinyl und innen aus einem weicheren, durchl\u00e4ssigen Stoff.<\/p>\n<p>MyMat EQUINOX ist eine wirksame, kabellose, medikamentenfreie und nicht invasive Methode zur Behandlung von Beschwerden bei Pferden und anderen gro\u00dfen Tieren. Sie ist nicht schmerzhaft, erfordert keine Sedierung, reduziert die Angst und hat keine sch\u00e4dlichen Nebenwirkungen. Jede Sitzung dauert weniger als 25 Minuten. In Kombination mit anderen Therapien verst\u00e4rkt es die Wirksamkeit dieser Therapien.<\/p>\n<p>Durch die PEMF-Technologie erzeugt die MyMat EQUINOX ein sanft pulsierendes elektromagnetisches Feld, das die Gesundheit auf Zellebene wiederherstellt, indem es die Sauerstoffversorgung der Zellen, den Stoffwechsel und die Entgiftung anregt. Es liefert Energie und Informationen zur Wiederherstellung der nat\u00fcrlichen Prozesse und Funktionen von Organen, Geweben und Systemen im K\u00f6rper und unterst\u00fctzt so die Heilung und steigert die Leistungsf\u00e4higkeit.<\/p>\n<p>Hunderte von wissenschaftlichen PEMF-Studien wurden ver\u00f6ffentlicht und best\u00e4tigen die Wirksamkeit von PEMF bei Pferden und anderen Tieren zur Behandlung vieler Erkrankungen.<\/p>\n<p>PEMF hat nachweislich neurologische, physiologische und psychologische Vorteile. Einige Beispiele sind hier aufgef\u00fchrt:<\/p>\n<p>Verbessert:<br \/>\ndie Blutzirkulation<br \/>\nEnergielevel und -fluss<br \/>\nRegeneration auf zellul\u00e4rer Ebene<br \/>\nHeilung von Knochen, Gelenken und Weichteilen<br \/>\nNeurologische Zust\u00e4nde<br \/>\nBewegungsumfang<br \/>\nMuskeln<br \/>\nVerdauungsapparat<br \/>\nAufnahme von N\u00e4hrstoffen<br \/>\nImmunsystem<br \/>\nLeistung<\/p>\n<p>Reduziert:<br \/>\nStress<br \/>\nSchmerzen<br \/>\nSteifheit<br \/>\nEntz\u00fcndungen<\/p>\n<p>Alle MyMat\u00ae\ufe0f-Ger\u00e4te (<a href=\"https:\/\/www.marah.ch\/de\/prodotto\/micro-mat-2\/\" target=\"_blank\" rel=\"noopener\">MyMat<\/a>, <a href=\"https:\/\/www.marah.ch\/de\/prodotto\/mymat-\/\" target=\"_blank\" rel=\"noopener\">MyMat PRO<\/a>, <a href=\"https:\/\/www.marah.ch\/de\/prodotto\/mymat-clinic\/\" target=\"_blank\" rel=\"noopener\">MyMat CLINIC<\/a>, <a href=\"https:\/\/www.marah.ch\/de\/prodotto\/mymat-equinox\/\" target=\"_blank\" rel=\"noopener\">MyMat EQUINOX<\/a>) werden \u00fcber eine einfach zu bedienende App auf Ihrem Mobiltelefon gesteuert.<\/p>\n<p>Der MyMat EQUINOX ist einfach zu bedienen, zu reinigen und zu transportieren. Im Lieferumfang enthalten ist ein Handbuch mit der Beschreibung der Programme. Dar\u00fcber hinaus ver\u00f6ffentlicht Healing House Ltda. regelm\u00e4\u00dfig neue Informationen \u00fcber die Anwendung von Programmen f\u00fcr bestimmte Erkrankungen. Diese Empfehlungen werden von unserem Netzwerk von angeschlossenen Tier\u00e4rzten sorgf\u00e4ltig gepr\u00fcft und bereitgestellt.<\/p>\n<p>Bitte kontaktieren Sie uns f\u00fcr zus\u00e4tzliche Informationen, Schulungen oder Unterst\u00fctzung unter <a href=\"mailto:support@marah.ch\">support@marah.ch<\/a><\/p>\n<p>MyMat\u00ae\ufe0f Allgemeine Informationen<\/p>\n<p>MyMat verf\u00fcgt \u00fcber 85 Programme, die in die einfach zu bedienende App integriert sind. Jedes spezielle Programm wurde entwickelt, um Gesundheit und Heilung gezielt zu unterst\u00fctzen.<\/p>\n<p>MyMat bietet auch einen integrativen und ganzheitlichen Ansatz, der den Ausgleich der 7 Chakren, 12 Meridiane und f\u00fcnf Elemente einbezieht, wie er im Ayurveda, der traditionellen chinesischen Medizin und der tibetischen Medizin praktiziert wird.<\/p>\n<p>Die PEMF-Therapie ist eine sichere und nicht-invasive Methode zur Unterst\u00fctzung der Heilung und zur Reduzierung von Schmerzen und Stress.<\/p>\n<p>Die PEMF-Therapie nutzt gepulste elektromagnetische Frequenzen, um die K\u00f6rperzellen &#8222;zur\u00fcckzusetzen&#8220; &#8211; wie beim Aufladen einer Batterie. Erm\u00fcdete oder gesch\u00e4digte Zellen werden von elektromagnetischen Wellen durchstr\u00f6mt, die die Durchblutung, Sauerstoffversorgung und Fl\u00fcssigkeitszufuhr ankurbeln und den Abtransport von Giftstoffen aus den Zellen unterst\u00fctzen.<\/p>\n<p>Die Wiederherstellung des Gleichgewichts und der Wiederaufbau unseres K\u00f6rpers auf zellul\u00e4rer Ebene kann die Selbstheilung anregen und unserem K\u00f6rper helfen, sich zu erholen und zu heilen.<\/p>\n<p>Krankheiten werden durch eine Blockade des Informationsflusses verursacht. Mit der MyMat k\u00f6nnen die fehlenden Informationen durch die Erzeugung der richtigen elektromagnetischen Frequenz angeboten werden, wodurch die fehlende Verbindung in der zellul\u00e4ren Kommunikation wiederhergestellt wird. Eine kleine Menge an elektromagnetischer Information kann ausreichen, um die Selbstheilung anzuregen. Wenn sie mit anderen Therapien kombiniert wird, verst\u00e4rkt sie die Wirksamkeit dieser Therapien.<\/p>\n<p>MyMat\u00ae\ufe0f bietet nicht nur Gesundheit und Wohlbefinden, sondern auch Sicherheit, Qualit\u00e4t und Design mit einer 2-j\u00e4hrigen Garantie.<\/p>\n<p>&nbsp;<\/p>\n<h2>TECHNISCHES DATENBLATT Healing House<\/h2>\n<ul>\n<li>Art der Vorrichtung: Pferdedecke f\u00fcr Pferde und gro\u00dfe Tierarten<\/li>\n<li>Materialien: Vinyl auf der Au\u00dfenseite und weiches, durchl\u00e4ssiges Gewebe auf der Innenseite<\/li>\n<li>Funktionsprinzip: Erzeugung von gepulsten elektromagnetischen Feldern (PEMF) mit niedriger Frequenz und geringer Intensit\u00e4t<\/li>\n<li>Technologie bekannt als: Gepulste elektromagnetische Felder (PEMF), Bio-Magnetismus, Bioresonanz, PEMF<\/li>\n<li>Produktklassifizierung: Energietherapie, Vibrationstherapie<\/li>\n<li>Drahtloses Kommunikationssystem: Wi-Fi<\/li>\n<li>Frequenzbereich: 1HZ bis 200 KHZ<\/li>\n<li>Ausgestrahltes Signal: Elektromagnetische Rechteckwellen.<\/li>\n<li>Maximale Intensit\u00e4t des Magnetfelds auf der Oberfl\u00e4che des Ger\u00e4ts:<br \/>\n5 Milligauss x 24 Kan\u00e4le<\/li>\n<li>Anzahl der Antennen: 24 flexible Flachspulen.<\/li>\n<li>Programmierung: 85 Programme f\u00fcr Rehabilitation, Fitness, k\u00f6rperliche und emotionale Entspannung.<\/li>\n<li>Steuerungssystem: Programmierbare App f\u00fcr Android- und IOS-Mobilger\u00e4te mit 11 Kategorien, 93 voreingestellten Kombinationen und 85 individuellen Programmen.<\/li>\n<li>Einsatzbereiche: Tiermedizin, Fitness, Physiotherapie, k\u00f6rperliche und emotionale Entspannung, Wellness, Pr\u00e4ventiv- und Ganzheitsmedizin.<\/li>\n<li>Stromversorgung: 2 wiederaufladbare 3,7-Volt-Gleichstrombatterien, 3000 Milliamperestunden.<\/li>\n<li>Sicherheit: Aktiver Kurzschlussschutz, \u00dcberstrom- und \u00dcberspannungsschutz. Passiver Schutz mit SMT-Technologie-Sicherungen.<\/li>\n<li>Temperaturbereich f\u00fcr den Betrieb: + 5\u00b0 bis + 45\u00b0<\/li>\n<li>Ger\u00e4teabmessungen: 170x150x2 cm.<\/li>\n<li>Ma\u00dfe der Tasche: 78x58x12 cm.<\/li>\n<li>Ma\u00dfe des Verpackungskartons: 87 X 67 X 17 cm.<\/li>\n<li>Garantie: 2 Jahre.<\/li>\n<\/ul>\n","protected":false},"excerpt":{"rendered":"<p>Tragbare Decke f\u00fcr Pferde und andere gro\u00dfe Tiere. Sie besteht au\u00dfen aus Vinyl und innen aus einem weicheren, durchl\u00e4ssigen Stoff. MyMat EQUINOX ist eine wirksame, kabellose, medikamentenfreie und nicht invasive Methode zur Behandlung von Beschwerden bei Pferden und anderen gro\u00dfen Tieren. Sie ist nicht schmerzhaft, erfordert keine Sedierung, reduziert die Angst und hat keine sch\u00e4dlichen [&hellip;]<\/p>\n","protected":false},"featured_media":295787,"comment_status":"open","ping_status":"closed","template":"","meta":{"_acf_changed":false},"product_brand":[],"product_cat":[232],"product_tag":[],"class_list":{"0":"post-295781","1":"product","2":"type-product","3":"status-publish","4":"has-post-thumbnail","6":"product_cat-geraete-fuer-ihre-gesundheit","7":"product_shipping_class-pacco","9":"first","10":"instock","11":"shipping-taxable","12":"purchasable","13":"product-type-simple"},"acf":[],"_links":{"self":[{"href":"https:\/\/www.marah.ch\/de\/wp-json\/wp\/v2\/product\/295781","targetHints":{"allow":["GET"]}}],"collection":[{"href":"https:\/\/www.marah.ch\/de\/wp-json\/wp\/v2\/product"}],"about":[{"href":"https:\/\/www.marah.ch\/de\/wp-json\/wp\/v2\/types\/product"}],"replies":[{"embeddable":true,"href":"https:\/\/www.marah.ch\/de\/wp-json\/wp\/v2\/comments?post=295781"}],"wp:featuredmedia":[{"embeddable":true,"href":"https:\/\/www.marah.ch\/de\/wp-json\/wp\/v2\/media\/295787"}],"wp:attachment":[{"href":"https:\/\/www.marah.ch\/de\/wp-json\/wp\/v2\/media?parent=295781"}],"wp:term":[{"taxonomy":"product_brand","embeddable":true,"href":"https:\/\/www.marah.ch\/de\/wp-json\/wp\/v2\/product_brand?post=295781"},{"taxonomy":"product_cat","embeddable":true,"href":"https:\/\/www.marah.ch\/de\/wp-json\/wp\/v2\/product_cat?post=295781"},{"taxonomy":"product_tag","embeddable":true,"href":"https:\/\/www.marah.ch\/de\/wp-json\/wp\/v2\/product_tag?post=295781"}],"curies":[{"name":"wp","href":"https:\/\/api.w.org\/{rel}","templated":true}]}}