{"id":295729,"date":"2022-02-01T11:18:31","date_gmt":"2022-02-01T10:18:31","guid":{"rendered":"https:\/\/www.marah.ch\/?post_type=product&#038;p=295729"},"modified":"2022-02-25T20:21:27","modified_gmt":"2022-02-25T19:21:27","slug":"mymat-clinic","status":"publish","type":"product","link":"https:\/\/www.marah.ch\/de\/produkt\/mymat-clinic\/","title":{"rendered":"MyMat CLINIC"},"content":{"rendered":"<p>Der MyMat CLINIC ist f\u00fcr den Einsatz in Kliniken und anderen professionellen Einrichtungen konzipiert und passt auf einen Massagetisch. Obwohl die MyMat CLINIC f\u00fcr Gesundheits- und Wellness-Profis gedacht ist, k\u00f6nnen viele PEMF-begeisterte und gesundheitsbewusste Menschen nicht widerstehen, sie f\u00fcr den Gebrauch zu Hause zu kaufen.<\/p>\n<p>Diese tragbare Ganzk\u00f6rpermatte besteht aus einem leicht zu reinigenden Vinylgewebe, das antibakteriell, antimykotisch und flammhemmend ist und \u00fcber einen UV-Schutz verf\u00fcgt. Aufgrund ihrer Gr\u00f6\u00dfe k\u00f6nnen die gepulsten elektromagnetischen Frequenzen der MyMat CLINIC den gesamten K\u00f6rper erreichen, selbst bei Metallimplantaten.<\/p>\n<p>Alle MyMat\u00ae\ufe0f-Ger\u00e4te (<a href=\"https:\/\/www.marah.ch\/de\/prodotto\/micro-mat-2\/\" target=\"_blank\" rel=\"noopener\">MyMat<\/a>, <a href=\"https:\/\/www.marah.ch\/de\/prodotto\/mymat-\/\" target=\"_blank\" rel=\"noopener\">MyMat PRO<\/a>, <a href=\"https:\/\/www.marah.ch\/de\/prodotto\/mymat-clinic\/\" target=\"_blank\" rel=\"noopener\">MyMat CLINIC<\/a>, <a href=\"https:\/\/www.marah.ch\/de\/prodotto\/mymat-equinox\/\" target=\"_blank\" rel=\"noopener\">MyMat EQUINOX<\/a>) werden \u00fcber eine einfach zu bedienende App auf Ihrem Mobiltelefon gesteuert.<\/p>\n<p>Der MyMat CLINIC ist einfach zu bedienen, zu reinigen und zu transportieren. Im Lieferumfang enthalten ist ein Handbuch mit der Beschreibung der Programme. Dar\u00fcber hinaus gibt Healing House Ltda. regelm\u00e4\u00dfig Empfehlungen f\u00fcr die Anwendung der Programme bei bestimmten Erkrankungen ab. Diese Empfehlungen werden von unserem Netzwerk von angeschlossenen Gesundheits- und Wellnessexperten sorgf\u00e4ltig gepr\u00fcft und bereitgestellt.<\/p>\n<p>Bitte kontaktieren Sie uns f\u00fcr zus\u00e4tzliche Informationen, Schulungen oder Unterst\u00fctzung unter <a href=\"mailto:support@marah.ch\">support@marah.ch<\/a><\/p>\n<p>MyMat\u00ae\ufe0f Allgemeine Informationen<\/p>\n<p>MyMat verf\u00fcgt \u00fcber 85 Programme, die in die einfach zu bedienende App integriert sind. Jedes spezielle Programm wurde entwickelt, um die Gesundheit und Heilung gezielt zu unterst\u00fctzen, und ist in verschiedenen Gr\u00f6\u00dfen erh\u00e4ltlich, damit Sie die perfekte L\u00f6sung f\u00fcr Ihre individuellen Bed\u00fcrfnisse finden k\u00f6nnen.<\/p>\n<p>MyMat bietet auch einen integrativen und ganzheitlichen Ansatz, der den Ausgleich der 7 Chakren, 12 Meridiane und f\u00fcnf Elemente einbezieht, wie er im Ayurveda, der traditionellen chinesischen Medizin und der tibetischen Medizin praktiziert wird.<\/p>\n<p>Die PEMF-Therapie ist eine sichere und nicht-invasive Methode zur Unterst\u00fctzung der Heilung und zur Reduzierung von Schmerzen und Stress.<\/p>\n<p>Die PEMF-Therapie nutzt gepulste elektromagnetische Frequenzen, um die K\u00f6rperzellen &#8222;zur\u00fcckzusetzen&#8220; &#8211; wie beim Aufladen einer Batterie. Erm\u00fcdete oder gesch\u00e4digte Zellen werden von elektromagnetischen Wellen durchstr\u00f6mt, die die Durchblutung, Sauerstoffversorgung und Fl\u00fcssigkeitszufuhr ankurbeln und den Abtransport von Giftstoffen aus den Zellen unterst\u00fctzen.<\/p>\n<p>Die Wiederherstellung des Gleichgewichts und der Wiederaufbau unseres K\u00f6rpers auf zellul\u00e4rer Ebene k\u00f6nnen die Selbstheilung anregen und unserem K\u00f6rper helfen, sich zu erholen und zu heilen.<\/p>\n<p>Krankheiten werden durch eine Blockade des Informationsflusses verursacht. Mit der MyMat k\u00f6nnen die fehlenden Informationen durch die Erzeugung der richtigen elektromagnetischen Frequenz angeboten werden, wodurch die fehlende Verbindung in der zellul\u00e4ren Kommunikation wiederhergestellt wird. Eine kleine Menge an elektromagnetischer Information kann ausreichen, um die Selbstheilung anzuregen. Wenn sie mit anderen Therapien kombiniert wird, verst\u00e4rkt sie die Wirksamkeit dieser Therapien.<\/p>\n<p>MyMat\u00ae\ufe0f bietet nicht nur Gesundheit und Wohlbefinden, sondern auch Sicherheit, Qualit\u00e4t und Design mit einer 2-j\u00e4hrigen Garantie.<\/p>\n<h2><\/h2>\n<h2>TECHNISCHES DATENBLATT Healing House<\/h2>\n<ul>\n<li>Art des Ger\u00e4ts: Tragbare Ganzk\u00f6rpermatte mit drahtloser Wi-Fi-Verbindung und wiederaufladbarer Batterie.<\/li>\n<li>Materialien: Vinyl, antibakteriell, antimykotisch, flammhemmend, UV-Schutz.<\/li>\n<li>Funktionsprinzip: Erzeugung von gepulsten elektromagnetischen Feldern (PEMF) mit niedriger Frequenz und geringer Intensit\u00e4t.<\/li>\n<li>Technologie bekannt als: Gepulste elektromagnetische Felder (PEMF), Bio-Magnetismus, Bioresonanz, PEMF.<\/li>\n<li>Produktklassifizierung: Energietherapie, Vibrationstherapie.<\/li>\n<li>Drahtloses Kommunikationssystem: Wi-Fi<\/li>\n<li>Frequenzbereich: 1HZ bis 200 KHZ<\/li>\n<li>Ausgestrahltes Signal: Elektromagnetische Rechtecksignale.<\/li>\n<li>Maximale Intensit\u00e4t des Magnetfelds auf der Oberfl\u00e4che des Ger\u00e4ts: 5 Milligauss x 16 Kan\u00e4le<\/li>\n<li>Anzahl der Antennen: 16 flexible Flachspulen.<\/li>\n<li>Programmierung: 85 Programme, Rehabilitation, Fitness, k\u00f6rperliche und emotionale Entspannung.<\/li>\n<li>Steuerungssystem: Programmierbare App f\u00fcr Android- und IOS-Mobilger\u00e4te mit 11 Kategorien, 93 voreingestellten Kombinationen und 85 individuellen Programmen.<\/li>\n<li>Verwendungszwecke: Rehabilitation, Fitness, k\u00f6rperliche und emotionale Entspannung, Pr\u00e4ventiv- und Ganzheitsmedizin, Physiotherapie, Wellness, Meditation, \u00c4sthetik, Veterin\u00e4rmedizin.<\/li>\n<li>Stromversorgung: 2 wiederaufladbare 3,7-Volt-Gleichstrombatterien, 3000 Milliamperestunden.<\/li>\n<li>Sicherheit: Aktiver Kurzschlussschutz, \u00dcberstrom- und \u00dcberspannungsschutz. Passiver Schutz mit SMT-Technologie-Sicherungen.<\/li>\n<li>Temperaturbereich f\u00fcr den Betrieb: + 5\u00b0 bis + 45\u00b0<\/li>\n<li>Ger\u00e4teabmessungen: 63x170x2,5 cm.<\/li>\n<li>Abmessungen der Tasche: 65x65x12 cm.<\/li>\n<li>Ma\u00dfe des Verpackungskartons: 69x69x17 cm.<\/li>\n<li>Garantie: 2 Jahre.<\/li>\n<\/ul>\n","protected":false},"excerpt":{"rendered":"<p>Der MyMat CLINIC ist f\u00fcr den Einsatz in Kliniken und anderen professionellen Einrichtungen konzipiert und passt auf einen Massagetisch. Obwohl die MyMat CLINIC f\u00fcr Gesundheits- und Wellness-Profis gedacht ist, k\u00f6nnen viele PEMF-begeisterte und gesundheitsbewusste Menschen nicht widerstehen, sie f\u00fcr den Gebrauch zu Hause zu kaufen. Diese tragbare Ganzk\u00f6rpermatte besteht aus einem leicht zu reinigenden Vinylgewebe, [&hellip;]<\/p>\n","protected":false},"featured_media":295735,"comment_status":"open","ping_status":"closed","template":"","meta":{"_acf_changed":false},"product_brand":[],"product_cat":[232],"product_tag":[],"class_list":{"0":"post-295729","1":"product","2":"type-product","3":"status-publish","4":"has-post-thumbnail","6":"product_cat-geraete-fuer-ihre-gesundheit","7":"product_shipping_class-pacco","9":"first","10":"instock","11":"shipping-taxable","12":"purchasable","13":"product-type-simple"},"acf":[],"_links":{"self":[{"href":"https:\/\/www.marah.ch\/de\/wp-json\/wp\/v2\/product\/295729","targetHints":{"allow":["GET"]}}],"collection":[{"href":"https:\/\/www.marah.ch\/de\/wp-json\/wp\/v2\/product"}],"about":[{"href":"https:\/\/www.marah.ch\/de\/wp-json\/wp\/v2\/types\/product"}],"replies":[{"embeddable":true,"href":"https:\/\/www.marah.ch\/de\/wp-json\/wp\/v2\/comments?post=295729"}],"wp:featuredmedia":[{"embeddable":true,"href":"https:\/\/www.marah.ch\/de\/wp-json\/wp\/v2\/media\/295735"}],"wp:attachment":[{"href":"https:\/\/www.marah.ch\/de\/wp-json\/wp\/v2\/media?parent=295729"}],"wp:term":[{"taxonomy":"product_brand","embeddable":true,"href":"https:\/\/www.marah.ch\/de\/wp-json\/wp\/v2\/product_brand?post=295729"},{"taxonomy":"product_cat","embeddable":true,"href":"https:\/\/www.marah.ch\/de\/wp-json\/wp\/v2\/product_cat?post=295729"},{"taxonomy":"product_tag","embeddable":true,"href":"https:\/\/www.marah.ch\/de\/wp-json\/wp\/v2\/product_tag?post=295729"}],"curies":[{"name":"wp","href":"https:\/\/api.w.org\/{rel}","templated":true}]}}