{"id":295328,"date":"2021-08-25T08:59:25","date_gmt":"2021-08-25T06:59:26","guid":{"rendered":"https:\/\/www.marah.ch\/?post_type=product&#038;p=295328"},"modified":"2021-08-25T09:04:40","modified_gmt":"2021-08-25T07:04:40","slug":"bracciale-elastico-rodiato-e-mat-a-dischi","status":"publish","type":"product","link":"https:\/\/www.marah.ch\/de\/produkt\/bracciale-elastico-rodiato-e-mat-a-dischi\/","title":{"rendered":"Flex-Armb\u00e4nder"},"content":{"rendered":"<p>Casual Flex-Armb\u00e4nder von ENERGETIX erfreuen sich weltweit gr\u00f6\u00dfter Beliebtheit. Zus\u00e4tzlich zu seinen Neodym-Magneten verf\u00fcgt das flexible Armband \u00fcber einen Kupferanteil auf der Innenseite. Das grafische Design mit matten und polierten Fl\u00e4chen macht das Schmuckst\u00fcck zu einem modernen Klassiker, den Sie mit unz\u00e4hligen Outfits kombinieren k\u00f6nnen!<\/p>\n","protected":false},"excerpt":{"rendered":"<p>Casual Flex-Armb\u00e4nder von ENERGETIX erfreuen sich weltweit gr\u00f6\u00dfter Beliebtheit.<\/p>\n","protected":false},"featured_media":101404,"comment_status":"open","ping_status":"closed","template":"","meta":{"_acf_changed":false},"product_brand":[],"product_cat":[240],"product_tag":[],"class_list":{"0":"post-295328","1":"product","2":"type-product","3":"status-publish","4":"has-post-thumbnail","6":"product_cat-magnetischer-schmuck","7":"pa_sceglilatuamisura-9f-l16_18cm-de","8":"pa_sceglilatuamisura-8f-m15_16cm-de","9":"pa_sceglilatuamisura-67-xl18_20cm-de","10":"pa_sceglilatuamisura-57-xxl20_22cm-de","12":"first","13":"instock","14":"shipping-taxable","15":"purchasable","16":"product-type-variable"},"acf":[],"_links":{"self":[{"href":"https:\/\/www.marah.ch\/de\/wp-json\/wp\/v2\/product\/295328","targetHints":{"allow":["GET"]}}],"collection":[{"href":"https:\/\/www.marah.ch\/de\/wp-json\/wp\/v2\/product"}],"about":[{"href":"https:\/\/www.marah.ch\/de\/wp-json\/wp\/v2\/types\/product"}],"replies":[{"embeddable":true,"href":"https:\/\/www.marah.ch\/de\/wp-json\/wp\/v2\/comments?post=295328"}],"wp:featuredmedia":[{"embeddable":true,"href":"https:\/\/www.marah.ch\/de\/wp-json\/wp\/v2\/media\/101404"}],"wp:attachment":[{"href":"https:\/\/www.marah.ch\/de\/wp-json\/wp\/v2\/media?parent=295328"}],"wp:term":[{"taxonomy":"product_brand","embeddable":true,"href":"https:\/\/www.marah.ch\/de\/wp-json\/wp\/v2\/product_brand?post=295328"},{"taxonomy":"product_cat","embeddable":true,"href":"https:\/\/www.marah.ch\/de\/wp-json\/wp\/v2\/product_cat?post=295328"},{"taxonomy":"product_tag","embeddable":true,"href":"https:\/\/www.marah.ch\/de\/wp-json\/wp\/v2\/product_tag?post=295328"}],"curies":[{"name":"wp","href":"https:\/\/api.w.org\/{rel}","templated":true}]}}