{"id":101551,"date":"2016-08-30T15:26:20","date_gmt":"2016-08-30T13:26:20","guid":{"rendered":"https:\/\/www.marah.ch\/prodotto\/micro-mat-2\/"},"modified":"2022-12-13T10:36:45","modified_gmt":"2022-12-13T09:36:45","slug":"mymat","status":"publish","type":"product","link":"https:\/\/www.marah.ch\/de\/produkt\/mymat\/","title":{"rendered":"MyMat GO (Bioresonanz)"},"content":{"rendered":"<p><iframe title=\"MyMat by Healing House\" width=\"500\" height=\"281\" src=\"https:\/\/www.youtube.com\/embed\/HMN3KtdaMlU?feature=oembed\" frameborder=\"0\" allow=\"accelerometer; autoplay; clipboard-write; encrypted-media; gyroscope; picture-in-picture; web-share\" referrerpolicy=\"strict-origin-when-cross-origin\" allowfullscreen><\/iframe><\/p>\n<p>&nbsp;<\/p>\n<p>&#8222;Nehmen Sie Ihren pers\u00f6nlichen Taschenheiler immer mit.&#8220;<\/p>\n<p>Die MyMat GO ist einfach zu bedienen und ultraleicht, so dass Sie sie \u00fcberallhin mitnehmen k\u00f6nnen. Dank ihres weichen und gesch\u00e4umten Materials f\u00fchlt sie sich angenehm an. Er ist so konzipiert, dass man ihn auf dem R\u00fccken oder dem vorderen Teil des Oberk\u00f6rpers tragen oder ablegen kann, und ist somit der einzige MyMat, auf dem man nicht sitzen kann. Zum Lieferumfang geh\u00f6rt ein Handbuch mit der Beschreibung der Programme. Dar\u00fcber hinaus ver\u00f6ffentlicht Healing House Ltda. regelm\u00e4\u00dfig aktualisierte Empfehlungen f\u00fcr die Anwendung der Programme bei bestimmten Erkrankungen. Diese Empfehlungen werden von unserem Netzwerk von angeschlossenen Gesundheits- und Wellnessexperten sorgf\u00e4ltig gepr\u00fcft und bereitgestellt.<\/p>\n<p>Es ist perfekt f\u00fcr den Gebrauch zu Hause und f\u00fcr die ganze Familie oder auf Reisen. Es ist auch f\u00fcr kleine Haustiere wie Hunde, Katzen und sogar V\u00f6gel geeignet. Tier\u00e4rzte verwenden sie gerne mit der zus\u00e4tzlichen Vinyl-Haustierdecke &#8218;MyMat Pet&#8216;, da sie leicht zu reinigen ist. Falls Sie den zus\u00e4tzlichen Bezug f\u00fcr Haustiere kaufen m\u00f6chten, sollten Sie dieses Zubeh\u00f6r vor dem Kauf im Online-Shop hinzuf\u00fcgen.<\/p>\n<p>F\u00fcr Personen mit Metallimplantaten empfehlen wir die Verwendung der MyMat PRO, um sicherzustellen, dass die gepulsten elektromagnetischen Frequenzen den gesamten K\u00f6rper erreichen k\u00f6nnen.<\/p>\n<p>Alle MyMat\u00ae\ufe0f-Ger\u00e4te (<a href=\"https:\/\/www.marah.ch\/de\/prodotto\/micro-mat-2\/\" target=\"_blank\" rel=\"noopener\">MyMat<\/a>, <a href=\"https:\/\/www.marah.ch\/de\/prodotto\/mymat-\/\" target=\"_blank\" rel=\"noopener\">MyMat PRO<\/a>, <a href=\"https:\/\/www.marah.ch\/de\/prodotto\/mymat-clinic\/\" target=\"_blank\" rel=\"noopener\">MyMat CLINIC<\/a>, <a href=\"https:\/\/www.marah.ch\/de\/prodotto\/mymat-equinox\/\" target=\"_blank\" rel=\"noopener\">MyMat EQUINOX<\/a>) werden \u00fcber eine einfach zu bedienende App auf Ihrem Mobiltelefon gesteuert.<\/p>\n<p>Bitte kontaktieren Sie uns f\u00fcr zus\u00e4tzliche Informationen, Schulungen oder Unterst\u00fctzung unter <a href=\"mailto:support@marah.ch\">support@marah.ch<\/a><\/p>\n<p>MyMat\u00ae\ufe0f Allgemeine Informationen<\/p>\n<p>MyMat verf\u00fcgt \u00fcber 85 Programme, die in die einfach zu bedienende App integriert sind. Jedes spezielle Programm wurde entwickelt, um Gesundheit und Heilung gezielt zu unterst\u00fctzen.<\/p>\n<p>MyMat bietet auch einen integrativen und ganzheitlichen Ansatz, der den Ausgleich der 7 Chakren, 12 Meridiane und f\u00fcnf Elemente einbezieht, wie er im Ayurveda, der traditionellen chinesischen Medizin und der tibetischen Medizin praktiziert wird.<\/p>\n<p>Die PEMF-Therapie ist eine sichere und nicht-invasive Methode zur Unterst\u00fctzung der Heilung und zur Reduzierung von Schmerzen und Stress.<\/p>\n<p>Die PEMF-Therapie nutzt gepulste elektromagnetische Frequenzen, um die K\u00f6rperzellen &#8222;zur\u00fcckzusetzen&#8220; &#8211; wie beim Aufladen einer Batterie. Erm\u00fcdete oder gesch\u00e4digte Zellen werden von elektromagnetischen Wellen durchstr\u00f6mt, die die Durchblutung, Sauerstoffversorgung und Fl\u00fcssigkeitszufuhr ankurbeln und den Abtransport von Giftstoffen aus den Zellen unterst\u00fctzen.<\/p>\n<p>Die Wiederherstellung des Gleichgewichts und der Wiederaufbau unseres K\u00f6rpers auf zellul\u00e4rer Ebene kann die Selbstheilung anregen und unserem K\u00f6rper helfen, sich zu erholen und zu heilen.<\/p>\n<p>Krankheiten werden durch eine Blockade des Informationsflusses verursacht. Mit der MyMat k\u00f6nnen die fehlenden Informationen durch die Erzeugung der richtigen elektromagnetischen Frequenz angeboten werden, wodurch die fehlende Verbindung in der zellul\u00e4ren Kommunikation wiederhergestellt wird. Eine kleine Menge an elektromagnetischer Information kann ausreichen, um die Selbstheilung anzuregen. Wenn sie mit anderen Therapien kombiniert wird, verst\u00e4rkt sie die Wirksamkeit dieser Therapien.<\/p>\n<p>MyMat\u00ae\ufe0f bietet nicht nur Gesundheit und Wohlbefinden, sondern auch Sicherheit, Qualit\u00e4t und Design mit einer 2-j\u00e4hrigen Garantie.<\/p>\n<p>Tierschutzh\u00fclle f\u00fcr MyMat GO<\/p>\n<p>Da die MyMat GO auch f\u00fcr kleine Haustiere wie Hunde, Katzen und sogar V\u00f6gel geeignet ist, bieten wir diese Vinyl-Haustierabdeckung als Zubeh\u00f6r an, damit Sie Ihre urspr\u00fcngliche MyMat GO sauber und frei von Tierhaaren und Ger\u00fcchen halten k\u00f6nnen. Tier\u00e4rzte verwenden sie gerne in ihren Kliniken, da sie leicht zu reinigen ist.<\/p>\n<p>Wenn Sie diese zus\u00e4tzliche Vinyl-Haustierabdeckung kaufen m\u00f6chten, stellen Sie sicher, dass Sie dieses Zubeh\u00f6r vor Ihrem Kauf im Online-Shop hinzuf\u00fcgen.<\/p>\n<p>&nbsp;<\/p>\n<h2>TECHNISCHES DATENBLATT Healing House<\/h2>\n<ul>\n<li>Art des Ger\u00e4ts: Ultraleichte, tragbare Matte mit drahtloser Wi-Fi-Verbindung und wiederaufladbarer Batterie.<\/li>\n<li>Materialien: Weiches, gesch\u00e4umtes Gewebe.<\/li>\n<li>Funktionsprinzip: Erzeugung von gepulsten elektromagnetischen Feldern (PEMF) mit niedriger Frequenz und geringer Intensit\u00e4t.<\/li>\n<li>Technologie bekannt als: Gepulste elektromagnetische Felder (PEMF), Bio-Magnetismus, Bioresonanz, PEMF.<\/li>\n<li>Produktklassifizierung: Energietherapie, Vibrationstherapie.<\/li>\n<li>Drahtloses Kommunikationssystem: Wi-Fi<\/li>\n<li>Frequenzbereich: 1HZ bis 200 KHZ<\/li>\n<li>Ausgestrahltes Signal: Elektromagnetische Rechteckwellen.<\/li>\n<li>Maximale Intensit\u00e4t des Magnetfelds auf der Oberfl\u00e4che des Ger\u00e4ts:<br \/>\n5 Milligauss x 4 Kan\u00e4le<\/li>\n<li>Anzahl der Antennen: 4 flexible Flachspulen.<\/li>\n<li>Programmierung: 85 Programme, Rehabilitation, Fitness, k\u00f6rperliche und emotionale Entspannung.<\/li>\n<li>Steuerungssystem: Programmierbare App f\u00fcr Android und IOS Mobilger\u00e4te mit 11 Kategorien, 93 voreingestellten Kombinationen und 85 individuellen Programmen.<\/li>\n<li>Verwendungszwecke: Rehabilitation, Fitness, k\u00f6rperliche und emotionale Entspannung, Pr\u00e4ventiv- und Ganzheitsmedizin, Physiotherapie, Wellness, Meditation, \u00c4sthetik, Zahnmedizin, Veterin\u00e4rmedizin.<\/li>\n<li>Stromversorgung: 1 wiederaufladbare 3,7-Volt-Gleichstrombatterie, 3000 Milliamperestunden.<\/li>\n<li>Sicherheit: Aktiver Kurzschlussschutz, \u00dcberstrom- und \u00dcberspannungsschutz. Passiver Schutz mit SMT-Technologie-Sicherungen.<\/li>\n<li>Temperaturbereich f\u00fcr den Betrieb: + 5\u00b0 bis + 45\u00b0<\/li>\n<li>Ger\u00e4teabmessungen: 32x25x2 cm.<\/li>\n<li>Beutelabmessungen: 40x32x2,5 cm.<\/li>\n<li>Ma\u00dfe des Verpackungskartons: 39x26x8,3 cm.<\/li>\n<li>Garantie: 2 Jahre.<\/li>\n<\/ul>\n","protected":false},"excerpt":{"rendered":"<p><strong>MyMat wurde mit Antennen der neuesten Generation aktualisiert und mit Programmen f\u00fcr Tiere.<\/strong><\/p>\n<p>Die MyMat ist ein Ger\u00e4t welches pulsartige elektromagnetische Frequenzen produziert. Das Zusammenspiel der dynamisch therapeutischen Wellen stimmuliert die Zellen, wodurch die biologische Reizweiterleitung verbessert wird und der nat\u00fcrliche Selbstheilungsprozess des K\u00f6rpers angeregt wird.<\/p>\n<p><span id=\"result_box\" lang=\"de\" xml:lang=\"de\">M\u00f6glichkeit, es zu mieten (Fr. 50.00 \/ Woche) Kontaktieren Sie uns.<\/span><\/p>\n","protected":false},"featured_media":101536,"comment_status":"open","ping_status":"closed","template":"","meta":{"_acf_changed":false},"product_brand":[],"product_cat":[232],"product_tag":[],"class_list":{"0":"post-101551","1":"product","2":"type-product","3":"status-publish","4":"has-post-thumbnail","6":"product_cat-geraete-fuer-ihre-gesundheit","7":"product_shipping_class-pacco","9":"first","10":"instock","11":"shipping-taxable","12":"purchasable","13":"product-type-simple"},"acf":[],"_links":{"self":[{"href":"https:\/\/www.marah.ch\/de\/wp-json\/wp\/v2\/product\/101551","targetHints":{"allow":["GET"]}}],"collection":[{"href":"https:\/\/www.marah.ch\/de\/wp-json\/wp\/v2\/product"}],"about":[{"href":"https:\/\/www.marah.ch\/de\/wp-json\/wp\/v2\/types\/product"}],"replies":[{"embeddable":true,"href":"https:\/\/www.marah.ch\/de\/wp-json\/wp\/v2\/comments?post=101551"}],"wp:featuredmedia":[{"embeddable":true,"href":"https:\/\/www.marah.ch\/de\/wp-json\/wp\/v2\/media\/101536"}],"wp:attachment":[{"href":"https:\/\/www.marah.ch\/de\/wp-json\/wp\/v2\/media?parent=101551"}],"wp:term":[{"taxonomy":"product_brand","embeddable":true,"href":"https:\/\/www.marah.ch\/de\/wp-json\/wp\/v2\/product_brand?post=101551"},{"taxonomy":"product_cat","embeddable":true,"href":"https:\/\/www.marah.ch\/de\/wp-json\/wp\/v2\/product_cat?post=101551"},{"taxonomy":"product_tag","embeddable":true,"href":"https:\/\/www.marah.ch\/de\/wp-json\/wp\/v2\/product_tag?post=101551"}],"curies":[{"name":"wp","href":"https:\/\/api.w.org\/{rel}","templated":true}]}}