{"id":100967,"date":"2015-04-28T07:06:34","date_gmt":"2019-12-05T17:01:08","guid":{"rendered":"https:\/\/www.marah.ch\/?post_type=product&#038;p=100967"},"modified":"2019-12-18T16:19:10","modified_gmt":"2019-12-18T15:19:10","slug":"coppia-d-05","status":"publish","type":"product","link":"https:\/\/www.marah.ch\/de\/produkt\/coppia-d-05\/","title":{"rendered":"Paar Biomagnete D-05"},"content":{"rendered":"<\/p>\n<table style=\"height:23px;\" width=\"554\">\n<tbody>\n<tr>\n<td>\n<p><img decoding=\"async\" src=\"http:\/\/marah.ch\/img\/cms\/1.jpg\" alt=\"\" width=\"141\" height=\"45\"><\/p>\n<p><img decoding=\"async\" src=\"http:\/\/marah.ch\/img\/cms\/1.jpg\" alt=\"\" width=\"141\" height=\"45\"><\/p>\n<\/td>\n<td><span style=\"color:#000080;\"><span style=\"font-size:10pt;\"><img decoding=\"async\" src=\"http:\/\/marah.ch\/img\/cms\/brocca%20con%20d05%20blu_1.jpg\" alt=\"\" width=\"206\" height=\"206\"><\/span><\/span><\/td>\n<\/tr>\n<\/tbody>\n<\/table>\n<p><a href=\"http:\/\/marah.ch\/de\/content\/17-acqua-mista\" target=\"_blank\" rel=\"noopener\">F\u00fcr mehrere Infos \u00fcber Magnetisirtes gemischtes Wasser hier dr\u00fccken<\/a><\/p>\n<p><span style=\"color:#000080;\"><span style=\"font-size:10pt;\">\u00a0\u00a0\u00a0\u00a0\u00a0\u00a0\u00a0\u00a0\u00a0 <br \/><\/span><\/span><\/p>\n","protected":false},"excerpt":{"rendered":"<p>Biomagnete D-05 um gemischtes Wasser zu vorbereiten.<\/p>\n","protected":false},"featured_media":100928,"comment_status":"open","ping_status":"closed","template":"","meta":{"_acf_changed":false},"product_brand":[],"product_cat":[248],"product_tag":[],"class_list":{"0":"post-100967","1":"product","2":"type-product","3":"status-publish","4":"has-post-thumbnail","6":"product_cat-angebote","8":"first","9":"instock","10":"sale","11":"shipping-taxable","12":"purchasable","13":"product-type-simple"},"acf":[],"_links":{"self":[{"href":"https:\/\/www.marah.ch\/de\/wp-json\/wp\/v2\/product\/100967","targetHints":{"allow":["GET"]}}],"collection":[{"href":"https:\/\/www.marah.ch\/de\/wp-json\/wp\/v2\/product"}],"about":[{"href":"https:\/\/www.marah.ch\/de\/wp-json\/wp\/v2\/types\/product"}],"replies":[{"embeddable":true,"href":"https:\/\/www.marah.ch\/de\/wp-json\/wp\/v2\/comments?post=100967"}],"wp:featuredmedia":[{"embeddable":true,"href":"https:\/\/www.marah.ch\/de\/wp-json\/wp\/v2\/media\/100928"}],"wp:attachment":[{"href":"https:\/\/www.marah.ch\/de\/wp-json\/wp\/v2\/media?parent=100967"}],"wp:term":[{"taxonomy":"product_brand","embeddable":true,"href":"https:\/\/www.marah.ch\/de\/wp-json\/wp\/v2\/product_brand?post=100967"},{"taxonomy":"product_cat","embeddable":true,"href":"https:\/\/www.marah.ch\/de\/wp-json\/wp\/v2\/product_cat?post=100967"},{"taxonomy":"product_tag","embeddable":true,"href":"https:\/\/www.marah.ch\/de\/wp-json\/wp\/v2\/product_tag?post=100967"}],"curies":[{"name":"wp","href":"https:\/\/api.w.org\/{rel}","templated":true}]}}