{"id":100915,"date":"2015-04-28T07:06:34","date_gmt":"2015-04-28T05:06:34","guid":{"rendered":"https:\/\/www.marah.ch\/prodotto\/set-sottobottiglia\/"},"modified":"2021-05-09T13:01:49","modified_gmt":"2021-05-09T11:01:49","slug":"set-sottobottiglia","status":"publish","type":"product","link":"https:\/\/www.marah.ch\/de\/produkt\/set-sottobottiglia\/","title":{"rendered":"3 Flaschenuntersatz"},"content":{"rendered":"<div class=\"row\">\n<div id=\"center_column\" class=\"center_column col-xs-12 col-sm-12\">\n<div class=\"rte\">\n<h2 class=\"php-postheader\">Magnetisiertes Wasser<\/h2>\n<table style=\"height: 311px;\" width=\"1007\">\n<tbody>\n<tr>\n<td>\n<div><img fetchpriority=\"high\" decoding=\"async\" src=\"http:\/\/marah.ch\/img\/cms\/_mg_2636.jpg\" alt=\"2sottobottiglia\" width=\"200\" height=\"300\" \/><\/div>\n<\/td>\n<td>\n<div style=\"text-align: justify;\">Durch den Genuss von magnetisiertem Wasser\u00a0 k\u00f6nnen vielerlei Beschwerden g\u00fcnstig beeinflusst werden. Die Energie der Magnete gelangt mit der Fl\u00fcssigkeit in alle Teile des K\u00f6rpers, sie wirkt harntreibend, ist\u00a0<strong>leicht, mineralisiert und bildet keine Mikrokristalle,<\/strong>\u00a0die dem Organismus schaden k\u00f6nnten.<\/div>\n<div style=\"text-align: justify;\"><\/div>\n<div style=\"text-align: justify;\">Empfohlen wird der Genuss von mindestens 1 Lt. magnetisiertem Wasser t\u00e4glich, davon 1-2 Gl\u00e4ser auf n\u00fcchternen Magen.<\/div>\n<div>So aktiviert man<\/div>\n<div>&#8211; das Immunsystem,<\/div>\n<div>&#8211; reinigt den Verdauungstrakt,<\/div>\n<div>&#8211; entschlackt den K\u00f6rper von Toxinen,<\/div>\n<p>&#8211; kr\u00e4ftigt das Nervensystem, die Verdauung und den Blutkreislauf.<\/td>\n<\/tr>\n<\/tbody>\n<\/table>\n<div class=\"php-postcontent\">\n<div class=\"php-article\">\n<div>Auch \u00e4usserlich angewandt dient magnetisiertes Wasser zur Behandlung von Wunden, Ekzemen, schmerzenden Augen oder zum gurgeln bei Halsschmerzen.<\/div>\n<div><\/div>\n<div><strong><span style=\"color: #2c9ffd;\">Mit der blauen Flascenuntersatz:<\/span><\/strong><\/div>\n<div><\/div>\n<div>\n<p><strong>Einfluss auf Leber und Gallenblase:<\/strong>\u00a0Bei einer Kur mit magnetisiertem Wasser zeigt sich eine sp\u00fcrbare Verkleinerung des Lebervolumens und ein Abschwellen der Spannung des Oberbauchs \u00fcber der Gallenblase. Auch kann es zum Abgang von kleinen Gallensteinen durch den Darm kommen. Im Allgemeinen verschwinden die Steine im Laufe von 2-3 Monaten. Eine Ausnahme bilden allerdings die Harns\u00e4uresteine, die therapieresistent sind.<\/p>\n<p><strong>Einfluss auf die Nieren:<\/strong>\u00a0Bei einer erh\u00f6hten Wasserzufuhr w\u00e4chst auch das Volumen\u00a0 und die Nierensteine werden leichter gel\u00f6st und ausgeschieden.\u00a0 Bei schmerzhaften Abg\u00e4ngen sollte man den K\u00f6rper durch hom\u00f6opathische Behandlung und eventuelle Akupunktur unterst\u00fctzen.<\/p>\n<p><strong>Einfluss auf den Metabolismus:<\/strong>\u00a0(Harnstoff, Cholesterol, Zucker etc.) Von, w\u00e4hrend und nach einer Kur mit magnetisiertem Wasser kann man in vielen F\u00e4llen eine Normalisierung der Cholesterol und Harnstoffwerte feststellen.<\/p>\n<p><strong>Einfluss auf die Haut:<\/strong>\u00a0Im Falle von Dermatosen kann man eine deutliche Besserung durch die erh\u00f6hte Elimination von Toxinen feststellen.<\/p>\n<p><strong>Einfluss auf den Verdauungsapparat:<\/strong>\u00a0Durch das magnetisierte Wasser angeregt, reagiert die Gallenblase mit einer verst\u00e4rkten Peristaltik des Darms.<br \/>\nAuch im Fall von Magen \u2013 Darmst\u00f6rungen wie z.B. \u00dcbelkeit, Erbrechen, Bl\u00e4hungen und Verstopfung erreicht man gute Resultate.<\/p>\n<p><strong>Einfluss auf die neuro-hormonale Ordnung:<\/strong>\u00a0Es wurde festgestellt, dass der Tonus und die Elastizit\u00e4t der Lungen und des<br \/>\nMagens sich verbessert und auch eine allm\u00e4hliche Stabilisierung des Blutdrucks durch die Beeinflussung des hormonalen Systems erfolgt.<\/p>\n<p><strong>Einfluss auf Lunge und Bronchien:<\/strong>\u00a0Bei einem kombinierten Einsatz von Magneten und magnetisiertem Wasser erh\u00e4lt man sehr gute Resultate bei Asthma, Bronchitis und Lungenentz\u00fcndung. Eine bessere Durchblutung und erh\u00f6hte Sauerstoffversorgung des Organismus bringen gute Ergebnisse.<\/p>\n<p><strong>Einfluss auf das Bindegewebe:\u00a0<\/strong>Durch den Genuss von magnetisiertem Wasser erreicht man in ca. 2 \u2013 3\u00a0 Monaten eine sichtbare Reduzierung der Cellulitis und Fettsammlung in dem Gewebe. Die harntreibende Wirkung des Wassers erm\u00f6glicht eine allgemeine S\u00e4uberung des Organismus und kann den K\u00f6rper auf eventuelle hom\u00f6opathische Kuren vorbereiten.<\/p>\n<p>Anwendung:<br \/>\nBei einem t\u00e4glichen Konsum von 2-3 Lt.\u00a0<strong>magnetisiertem<\/strong>\u00a0<strong>Wasser<\/strong>\u00a0k\u00f6nnen in 8-10 Wochen Nieren oder Gallenblasensteine aufgel\u00f6st werden.<br \/>\nIm Falle von Harnverhalten trinke man jede \u00bd Stunde 50-100 g.\u00a0 magnetisiertes Wasser. Bei Fettleibigkeit und Cellulitis erh\u00e4lt man in wenigen Monaten gute Erfolge durch eine regelm\u00e4ssige Einnahme von 2-3 Ltr., magnetisiertem Wasser t\u00e4glich, erg\u00e4nzt durch eine personalisierte \u00e4rztliche Behandlung.<br \/>\nDie Kombination von\u00a0<strong>magnetisiertem<\/strong>\u00a0<strong>Wasser<\/strong>\u00a0und der Auflage von\u00a0<strong>Magneten<\/strong>\u00a0auf den kranken K\u00f6rperteil bringt im Falle von Arthrosen, Arthritis, R\u00fcckenschmerzen etc. Schmerzlinderung.<br \/>\n<strong>Gemischt<\/strong>\u00a0<strong>magnetisiertes<\/strong>\u00a0<strong>Wasser<\/strong>\u00a0(+ und -) erh\u00f6ht unser Wohlbefinden, lindert vor\u00fcbergehende Unp\u00e4sslichkeiten wie Kopfschmerzen, \u00dcbelkeit und Magenschmerzen.<br \/>\n<strong>Gemischt<\/strong>\u00a0<strong>magnetisiertes<\/strong>\u00a0<strong>Wasser<\/strong>\u00a0(mit negativem und positivem Pol behandelt) ist unserer Gesundheits zutr\u00e4glich und hilft bei vielen leichten Unp\u00e4sslichkeiten wie Kopfweh, Magenschmerzen und \u00dcbelkeit.<\/p>\n<\/div>\n<div><\/div>\n<div><\/div>\n<div>\n<p><span style=\"color: #218e53;\"><strong>Mit der gr\u00fcnen Flascenuntersatz:<\/strong><\/span><\/p>\n<table style=\"height: 23px;\" width=\"925\">\n<tbody>\n<tr>\n<td><img decoding=\"async\" src=\"http:\/\/marah.ch\/img\/cms\/_mg_2638.jpg\" alt=\"\" width=\"200\" height=\"300\" border=\"0\"><\/td>\n<td>Das\u00a0<strong>negativ<\/strong>\u00a0<strong>magnetisierte<\/strong>\u00a0<strong>Wasser<\/strong>\u00a0eignet sich auch f\u00fcr \u00e4ussere Anwendungen<\/p>\n<p>f\u00fcr feuchte Umschl\u00e4ge bei Hautprobleme<\/p>\n<p>bei Augenprobleme wie err\u00f6tete und m\u00fcde Augen<\/p>\n<p>zum gurgeln bei Halsschmerzen oder entz\u00fcndetes Zahnfleich.<\/p>\n<p>Trinken Sie davon 4 Gl\u00e4ser (4dl) negativ magnetisiertes Wasser um zahlreichen Unp\u00e4sslichkeiten vorzubeugen wie z.B.<\/td>\n<\/tr>\n<\/tbody>\n<\/table>\n<table border=\"0\" cellspacing=\"0\" cellpadding=\"0\">\n<tbody>\n<tr>\n<td height=\"2\"><\/td>\n<\/tr>\n<\/tbody>\n<\/table>\n<table style=\"height: 217px;\" border=\"0\" width=\"721\">\n<tbody>\n<tr>\n<td>Angina<\/td>\n<td>Herpes Labialis<\/td>\n<td>Psoriasis<\/td>\n<\/tr>\n<tr>\n<td>Arthrose<\/td>\n<td>Herzklopfen<\/td>\n<td>Rheumatoider<\/td>\n<\/tr>\n<tr>\n<td>Durchfall<\/td>\n<td>Hypertonie<\/td>\n<td>Schlaflosigkeit<\/td>\n<\/tr>\n<tr>\n<td>Ekzem<\/td>\n<td>Infektionen<\/td>\n<td>Stress<\/td>\n<\/tr>\n<tr>\n<td>Entz\u00fcndungen<\/td>\n<td>Insektenstiche<\/td>\n<td>Tendinitis<\/td>\n<\/tr>\n<tr>\n<td>Fieber<\/td>\n<td>Ischias<\/td>\n<td>Verdauung<\/td>\n<\/tr>\n<tr>\n<td>Grauer Star<\/td>\n<td>Konjuntivitis<\/td>\n<td>Verstauchungen<\/td>\n<\/tr>\n<tr>\n<td>Grippe<\/td>\n<td>Kopfschmerzen<\/td>\n<td>Zahnfleisch<\/td>\n<\/tr>\n<tr>\n<td>Halsschmerzen<\/td>\n<td>Leber<\/td>\n<td>Zahnschmerzen<\/td>\n<\/tr>\n<tr>\n<td>H\u00e4morrhoiden<\/td>\n<td>M\u00fcdigkeit<\/td>\n<td><\/td>\n<\/tr>\n<tr>\n<td>Hauterdrankungen<\/td>\n<td>Otitis<\/td>\n<td><\/td>\n<\/tr>\n<\/tbody>\n<\/table>\n<h3><strong><span style=\"color: #d0121a;\">Mit der roten Flaschenuntersatz<\/span><\/strong><\/h3>\n<\/div>\n<\/div>\n<\/div>\n<\/div>\n<\/div>\n<\/div>\n<div id=\"page\">\n<div class=\"footer-container\">\n<div class=\"row\">\n<p>Stellen Sie die Wasserflasche auf den roten Untersatz oder auf den positiven Pol eines Magneten.<\/p>\n<p>Trinken Sie 2 \u2013 4 dl\/Gl\u00e4ser positv magnetisiertes Wasser t\u00e4glich.<\/p>\n<p>Positiv magnetisiertes Wasser trinken stimuliert die Peristaltik bei chronischer Darmtr\u00e4gheit , st\u00e4rkt die Muskulatur und belebt den Kreislauf.<\/p>\n<p>&nbsp;<\/p>\n<\/div>\n<\/div>\n<\/div>\n<div style=\"color: #ffffff; width: 20px; height: 20px; font-family: arial, verdana; font-weight: normal; padding: 0px; margin: 0px; font-size: 14px; line-height: 22px; text-align: center; vertical-align: baseline;\">\u2022<\/div>\n<div style=\"color: #ffffff; width: 20px; height: 20px; font-family: arial, verdana; font-weight: normal; padding: 0px; margin: 0px; font-size: 18px; line-height: 22px; text-align: center; vertical-align: baseline;\">\u2022<\/div>\n<div style=\"color: #ffffff; width: 20px; height: 20px; font-family: arial, verdana; font-weight: normal; padding: 0px; margin: 0px; font-size: 18px; line-height: 22px; text-align: center; vertical-align: baseline;\">\u2022<\/div>\n<div style=\"color: #ffffff; width: 20px; height: 20px; font-family: arial, verdana; font-weight: normal; padding: 0px; margin: 0px; font-size: 10px; line-height: 22px; text-align: center; vertical-align: baseline;\">\u2022<\/div>\n<div style=\"color: #ffffff; width: 20px; height: 20px; font-family: arial, verdana; font-weight: normal; padding: 0px; margin: 0px; font-size: 10px; line-height: 22px; text-align: center; vertical-align: baseline;\">\u2022<\/div>\n<div style=\"color: #ffffff; width: 20px; height: 20px; font-family: arial, verdana; font-weight: normal; padding: 0px; margin: 0px; font-size: 12px; line-height: 22px; text-align: center; vertical-align: baseline;\">\u2022<\/div>\n<div style=\"color: #ffffff; width: 20px; height: 20px; font-family: arial, verdana; font-weight: normal; padding: 0px; margin: 0px; font-size: 18px; line-height: 22px; text-align: center; vertical-align: baseline;\">\u2022<\/div>\n<div style=\"color: #ffffff; width: 20px; height: 20px; font-family: arial, verdana; font-weight: normal; padding: 0px; margin: 0px; font-size: 16px; line-height: 22px; text-align: center; vertical-align: baseline;\">\u2022<\/div>\n<div style=\"color: #ffffff; width: 20px; height: 20px; font-family: arial, verdana; font-weight: normal; padding: 0px; margin: 0px; font-size: 12px; line-height: 22px; text-align: center; vertical-align: baseline;\">\u2022<\/div>\n<div style=\"color: #ffffff; width: 20px; height: 20px; font-family: arial, verdana; font-weight: normal; padding: 0px; margin: 0px; font-size: 10px; line-height: 22px; text-align: center; vertical-align: baseline;\">\u2022<\/div>\n<div style=\"color: #ffffff; width: 20px; height: 20px; font-family: arial, verdana; font-weight: normal; padding: 0px; margin: 0px; font-size: 12px; line-height: 22px; text-align: center; vertical-align: baseline;\">\u2022<\/div>\n<div style=\"color: #ffffff; width: 20px; height: 20px; font-family: arial, verdana; font-weight: normal; padding: 0px; margin: 0px; font-size: 16px; line-height: 22px; text-align: center; vertical-align: baseline;\">\u2022<\/div>\n<div style=\"color: #ffffff; width: 20px; height: 20px; font-family: arial, verdana; font-weight: normal; padding: 0px; margin: 0px; font-size: 14px; line-height: 22px; text-align: center; vertical-align: baseline;\">\u2022<\/div>\n<div style=\"color: #ffffff; width: 20px; height: 20px; font-family: arial, verdana; font-weight: normal; padding: 0px; margin: 0px; font-size: 16px; line-height: 22px; text-align: center; vertical-align: baseline;\">\u2022<\/div>\n<div style=\"color: #ffffff; width: 20px; height: 20px; font-family: arial, verdana; font-weight: normal; padding: 0px; margin: 0px; font-size: 16px; line-height: 22px; text-align: center; vertical-align: baseline;\">\u2022<\/div>\n<div style=\"color: #ffffff; width: 20px; height: 20px; font-family: arial, verdana; font-weight: normal; padding: 0px; margin: 0px; font-size: 16px; line-height: 22px; text-align: center; vertical-align: baseline;\">\u2022<\/div>\n<div style=\"color: #ffffff; width: 20px; height: 20px; font-family: arial, verdana; font-weight: normal; padding: 0px; margin: 0px; font-size: 12px; line-height: 22px; text-align: center; vertical-align: baseline;\">\u2022<\/div>\n<div style=\"color: #ffffff; width: 20px; height: 20px; font-family: arial, verdana; font-weight: normal; padding: 0px; margin: 0px; font-size: 10px; line-height: 22px; text-align: center; vertical-align: baseline;\">\u2022<\/div>\n<div style=\"color: #ffffff; width: 20px; height: 20px; font-family: arial, verdana; font-weight: normal; padding: 0px; margin: 0px; font-size: 20px; line-height: 22px; text-align: center; vertical-align: baseline;\">\u2022<\/div>\n<div style=\"color: #ffffff; width: 20px; height: 20px; font-family: arial, verdana; font-weight: normal; padding: 0px; margin: 0px; font-size: 18px; line-height: 22px; text-align: center; vertical-align: baseline;\">\u2022<\/div>\n<div style=\"color: #ffffff; width: 20px; height: 20px; font-family: arial, verdana; font-weight: normal; padding: 0px; margin: 0px; font-size: 20px; line-height: 22px; text-align: center; vertical-align: baseline;\">\u2022<\/div>\n<div style=\"color: #ffffff; width: 20px; height: 20px; font-family: arial, verdana; font-weight: normal; padding: 0px; margin: 0px; font-size: 10px; line-height: 22px; text-align: center; vertical-align: baseline;\">\u2022<\/div>\n<div style=\"color: #ffffff; width: 20px; height: 20px; font-family: arial, verdana; font-weight: normal; padding: 0px; margin: 0px; font-size: 16px; line-height: 22px; text-align: center; vertical-align: baseline;\">\u2022<\/div>\n<div style=\"color: #ffffff; width: 20px; height: 20px; font-family: arial, verdana; font-weight: normal; padding: 0px; margin: 0px; font-size: 18px; line-height: 22px; text-align: center; vertical-align: baseline;\">\u2022<\/div>\n","protected":false},"excerpt":{"rendered":"<p><span class=\"tlid-translation translation\"><span title=\"\">Set mit 3 Unterflaschen Ihrer Wahl.<\/span><\/span><span class=\"tlid-translation translation\">Weihnachtsabgebot bis 25. Dezember 2018<\/span><\/p>\n","protected":false},"featured_media":294971,"comment_status":"open","ping_status":"closed","template":"","meta":{"_acf_changed":false},"product_brand":[],"product_cat":[248,228],"product_tag":[],"class_list":{"0":"post-100915","1":"product","2":"type-product","3":"status-publish","4":"has-post-thumbnail","6":"product_cat-angebote","7":"product_cat-magnetisiertes-wasser","8":"product_shipping_class-pacco","9":"pa_setsottobottiglia-a2-2azzurrie1verdeerosso-de","10":"pa_setsottobottiglia-8b-2verdierossie1azzurro-de","11":"pa_setsottobottiglia-d1-3azzurri-de","12":"pa_setsottobottiglia-30-3verdierossi-de","14":"first","15":"instock","16":"sale","17":"shipping-taxable","18":"purchasable","19":"product-type-variable","20":"has-default-attributes"},"acf":[],"_links":{"self":[{"href":"https:\/\/www.marah.ch\/de\/wp-json\/wp\/v2\/product\/100915","targetHints":{"allow":["GET"]}}],"collection":[{"href":"https:\/\/www.marah.ch\/de\/wp-json\/wp\/v2\/product"}],"about":[{"href":"https:\/\/www.marah.ch\/de\/wp-json\/wp\/v2\/types\/product"}],"replies":[{"embeddable":true,"href":"https:\/\/www.marah.ch\/de\/wp-json\/wp\/v2\/comments?post=100915"}],"wp:featuredmedia":[{"embeddable":true,"href":"https:\/\/www.marah.ch\/de\/wp-json\/wp\/v2\/media\/294971"}],"wp:attachment":[{"href":"https:\/\/www.marah.ch\/de\/wp-json\/wp\/v2\/media?parent=100915"}],"wp:term":[{"taxonomy":"product_brand","embeddable":true,"href":"https:\/\/www.marah.ch\/de\/wp-json\/wp\/v2\/product_brand?post=100915"},{"taxonomy":"product_cat","embeddable":true,"href":"https:\/\/www.marah.ch\/de\/wp-json\/wp\/v2\/product_cat?post=100915"},{"taxonomy":"product_tag","embeddable":true,"href":"https:\/\/www.marah.ch\/de\/wp-json\/wp\/v2\/product_tag?post=100915"}],"curies":[{"name":"wp","href":"https:\/\/api.w.org\/{rel}","templated":true}]}}