{"id":100603,"date":"2015-04-28T07:05:44","date_gmt":"2015-04-28T05:05:44","guid":{"rendered":"https:\/\/www.marah.ch\/prodotto\/cosam-8000\/"},"modified":"2021-09-15T19:49:07","modified_gmt":"2021-09-15T17:49:07","slug":"cosam-8000","status":"publish","type":"product","link":"https:\/\/www.marah.ch\/de\/produkt\/cosam-8000\/","title":{"rendered":"Cosam 8000"},"content":{"rendered":"<p>Neodym-Magnet, in einem ABS-Kunststoff-Schale eingeschlossen.<\/p>\n<div style=\"text-align:justify;\">\n<div><span style=\"color:#d0121a;\">Rot = positive Seite.<\/span><\/div>\n<div>Tonifizierend, Sauer und stimulirend, Yang.<br \/>Die Krankheiten, die auf Vitaminmangel basieren, Verlust von Energie und Funktionsst\u00f6rungen sollten mit dem Pluspol (+) behandelt werden, unterstu\u0308zt und erleichtert die Harmonisierung der Energien.<br \/>Stimulierender Pol, bei missbrauch kann die Anwendung des positiven Pols Probleme aufbringen.<br \/>Es erh\u00f6ht die positiven Ionen und bewirkt die Senkung des Sauerstoffs in den Zellen, was zu einer u\u0308bers\u00e4uerungn neigen kann. Richtig gehandhabt unterstu\u0308tzt er die Arbeit des Minuspols, insbesondere bei Anwendung an Weichteilen.<br \/>Der positive Pol kann die Hypo Bedingung und Yin der meisten Organen verbessern. Beispielsweise unterstu\u0308tzt er bei der Verringerung des \u00d6dems der Kn\u00f6chel und der unteren Gliedma\u00dfen. Trauma mit kleinen H\u00e4matom und Entzu\u0308ndungen der Weichteile welche den Gelenken benachbart sind. Absolut nicht anzuwenden wenn das Trauma einer Entzu\u0308ndung Zuru\u0308ckzufolgen ist. Infektionen mu\u0308ssen immer mit der negativen Seite behandelt werden, weil die positive, die Ausbreitung von Mikroorganismen erh\u00f6hen kann.<\/div>\n<div><\/div>\n<div><\/div>\n<div><span style=\"color:#218e53;\">Gr\u00fcn = negative Seite.<\/span><br \/>Beruhigend, Alkalisierungsmittel, stellt die Integrit\u00e4t der Zelle und indirekt sauerstoffartig Yin. Entzu\u0308ndliche Erkrankungen, gewaltt\u00e4tig und sehr aktiv, mu\u0308ssen mit dem negativen Pol behandelt werden. Schmerzelinderd, f\u00f6rdert den Aufbau zu einem Zustand der Ruhe, K\u00e4lte, Entzu\u0308ndungshemmung, Erh\u00f6hung des negativen Ionen und Sauerstoff in den Zellen, die dazu neigt, den S\u00e4uregrad (pH-Gleichgewicht) zu verringern. In einem allgemeinen Sinne kann man sagen, dass sie alle Vorteile zur Verfu\u0308gung therapeutische Anwendung von Magneten fu\u0308r Menschen und fu\u0308r Tiere bietet. Wie ein Inhibitor der Schmerzen, auch chronische, zeigt interessante Aktionen, gilt auch fu\u0308r die Bek\u00e4mpfung von Infektionen und einen ruhigen Schlaf zu f\u00f6rdern, durch die Erh\u00f6hung der endogenen Produktion von Melatonin. Dieser Pol gleicht die Bedingungen oder hyper Yang der meisten Organe, hat die F\u00e4higkeit, das Wachstum bestimmter Hormone zu stimulieren, insbesondere durch die Stimulierung der Hypophyse und schlie\u00dflich eine sehr wichtige Rolle als Mittel zur Pr\u00e4vention.<br \/>Auch die Bedingungen das Hypo-oder Yin-Organe profitieren k\u00f6nnen, auch wenn langsamer als mit der Anwendung des positiven Pols, ist es vorzuziehen, in der Regel k\u00f6nnen der negative Pol Magnet besitzt eine Leistung oberhalb von etwa 600-850 Gauss<\/div>\n<div><\/div>\n<div><strong>Anwendungen:<\/strong><\/div>\n<div>auf die betroffenen Stellen mit einem Pflaster fixieren. Wir empfehlen eine halbe Stunde Stimulierung mehr mals pro Tag<\/div>\n<div><\/div>\n<div><span style=\"color:#d0121a;\">Nicht geeignet f\u00fcr Pace-maker Tr\u00e4ger<\/span><\/div>\n<\/p><\/div>\n","protected":false},"excerpt":{"rendered":"<p>Starke Magneten geeignet um akute und chronische Schmerzen zu lindern. Gr\u00f6\u00dfe: mm 20 mm x 3<\/p>\n<p>Messung auf der Oberfl\u00e4che 2500 Gauss<\/p>\n<table class=\"std table-product-discounts\" style=\"height:101px;\" width=\"185\">\n<tbody>\n<tr>\n<td><span style=\"color:#9b9b9b;\"><strong>Rabatt 10% ab\u00a0 3 St\u00fcck<\/strong><\/span><\/td>\n<\/tr>\n<tr>\n<td><span style=\"color:#9b9b9b;\"><strong><strong>Rabatt <\/strong>\u00a020% ab\u00a0 6 <strong>St\u00fcck<\/strong><br \/><\/strong><\/span><\/td>\n<\/tr>\n<tr>\n<td><span style=\"color:#9b9b9b;\"><strong><strong>Rabatt <\/strong>\u00a025%\u00a0<strong>ab 11 <strong>St\u00fcck<\/strong><br \/><\/strong><\/strong><\/span><\/td>\n<\/tr>\n<tr>\n<td><span style=\"color:#9b9b9b;\"><strong><strong>Rabatt <\/strong>\u00a030%\u00a0<strong>ab\u00a0 20 <strong>St\u00fcck<\/strong><br \/><\/strong><\/strong><\/span><\/td>\n<\/tr>\n<\/tbody>\n<\/table>\n","protected":false},"featured_media":100600,"comment_status":"open","ping_status":"closed","template":"","meta":{"_acf_changed":false},"product_brand":[],"product_cat":[220],"product_tag":[],"class_list":{"0":"post-100603","1":"product","2":"type-product","3":"status-publish","4":"has-post-thumbnail","6":"product_cat-biomagnete-marah","8":"first","9":"instock","10":"shipping-taxable","11":"purchasable","12":"product-type-simple"},"acf":[],"_links":{"self":[{"href":"https:\/\/www.marah.ch\/de\/wp-json\/wp\/v2\/product\/100603","targetHints":{"allow":["GET"]}}],"collection":[{"href":"https:\/\/www.marah.ch\/de\/wp-json\/wp\/v2\/product"}],"about":[{"href":"https:\/\/www.marah.ch\/de\/wp-json\/wp\/v2\/types\/product"}],"replies":[{"embeddable":true,"href":"https:\/\/www.marah.ch\/de\/wp-json\/wp\/v2\/comments?post=100603"}],"wp:featuredmedia":[{"embeddable":true,"href":"https:\/\/www.marah.ch\/de\/wp-json\/wp\/v2\/media\/100600"}],"wp:attachment":[{"href":"https:\/\/www.marah.ch\/de\/wp-json\/wp\/v2\/media?parent=100603"}],"wp:term":[{"taxonomy":"product_brand","embeddable":true,"href":"https:\/\/www.marah.ch\/de\/wp-json\/wp\/v2\/product_brand?post=100603"},{"taxonomy":"product_cat","embeddable":true,"href":"https:\/\/www.marah.ch\/de\/wp-json\/wp\/v2\/product_cat?post=100603"},{"taxonomy":"product_tag","embeddable":true,"href":"https:\/\/www.marah.ch\/de\/wp-json\/wp\/v2\/product_tag?post=100603"}],"curies":[{"name":"wp","href":"https:\/\/api.w.org\/{rel}","templated":true}]}}