{"id":100403,"date":"2015-04-28T07:05:44","date_gmt":"2015-04-28T05:05:44","guid":{"rendered":"https:\/\/www.marah.ch\/prodotto\/mini-set\/"},"modified":"2022-03-29T14:28:25","modified_gmt":"2022-03-29T12:28:25","slug":"mini-set","status":"publish","type":"product","link":"https:\/\/www.marah.ch\/de\/produkt\/mini-set\/","title":{"rendered":"Magnetopuntureset 10 Magnete"},"content":{"rendered":"<p style=\"text-align: justify;\"><span style=\"font-size: 10pt;\"><span style=\"font-family: verdana, geneva;\"><img decoding=\"async\" class=\" size-full wp-image-100402\" src=\"https:\/\/www.marah.ch\/wp-content\/uploads\/2015\/04\/cerottomaggrande-cerottomaggrande.png.png\" alt=\"cerottomaggrande.png\" width=\"77\" height=\"75\" border=\"0\" \/><\/span><\/span><\/p>\n<p>Dieses Paket mit 10\u00a0<strong>Magneten<\/strong>\u00a0Gold kann dazu dienen, die Menge der Reflexzonen des Gesichts (in einigen F\u00e4llen die mitgelieferten Magneten nicht ausreichen oder gehen verloren) oder dank der geringen Gr\u00f6\u00dfe zu vervollst\u00e4ndigen, werden verwendet, um starke Schmerzen in Bereichen behandeln, wo ein normaler Magnet w\u00e4re es umst\u00e4ndlich zu tragen.<\/p>\n<p>Gro\u00df f\u00fcr Magnetfeldtherapie.<\/p>\n<p>Die glatte Seite entspricht dem negativen Pol.<\/p>\n<p style=\"text-align: justify;\">\n","protected":false},"excerpt":{"rendered":"<p>H\u00fclle mit 10 kleine vergoldete Magneten, ideal f\u00fcr Reflexologie (Gesicht, F\u00fcsse, H\u00e4nde und Ohren) oder f\u00fcr Schmerzen an den Fingern<\/p>\n","protected":false},"featured_media":100384,"comment_status":"open","ping_status":"closed","template":"","meta":{"_acf_changed":false},"product_brand":[],"product_cat":[224,220],"product_tag":[],"class_list":{"0":"post-100403","1":"product","2":"type-product","3":"status-publish","4":"has-post-thumbnail","6":"product_cat-artikel-mit-magneten","7":"product_cat-biomagnete-marah","8":"product_shipping_class-pacco","10":"first","11":"instock","12":"shipping-taxable","13":"purchasable","14":"product-type-simple"},"acf":[],"_links":{"self":[{"href":"https:\/\/www.marah.ch\/de\/wp-json\/wp\/v2\/product\/100403","targetHints":{"allow":["GET"]}}],"collection":[{"href":"https:\/\/www.marah.ch\/de\/wp-json\/wp\/v2\/product"}],"about":[{"href":"https:\/\/www.marah.ch\/de\/wp-json\/wp\/v2\/types\/product"}],"replies":[{"embeddable":true,"href":"https:\/\/www.marah.ch\/de\/wp-json\/wp\/v2\/comments?post=100403"}],"wp:featuredmedia":[{"embeddable":true,"href":"https:\/\/www.marah.ch\/de\/wp-json\/wp\/v2\/media\/100384"}],"wp:attachment":[{"href":"https:\/\/www.marah.ch\/de\/wp-json\/wp\/v2\/media?parent=100403"}],"wp:term":[{"taxonomy":"product_brand","embeddable":true,"href":"https:\/\/www.marah.ch\/de\/wp-json\/wp\/v2\/product_brand?post=100403"},{"taxonomy":"product_cat","embeddable":true,"href":"https:\/\/www.marah.ch\/de\/wp-json\/wp\/v2\/product_cat?post=100403"},{"taxonomy":"product_tag","embeddable":true,"href":"https:\/\/www.marah.ch\/de\/wp-json\/wp\/v2\/product_tag?post=100403"}],"curies":[{"name":"wp","href":"https:\/\/api.w.org\/{rel}","templated":true}]}}