{"id":100375,"date":"2015-04-28T07:05:44","date_gmt":"2015-04-28T05:05:44","guid":{"rendered":"https:\/\/www.marah.ch\/prodotto\/maschera-occhi\/"},"modified":"2019-12-18T16:19:34","modified_gmt":"2019-12-18T15:19:34","slug":"maschera-occhi","status":"publish","type":"product","link":"https:\/\/www.marah.ch\/de\/produkt\/maschera-occhi\/","title":{"rendered":"Maschera occhi"},"content":{"rendered":"<p style=\"text-align:justify;\">Man ben\u00fctzt die Maske um die Magneten zu halten. In diesem Fall die Magnete auf den richtigen Punkte k\u00f6nnen ihre Sehverm\u00f6gen verbessern.<\/p>\n<p style=\"text-align:justify;\"><img fetchpriority=\"high\" decoding=\"async\" class=\" size-full wp-image-100370\" src=\"https:\/\/www.marah.ch\/wp-content\/uploads\/2015\/04\/mascheraocchiconmagneti.jpg\" alt=\"\" width=\"300\" height=\"168\"><\/p>\n<p>Tragen Sie die Maske auf die Augen, diie Magnete m\u00fcssen die\u00a0 empfohlenen Punkten ber\u00fchren.<\/p>\n<p>Die Maske mit den Magneten auf dem Auge f\u00fcr 10 Minuten,\u00a0 2 bis 3 mal pro Tag,\u00a0 je nach Bedarf.<\/p>\n<p><img decoding=\"async\" class=\" size-full wp-image-100374\" style=\"float:left;margin:5px;\" src=\"https:\/\/www.marah.ch\/wp-content\/uploads\/2015\/04\/vista-vista.jpg\" alt=\"vista\" width=\"300\" height=\"391\" border=\"0\" srcset=\"https:\/\/www.marah.ch\/wp-content\/uploads\/2015\/04\/vista-vista.jpg 345w, https:\/\/www.marah.ch\/wp-content\/uploads\/2015\/04\/vista-vista-300x391.jpg 300w\" sizes=\"(max-width: 300px) 100vw, 300px\" \/><\/p>\n","protected":false},"excerpt":{"rendered":"<p>Questa mascherina non ha magneti.E&#8217;stata studiata per poter fissare dei magnetini sui punti riflessi per migliorare la salute dei vostri occhi.<\/p>\n","protected":false},"featured_media":100348,"comment_status":"open","ping_status":"closed","template":"","meta":{"_acf_changed":false},"product_brand":[],"product_cat":[224],"product_tag":[],"class_list":{"0":"post-100375","1":"product","2":"type-product","3":"status-publish","4":"has-post-thumbnail","6":"product_cat-artikel-mit-magneten","8":"first","9":"instock","10":"shipping-taxable","11":"purchasable","12":"product-type-simple"},"acf":[],"_links":{"self":[{"href":"https:\/\/www.marah.ch\/de\/wp-json\/wp\/v2\/product\/100375","targetHints":{"allow":["GET"]}}],"collection":[{"href":"https:\/\/www.marah.ch\/de\/wp-json\/wp\/v2\/product"}],"about":[{"href":"https:\/\/www.marah.ch\/de\/wp-json\/wp\/v2\/types\/product"}],"replies":[{"embeddable":true,"href":"https:\/\/www.marah.ch\/de\/wp-json\/wp\/v2\/comments?post=100375"}],"wp:featuredmedia":[{"embeddable":true,"href":"https:\/\/www.marah.ch\/de\/wp-json\/wp\/v2\/media\/100348"}],"wp:attachment":[{"href":"https:\/\/www.marah.ch\/de\/wp-json\/wp\/v2\/media?parent=100375"}],"wp:term":[{"taxonomy":"product_brand","embeddable":true,"href":"https:\/\/www.marah.ch\/de\/wp-json\/wp\/v2\/product_brand?post=100375"},{"taxonomy":"product_cat","embeddable":true,"href":"https:\/\/www.marah.ch\/de\/wp-json\/wp\/v2\/product_cat?post=100375"},{"taxonomy":"product_tag","embeddable":true,"href":"https:\/\/www.marah.ch\/de\/wp-json\/wp\/v2\/product_tag?post=100375"}],"curies":[{"name":"wp","href":"https:\/\/api.w.org\/{rel}","templated":true}]}}