{"id":100311,"date":"2015-04-28T07:05:44","date_gmt":"2015-04-28T05:05:44","guid":{"rendered":"https:\/\/www.marah.ch\/prodotto\/magnete-d-025\/"},"modified":"2021-06-27T11:20:24","modified_gmt":"2021-06-27T09:20:24","slug":"magnete-d-025","status":"publish","type":"product","link":"https:\/\/www.marah.ch\/de\/produkt\/magnete-d-025\/","title":{"rendered":"Biomagnet D-025"},"content":{"rendered":"<div style=\"text-align:justify;\">\n<p>Magnet aus Ferrit in einem ABS-Kunststoff-Schale eingeschlossen.<\/p>\n<p>Schwarz = positive Seite.<\/p>\n<p>Weiss= negative Seite.<\/p>\n<p> <span style=\"font-size:10pt;\"><span style=\"font-family:verdana, geneva;\"><br \/><\/span><\/span><\/div>\n<div style=\"text-align:justify;\">\n<p><img decoding=\"async\" class=\" size-full wp-image-100310\" src=\"https:\/\/www.marah.ch\/wp-content\/uploads\/2015\/04\/D25.png\" alt=\"\" width=\"69\" height=\"74\"><\/p>\n<p>Schwarz = positive Seite. Tonifizierend, Sauer und stimulirend, Yang.<\/p>\n<p>Weiss= negative Seite. Beruhigend, Alkalisierungmittel, stellt die Intergrit\u00e4t der Zelle und indirekt sauerstoffartig Yin. Schwerzlindernd, f\u00f6rdert den Aufbau zu einem Zustand der Ruhe, K\u00e4lte, Entz\u00fcndungshemmung.<\/p>\n<p>Es wird bei direkter Anwendung auf einen Schmerz, eine Wunde, eine Narbe oder eine energetische Massage der Aura oder Meridiane angewendet.<\/p>\n<p>Seine Gr\u00f6sse erleichtert sowohl die energestische Massage als auch die Anwendung bei ausgedehnten Wundern oder Narben.<\/p>\n<p>Bei Schlaflosigkeit wird der negative Pol auf die Stirn geleft.<\/p>\n<p>Es wird auch verwendet, um Angst oder Stress zu beruhigen, es ist auf dem Brustbein positioniert, (die Frauen legen es in den BH, zwischen die Br\u00fcste, die M\u00e4nner h\u00e4ngen es an einer kette oder einer Schnur)<\/p>\n<\/p>\n<p><strong><span style=\"color:#d0121a;\">Nicht geeignet f\u00fcr Pace Maker Tr\u00e4ger<\/span><\/strong><\/p>\n<\/p><\/div>\n","protected":false},"excerpt":{"rendered":"<p>Magnet mit zahrter Aktion, geeignet f\u00fcr Massage. Messung cm 6 x cmmm 2.5 x cm 1.<\/p>\n<p>Guass auf der Oberfl\u00e4che 750<\/p>\n<table class=\"std table-product-discounts\" style=\"height:86px;\" width=\"191\">\n<tbody>\n<tr>\n<td><span style=\"color:#9b9b9b;\"><strong>Rabatt 10% ab\u00a0 3 <strong><strong>St\u00fcck<\/strong><\/strong><br \/><\/strong><\/span><\/td>\n<\/tr>\n<tr>\n<td><span style=\"color:#9b9b9b;\"><strong><strong>Rabatt<\/strong>\u00a015% ab\u00a0 6 <strong><strong>St\u00fcck<\/strong><\/strong><br \/><\/strong><\/span><\/td>\n<\/tr>\n<tr>\n<td><span style=\"color:#9b9b9b;\"><strong><strong>Rabatt<\/strong>\u00a020%\u00a0<strong>ab\u00a0 11 <strong><strong>St\u00fcck<\/strong><\/strong><br \/><\/strong><\/strong><\/span><\/td>\n<\/tr>\n<tr>\n<td><span style=\"color:#9b9b9b;\"><strong><strong>Rabatt<\/strong>\u00a030%\u00a0<strong>ab\u00a0 20 St\u00fcck<\/strong><\/strong><\/span><\/td>\n<\/tr>\n<\/tbody>\n<\/table>\n","protected":false},"featured_media":100304,"comment_status":"open","ping_status":"closed","template":"","meta":{"_acf_changed":false},"product_brand":[],"product_cat":[220],"product_tag":[],"class_list":{"0":"post-100311","1":"product","2":"type-product","3":"status-publish","4":"has-post-thumbnail","6":"product_cat-biomagnete-marah","8":"first","9":"instock","10":"shipping-taxable","11":"purchasable","12":"product-type-simple"},"acf":[],"_links":{"self":[{"href":"https:\/\/www.marah.ch\/de\/wp-json\/wp\/v2\/product\/100311","targetHints":{"allow":["GET"]}}],"collection":[{"href":"https:\/\/www.marah.ch\/de\/wp-json\/wp\/v2\/product"}],"about":[{"href":"https:\/\/www.marah.ch\/de\/wp-json\/wp\/v2\/types\/product"}],"replies":[{"embeddable":true,"href":"https:\/\/www.marah.ch\/de\/wp-json\/wp\/v2\/comments?post=100311"}],"wp:featuredmedia":[{"embeddable":true,"href":"https:\/\/www.marah.ch\/de\/wp-json\/wp\/v2\/media\/100304"}],"wp:attachment":[{"href":"https:\/\/www.marah.ch\/de\/wp-json\/wp\/v2\/media?parent=100311"}],"wp:term":[{"taxonomy":"product_brand","embeddable":true,"href":"https:\/\/www.marah.ch\/de\/wp-json\/wp\/v2\/product_brand?post=100311"},{"taxonomy":"product_cat","embeddable":true,"href":"https:\/\/www.marah.ch\/de\/wp-json\/wp\/v2\/product_cat?post=100311"},{"taxonomy":"product_tag","embeddable":true,"href":"https:\/\/www.marah.ch\/de\/wp-json\/wp\/v2\/product_tag?post=100311"}],"curies":[{"name":"wp","href":"https:\/\/api.w.org\/{rel}","templated":true}]}}