{"id":294108,"date":"2019-04-03T16:31:04","date_gmt":"2019-04-03T16:31:04","guid":{"rendered":"https:\/\/www.marah.ch\/blog\/"},"modified":"2026-04-01T10:17:46","modified_gmt":"2026-04-01T08:17:46","slug":"blog","status":"publish","type":"page","link":"https:\/\/www.marah.ch\/de\/blog\/","title":{"rendered":"Blog"},"content":{"rendered":"\t\t<div data-elementor-type=\"wp-post\" data-elementor-id=\"294108\" class=\"elementor elementor-294108 elementor-14\" data-elementor-post-type=\"page\">\n\t\t\t\t\t\t<section class=\"elementor-section elementor-top-section elementor-element elementor-element-e1bedcf elementor-section-boxed elementor-section-height-default elementor-section-height-default\" data-id=\"e1bedcf\" data-element_type=\"section\" data-e-type=\"section\" data-settings=\"{&quot;jet_parallax_layout_list&quot;:[]}\">\n\t\t\t\t\t\t<div class=\"elementor-container elementor-column-gap-default\">\n\t\t\t\t\t<div class=\"elementor-column elementor-col-33 elementor-top-column elementor-element elementor-element-74b5508\" data-id=\"74b5508\" data-element_type=\"column\" data-e-type=\"column\">\n\t\t\t<div class=\"elementor-widget-wrap elementor-element-populated\">\n\t\t\t\t\t\t<div class=\"elementor-element elementor-element-0feedd3 elementor-widget elementor-widget-heading\" data-id=\"0feedd3\" data-element_type=\"widget\" data-e-type=\"widget\" data-widget_type=\"heading.default\">\n\t\t\t\t<div class=\"elementor-widget-container\">\n\t\t\t\t\t<h2 class=\"elementor-heading-title elementor-size-default\">Blog<br><\/h2>\t\t\t\t<\/div>\n\t\t\t\t<\/div>\n\t\t\t\t\t<\/div>\n\t\t<\/div>\n\t\t\t\t<div class=\"elementor-column elementor-col-66 elementor-top-column elementor-element elementor-element-af5d7d0\" data-id=\"af5d7d0\" data-element_type=\"column\" data-e-type=\"column\">\n\t\t\t<div class=\"elementor-widget-wrap\">\n\t\t\t\t\t\t\t<\/div>\n\t\t<\/div>\n\t\t\t\t\t<\/div>\n\t\t<\/section>\n\t\t\t\t<section class=\"elementor-section elementor-top-section elementor-element elementor-element-48c8246 elementor-section-boxed elementor-section-height-default elementor-section-height-default\" data-id=\"48c8246\" data-element_type=\"section\" data-e-type=\"section\" data-settings=\"{&quot;jet_parallax_layout_list&quot;:[]}\">\n\t\t\t\t\t\t<div class=\"elementor-container elementor-column-gap-default\">\n\t\t\t\t\t<div class=\"elementor-column elementor-col-100 elementor-top-column elementor-element elementor-element-5f837ce\" data-id=\"5f837ce\" data-element_type=\"column\" data-e-type=\"column\">\n\t\t\t<div class=\"elementor-widget-wrap elementor-element-populated\">\n\t\t\t\t\t\t<div class=\"elementor-element elementor-element-6e56b0a elementor-widget elementor-widget-text-editor\" data-id=\"6e56b0a\" data-element_type=\"widget\" data-e-type=\"widget\" data-widget_type=\"text-editor.default\">\n\t\t\t\t<div class=\"elementor-widget-container\">\n\t\t\t\t\t\t\t\t\t<p><strong>La magnetoterapia<\/strong><\/p><p>Il magnete o la calamita sono conosciuti da molti come oggetto decorativo da attaccare sui frigoriferi o come ferma carte sulla lavagnetta magnetica. In realt\u00e0 pochi sanno che i magneti (con potenze specifiche) sono usati per alleviare dolori e contribuire al benessere. Infatti, venivano usati da diverse culture attraverso i secoli come rimedio lenitivo.<\/p><p>Nell&#8217;antichit\u00e0 la magnetoterapia era usata come metodo di guarigione da egizi, cinesi e indiani. Ci sono testimonianze che risalgono al 2000 a.C., mentre in Occidente, nel XVII secolo ci fu il grande Paracelso (Famoso alchimista e fisico svizzero) che diffuse l\u2019utilizzo del magnete in diverse terapie. Pi\u00f9 tardi nel 1879, durante il suo lavoro di tesi di dottorato, il fisico Dottor Edwin Hall ricre\u00f2 artificialmente un campo magnetico terrestre. Egli dimostr\u00f2 le propriet\u00e0 benefiche, antidolorifiche e cicatrizzanti del magnete e il miglioramento del metabolismo delle cellule della parte interessata, guadagnandosi cos\u00ec una cattedra come professore ad Harward, Stati Uniti.\u00a0Oggi la magnetoterapia \u00e8 riconosciuta in Svizzera come terapia olistica in naturopatia.\u00a0<\/p><p>Il magnete si presenta come una moneta o come una tavoletta, in passato la sua composizione era di magnetite, un minerale composto per il 72% di ferrite capace di immagazzinare il campo magnetico terrestre e diventare lui stesso un magnete. Oggi i magneti usati per le terapie sono composti da diverse leghe di metalli e caricati con una determinata forza magnetica, la cui unit\u00e0 di misura \u00e8 il Gauss.<\/p><p>La terra \u00e8 considerata come una gigantesca calamita, con un potere magnetico debole e due poli, positivo e negativo che sono rispettivamente Nord e Sud. La forza del campo magnetico oscilla tra 0.3 e 0.47 Gauss alla superfice. Il magnetismo terrestre cambia secondo le oscillazioni del campo magnetico solare che si presenta diverso per zone: il momento della giornata, le stagioni e le regioni geografiche. Queste oscillazioni possono variare anche di quaranta volte.<\/p><p>Il campo magnetico terrestre \u00e8 uno degli aspetti naturali grazie ai quali la vita sulla terra \u00e8 possibile. Per spiegare questa necessit\u00e0 vi faccio un esempio. In alcune spedizioni nello spazio \u00e8 stato rivelato che alcuni cosmonauti, al loro ritorno sulla terra soffrivano di disturbi psichiatrici, difetti di assimilazione del calcio e vari disturbi fisiologici. Infatti, una ricerca condotta dalla NASA ha dimostrato che gli astronauti, privati del campo magnetico terrestre, hanno sviluppato seri problemi di salute. Questi avrebbero potuto essere prevenuti se fosse stato applicato un campo magnetico artificiale all\u2019interno delle navicelle spaziali.\u00a0<\/p><p><strong>In cosa consiste la magnetoterapia?<\/strong><\/p><p>La magnetoterapia \u00e8 una pratica che utilizza le polarit\u00e0 del magnete a scopi terapeutici.<\/p><p>Una malattia comporta l\u2019alterazione dello stato del corpo, di cui il bioritmo degli organi \u00e8 disturbato. Il campo magnetico usato nella terapia con i magneti non elimina i sintomi ma piuttosto aumenta la vitalit\u00e0 degli atomi, degli enzimi, delle cellule e di conseguenza degli organi. Abbiamo appreso che molte disfunzioni subentrano quando viene a mancare un equilibrio nel campo magnetico. L\u2019applicazione di un biomagnete permanente permette di ristabilire tale equilibrio.\u00a0<\/p><p>Per dare un esempio, la mancanza di una buona ossigenazione del sangue genera disfunzioni che vengono percepite come dolori. L\u2019aumento dell\u2019ossigenazione del sangue con l\u2019aiuto dei biomagneti pu\u00f2 agire sull\u2019attenuazione del dolore, l\u2019aumento dell\u2019eliminazione di tossine, il miglioramento del metabolismo, la ricostruzione dei tessuti, l\u2019attivazione delle cellule, dei nervi, delle ghiandole e molto altro.\u00a0<\/p><p><strong>I poli positivi e negativi<\/strong><\/p><p>Il polo negativo, anche visto come Yin o polo Sud, aumenta il tenore di ioni negativi e d\u2019ossigeno nelle cellule, diminuendo cos\u00ec l\u2019acidit\u00e0. Questo, attraverso la produzione endogena di melatonina, inibisce il dolore, anche cronico, aiuta a combattere infezioni e favorisce un sonno tranquillo.\u00a0<\/p><p>Il polo positivo invece, Yang o polo Nord, aumenta il numero di ioni positivi e diminuisce indirettamente l\u2019ossigeno nelle cellule tendendo ad acidificare. Seguendo una terapia raccomandata pu\u00f2 essere usato per incrementare il lavoro del polo negativo. Il polo positivo favorisce la tonificazione di pelle e muscoli. Con applicazioni brevi \u00e8 possibile ridurre infiammazioni e edemi recenti, provocati da distorsioni e piccoli traumi.\u00a0<\/p><p><strong>La magnetoterapia in Svizzera<\/strong><\/p><p>Il Dottor Walter Stark era un ingegnere chimico con dottorato in scienze naturali al politecnico di Zurigo, dopo i suoi studi ha dedicato la sua vita alla ricerca, cercando di dimostrare scientificamente valide pratiche alternative di misurazione e di cura, tra cui la magnetoterapia. Nel 1970 il Dottor Stark fond\u00f2 la ditta Marah a Magliaso (Ticino), impresa familiare con la quale sponsorizzava, produceva e vendeva magneti ed altri apparecchi per la salute.\u00a0<\/p><p>Dopo la scomparsa del Dottor Stark il, figlio Cedric continu\u00f2 l\u2019attivit\u00e0, passandola poi a sua moglie Rita che da pi\u00f9 di vent\u2019anni lavora per tenere vivo il valore della magnetoterapia.<\/p><p>Con questo articolo vi ho brevemente presentato la magnetoterapia, la sua storia e la storia della mia famiglia. Mio nonno inizi\u00f2 un progetto impegnativo e molto interessante. Oggi mia mamma con entusiasmo si impegna per far conoscere questo semplice ed efficace metodo di cura, che aiuta a mantenere il giusto equilibrio fra la terra e il nostro corpo.<\/p><p>Se siete interessati ad approfondire quest\u2019argomento potete visitare il nostro sito web\u00a0<a href=\"https:\/\/www.marah.ch\">www.marah.ch<\/a>\u00a0o contattarci tramite e-mail all\u2019indirizzo\u00a0<a href=\"mailto:info@marah.ch\">info@marah.ch<\/a>.\u00a0<\/p><p>Autrice: Giada Stark<\/p>\t\t\t\t\t\t\t\t<\/div>\n\t\t\t\t<\/div>\n\t\t\t\t<div class=\"elementor-element elementor-element-53daa11 elementor-widget elementor-widget-image\" data-id=\"53daa11\" data-element_type=\"widget\" data-e-type=\"widget\" data-widget_type=\"image.default\">\n\t\t\t\t<div class=\"elementor-widget-container\">\n\t\t\t\t\t\t\t\t\t\t\t\t\t\t\t<img decoding=\"async\" width=\"150\" height=\"150\" src=\"https:\/\/www.marah.ch\/wp-content\/uploads\/2026\/04\/Walter-150x150.jpg\" class=\"attachment-thumbnail size-thumbnail wp-image-297491\" alt=\"\" srcset=\"https:\/\/www.marah.ch\/wp-content\/uploads\/2026\/04\/Walter-150x150.jpg 150w, https:\/\/www.marah.ch\/wp-content\/uploads\/2026\/04\/Walter-500x500.jpg 500w, https:\/\/www.marah.ch\/wp-content\/uploads\/2026\/04\/Walter-100x100.jpg 100w\" sizes=\"(max-width: 150px) 100vw, 150px\">\t\t\t\t\t\t\t\t\t\t\t\t\t\t\t<\/div>\n\t\t\t\t<\/div>\n\t\t\t\t\t<\/div>\n\t\t<\/div>\n\t\t\t\t\t<\/div>\n\t\t<\/section>\n\t\t\t\t<\/div>\n\t\t","protected":false},"excerpt":{"rendered":"<p>Blog La magnetoterapia Il magnete o la calamita sono conosciuti da molti come oggetto decorativo da attaccare sui frigoriferi o come ferma carte sulla lavagnetta magnetica. In realt\u00e0 pochi sanno che i magneti (con potenze specifiche) sono usati per alleviare dolori e contribuire al benessere. Infatti, venivano usati da diverse culture attraverso i secoli come [&hellip;]<\/p>\n","protected":false},"author":1,"featured_media":0,"parent":0,"menu_order":0,"comment_status":"closed","ping_status":"closed","template":"elementor_header_footer","meta":{"_acf_changed":false,"footnotes":""},"class_list":["post-294108","page","type-page","status-publish","hentry"],"acf":[],"_links":{"self":[{"href":"https:\/\/www.marah.ch\/de\/wp-json\/wp\/v2\/pages\/294108","targetHints":{"allow":["GET"]}}],"collection":[{"href":"https:\/\/www.marah.ch\/de\/wp-json\/wp\/v2\/pages"}],"about":[{"href":"https:\/\/www.marah.ch\/de\/wp-json\/wp\/v2\/types\/page"}],"author":[{"embeddable":true,"href":"https:\/\/www.marah.ch\/de\/wp-json\/wp\/v2\/users\/1"}],"replies":[{"embeddable":true,"href":"https:\/\/www.marah.ch\/de\/wp-json\/wp\/v2\/comments?post=294108"}],"version-history":[{"count":3,"href":"https:\/\/www.marah.ch\/de\/wp-json\/wp\/v2\/pages\/294108\/revisions"}],"predecessor-version":[{"id":297499,"href":"https:\/\/www.marah.ch\/de\/wp-json\/wp\/v2\/pages\/294108\/revisions\/297499"}],"wp:attachment":[{"href":"https:\/\/www.marah.ch\/de\/wp-json\/wp\/v2\/media?parent=294108"}],"curies":[{"name":"wp","href":"https:\/\/api.w.org\/{rel}","templated":true}]}}