{"id":109882,"date":"2015-04-21T12:09:19","date_gmt":"2015-04-21T10:09:19","guid":{"rendered":"https:\/\/www.marah.ch\/prevenzione-e-integrazione\/"},"modified":"2015-04-21T12:09:19","modified_gmt":"2015-04-21T10:09:19","slug":"prevenzione-e-integrazione","status":"publish","type":"page","link":"https:\/\/www.marah.ch\/de\/prevenzione-e-integrazione\/","title":{"rendered":"Pr\u00e4vention und Integration"},"content":{"rendered":"<div class=\"rte\">\n<h2 class=\"php-postheader\">Pr\u00e4vention und Integration<\/h2>\n<div class=\"php-postcontent\">\n<div class=\"php-article\">\n<p>\u00a0<\/p>\n<div>Realisieren die degenerativen Prozesse der K\u00f6rpersysteme und Lokomotiven in Full-Service, ohne Grenzen, nach den folgenden Bereichen:<\/div>\n<div><\/div>\n<div>\u2022 Die Stimulation der Selbstwiederherstellung des K\u00f6rpers f\u00fcr die Wiederherstellung von Knochenbr\u00fcchen und anderen Knochenst\u00f6rungen Ursprungs;<\/div>\n<div>\u2022 Verbesserung der Gef\u00fchle der pers\u00f6nlichen Komfort;<\/div>\n<div>\u2022 Wiederherstellung der K\u00f6rperfunktionen in Zeiten der schlechten Verdauung und Assimilation, ihre Probleme;<\/div>\n<div>\u2022 Support Anti-Aging w\u00e4hrend der Prozesse der Bioinformatik Aktivit\u00e4ten des Organismus;<\/div>\n<div>\u2022 Um die Wirkung von Antioxidantien und Vitaminen zu intensivieren;<\/div>\n<div>\u2022 Erleichterung k\u00f6rperlicher harmonische Entwicklung im Alter des Kindes &#8211; die Ger\u00e4te angewendet werden, w\u00e4hrend die Kinder schlafen;<\/div>\n<div>\u2022 Hilfe als Schmerzmittel im Allgemeinen;<\/div>\n<div>\u2022 Beihilfen unter den Bedingungen der chronischen Schmerzen wie Kopfschmerzen, Gelenkschmerzen;<\/div>\n<div>\u2022 Unterst\u00fctzung f\u00fcr die Regeneration nach dem Trauma oder Operationen;<\/div>\n<div>\u2022 Optimierung der Atemfunktion;<\/div>\n<div>\u2022 Reinigung der Atemwege Bei Blockade;<\/div>\n<div>\u2022 Erh\u00f6hung der Erm\u00fcdung der Augen und Erleichterung auf die Entspannung der Muskeln w\u00e4hrend der \u00dcbung;<\/div>\n<div>\u2022 Verringerung der Muskelerm\u00fcdung nach dem Training;<\/div>\n<div>\u2022 Erh\u00f6hte t\u00e4gliche sportliche Aktivit\u00e4ten (Ausbildung mehr mit weniger Aufwand).<\/div>\n<div><\/div>\n<div><\/div>\n<p> Integration: <\/p>\n<div>Er schlie\u00dft sich der Biophysik moderrna und die alten Methoden der Medizin:<\/div>\n<div><\/div>\n<div>Akupunktur aus f\u00fcnf Elementen, Meridiane und Chakren auf die folgenden Punkte, Therapie, (aber nicht beschr\u00e4nkt auf): Das appicazione wird insbesondere auf gewidmet:<\/div>\n<div>\u2022 St\u00f6rungen Sch\u00e4tzungen in der T\u00e4tigkeit der Organe und Gewebe von f\u00fcnf Elementen gesteuert: Holz, Feuer, Erde, Metall, Wasser;<\/div>\n<div>\u2022 Harmonisierung der emotionalen Verhaltensweisen der f\u00fcnf Elemente;<\/div>\n<div>\u2022 Umleiten Meridiani;<\/div>\n<div>\u2022 Steigern Sie die Effizienz der Chakras;<\/div>\n<div>\u2022 Adresse des nicht Gleichgewicht von Yin und Yang;<\/div>\n<div>\u2022 Es hilft den Menschen &#8222;nicht praktikabel&#8220; zur Meditation durchzuf\u00fchren;<\/div>\n<div>\u2022 In der Meditation hilft bei der Inlandfahrt und tief;<\/div>\n<div><\/div>\n<div>und auch &#8230;&#8230;.<\/div>\n<div><\/div>\n<div><\/div>\n<p> Entspannung: <\/p>\n<div>Es hilft, Stimmungsschwankungen und zu Aggressionen in den folgenden F\u00e4llen zu vermeiden:<\/div>\n<div>\u2022 L\u00f6sen Sie physischen und psychischen Problemen, Emotionen repressiver stehen;<\/div>\n<div>\u2022 Entfernung von Engrammen elektromagnetische dr\u00fcckte Emotionen;<\/div>\n<div>\u2022 Aids im Fall von akuten Frustration;<\/div>\n<div>\u2022 Hilft halten Licht und gute Laune, Balancieren emotionale Zust\u00e4nde \/ mental in Zeiten von Schwierigkeiten;<\/div>\n<div>\u2022 Hilfsmittel f\u00fcr die Behandlung von Depressionen;<\/div>\n<div><\/div>\n<div><\/div>\n<p> Kapazit\u00e4t: <\/p>\n<div>Es hilft, Situationen mit mehr Kraft und Energie in den folgenden F\u00e4llen zu adressieren:<\/div>\n<div>\u2022 Es hilft, Bewegungen zu koordinieren, wie nach schweren Wunden \/ Verletzungen<\/div>\n<div>\u2022 Unterst\u00fctzung von Menschen zu h\u00e4ufigen Kopfschmerzen;<\/div>\n<div>\u2022 Es hilft, wichtige Entscheidungen zu treffen;<\/div>\n<div>\u2022 Es hilft in schwierigen Situationen (wenn niemand wei\u00df, zu sagen &#8222;Nein&#8220;);<\/div>\n<div>\u2022 Erh\u00f6hen Sie die Motivation;<\/div>\n<div>\u2022 Es hilft, emotionale Blockaden zu entfernen;<\/div>\n<div>\u2022 Wird w\u00e4hrend der Untersuchung oder Gesch\u00e4ftssituationen sehr anstrengend;<\/div>\n<div>\u2022 Erh\u00f6hung der Lern- und Leistungsf\u00e4higkeit;<\/div>\n<div>\u2022 Hilfe f\u00fcr concetrazione;<\/div>\n<div>\u2022 Erh\u00f6hte Speicher;<\/div>\n<\/p><\/div>\n<\/p><\/div>\n<\/p><\/div>\n","protected":false},"excerpt":{"rendered":"<p>Pr\u00e4vention und Integration \u00a0 Realisieren die degenerativen Prozesse der K\u00f6rpersysteme und Lokomotiven in Full-Service, ohne Grenzen, nach den folgenden Bereichen: \u2022 Die Stimulation der Selbstwiederherstellung des K\u00f6rpers f\u00fcr die Wiederherstellung von Knochenbr\u00fcchen und anderen Knochenst\u00f6rungen Ursprungs; \u2022 Verbesserung der Gef\u00fchle der pers\u00f6nlichen Komfort; \u2022 Wiederherstellung der K\u00f6rperfunktionen in Zeiten der schlechten Verdauung und Assimilation, ihre [&hellip;]<\/p>\n","protected":false},"author":1,"featured_media":0,"parent":0,"menu_order":1,"comment_status":"closed","ping_status":"closed","template":"","meta":{"_acf_changed":false,"footnotes":""},"class_list":["post-109882","page","type-page","status-publish","hentry"],"acf":[],"_links":{"self":[{"href":"https:\/\/www.marah.ch\/de\/wp-json\/wp\/v2\/pages\/109882","targetHints":{"allow":["GET"]}}],"collection":[{"href":"https:\/\/www.marah.ch\/de\/wp-json\/wp\/v2\/pages"}],"about":[{"href":"https:\/\/www.marah.ch\/de\/wp-json\/wp\/v2\/types\/page"}],"author":[{"embeddable":true,"href":"https:\/\/www.marah.ch\/de\/wp-json\/wp\/v2\/users\/1"}],"replies":[{"embeddable":true,"href":"https:\/\/www.marah.ch\/de\/wp-json\/wp\/v2\/comments?post=109882"}],"version-history":[{"count":0,"href":"https:\/\/www.marah.ch\/de\/wp-json\/wp\/v2\/pages\/109882\/revisions"}],"wp:attachment":[{"href":"https:\/\/www.marah.ch\/de\/wp-json\/wp\/v2\/media?parent=109882"}],"curies":[{"name":"wp","href":"https:\/\/api.w.org\/{rel}","templated":true}]}}