{"id":109479,"date":"2015-04-20T16:43:34","date_gmt":"2015-04-20T14:43:34","guid":{"rendered":"https:\/\/www.marah.ch\/possibili-terapie-con-i-magneti\/"},"modified":"2015-04-20T16:43:34","modified_gmt":"2015-04-20T14:43:34","slug":"possibili-terapie-con-i-magneti","status":"publish","type":"page","link":"https:\/\/www.marah.ch\/de\/possibili-terapie-con-i-magneti\/","title":{"rendered":"Therapien"},"content":{"rendered":"<h2 class=\"php-postheader\">M\u00f6gliche Behandlung mit Magneten<\/h2>\n<div class=\"php-postcontent\">\n<div class=\"php-article\">\n<p>Legen Sie den Magnet jeweils mit der neg. (-)\u00a0 Seite auf die schmerzende Stelle.<\/p>\n<p>\u00a0<\/p>\n<p>In den meisten F\u00e4llen ist die Reaktion augenblicklich sp\u00fcrbar. Sollte der Schmerz sich verschieben , k\u00f6nnen Sie noch einen zweiten Magneten einsetzen.<\/p>\n<p>\u00a0<\/p>\n<p>Diese Art der Behandlung mit dem \u2013 Pol auf der schmerzende Stelle ist die Einfachste und erfolgreichste Methode, den Marah Magnet einzusetzen.<\/p>\n<p>\u00a0<\/p>\n<p>Die Marah Magnete werden jedoch auch von vielen Therapeuten bei der Anwendung der traditionellen chinesischen Medizin angewandt. Der Schmerz ist f\u00fcr sie die Folge eines schlechten Energieflusses, eine Blockade des CHI, der Lebensenergie oder ein Mangel an Sauerstoff. Mit Hilfe des Marah-Magneten und der Erkenntnis der traditionellen chinesischen Medizin wenden sie folgende Behandlungen an:<\/p>\n<p>\u00a0<\/p>\n<p>An Agopunktur Punkten \u2013 Magnetpunktur<\/p>\n<p>\u00a0<\/p>\n<p>An LUO Punkten oder den Kreuzungspunkten der Meridiane.<\/p>\n<p>\u00a0<\/p>\n<p>An zwei \u201eWundermeridianen\u201c\u00a0 (Empf\u00e4ngnis und Gouverneur)<\/p>\n<p>\u00a0<\/p>\n<p>An der Knap Punkten<\/p>\n<p>\u00a0<\/p>\n<p>An der Endpunken der H\u00e4nde und F\u00fcsse<\/p>\n<p>\u00a0<\/p>\n<p>An der Chakrapunkten<\/p>\n<p>\u00a0<\/p>\n<p>An allen magnetischen Punkten nach der Methode Bansal<\/p>\n<p>\u00a0<\/p>\n<p>In der Reflexologie-Ohr-Gesicht-Mundh\u00f6hle-Fusssohle.<\/p>\n<\/p><\/div>\n<\/p><\/div>\n","protected":false},"excerpt":{"rendered":"<p>M\u00f6gliche Behandlung mit Magneten Legen Sie den Magnet jeweils mit der neg. (-)\u00a0 Seite auf die schmerzende Stelle. \u00a0 In den meisten F\u00e4llen ist die Reaktion augenblicklich sp\u00fcrbar. Sollte der Schmerz sich verschieben , k\u00f6nnen Sie noch einen zweiten Magneten einsetzen. \u00a0 Diese Art der Behandlung mit dem \u2013 Pol auf der schmerzende Stelle ist [&hellip;]<\/p>\n","protected":false},"author":1,"featured_media":0,"parent":0,"menu_order":0,"comment_status":"closed","ping_status":"closed","template":"","meta":{"_acf_changed":false,"footnotes":""},"class_list":["post-109479","page","type-page","status-publish","hentry"],"acf":[],"_links":{"self":[{"href":"https:\/\/www.marah.ch\/de\/wp-json\/wp\/v2\/pages\/109479","targetHints":{"allow":["GET"]}}],"collection":[{"href":"https:\/\/www.marah.ch\/de\/wp-json\/wp\/v2\/pages"}],"about":[{"href":"https:\/\/www.marah.ch\/de\/wp-json\/wp\/v2\/types\/page"}],"author":[{"embeddable":true,"href":"https:\/\/www.marah.ch\/de\/wp-json\/wp\/v2\/users\/1"}],"replies":[{"embeddable":true,"href":"https:\/\/www.marah.ch\/de\/wp-json\/wp\/v2\/comments?post=109479"}],"version-history":[{"count":0,"href":"https:\/\/www.marah.ch\/de\/wp-json\/wp\/v2\/pages\/109479\/revisions"}],"wp:attachment":[{"href":"https:\/\/www.marah.ch\/de\/wp-json\/wp\/v2\/media?parent=109479"}],"curies":[{"name":"wp","href":"https:\/\/api.w.org\/{rel}","templated":true}]}}