{"id":109253,"date":"2015-04-16T16:43:59","date_gmt":"2015-04-16T14:43:59","guid":{"rendered":"https:\/\/www.marah.ch\/emorroidi\/"},"modified":"2015-04-16T16:43:59","modified_gmt":"2015-04-16T14:43:59","slug":"emorroidi","status":"publish","type":"page","link":"https:\/\/www.marah.ch\/de\/emorroidi\/","title":{"rendered":"H\u00e4morrhoiden"},"content":{"rendered":"<h2 class=\"php-postheader\">H\u00e4morrhoiden<\/h2>\n<div class=\"php-postcontent\">\n<div class=\"php-article\">\n<div>Um das Problem der H\u00e4morrhoiden zu l\u00f6sen k\u00f6nnen Sie mit Hilfe\u00a0\u00a0<strong>Magnet.<br \/><\/strong><\/div>\n<div>Der\u00a0\u00a0<strong>Magnet<\/strong>\u00a0\u00a0wird Ihnen helfen, Schmerzen zu lindern und Schwellungen, indem Sie den\u00a0\u00a0<strong>Magneten<\/strong>\u00a0\u00a0auf einem Stuhl mit der negativen oben und Sitzen Sie auf es f\u00fcr eine Stunde drei Mal am Tag.\u00a0\u00a0Wenn die Schwellung verringert angewendet pole\u00a0\u00a0<strong>positive<\/strong>\u00a0\u00a0f\u00fcr einen begrenzten Zeitraum um zu stimulieren und\u00a0<strong>st\u00e4rken<\/strong>\u00a0\u00a0die Blutgef\u00e4\u00dfe.<\/p>\n<\/div>\n<div>Und &#8222;empfohlen trinken\u00a0\u00a0<strong>Wasser<\/strong>\u00a0\u00a0magnetisiert\u00a0\u00a0<strong>negativen<\/strong>\u00a0\u00a0und reiben mit dell &#8218;\u00a0<strong>\u00d6l<\/strong>\u00a0\u00a0magnetisierten\u00a0\u00a0<strong>negativ<\/strong>\u00a0.<\/div>\n<div><\/div>\n<div><a href=\"https:\/\/www.marah.ch\/de\/biomagnets-marah\/102-cosam-8000.html\"><strong>Klicken Sie hier, wenn Sie daran interessiert zu kaufen gibt einen Magneten Cosam 8000, um Probleme mit H\u00e4morrhoiden zu lindern sind<\/strong>\u00a0.<\/a><\/div>\n<\/p><\/div>\n<\/p><\/div>\n","protected":false},"excerpt":{"rendered":"<p>H\u00e4morrhoiden Um das Problem der H\u00e4morrhoiden zu l\u00f6sen k\u00f6nnen Sie mit Hilfe\u00a0\u00a0Magnet. Der\u00a0\u00a0Magnet\u00a0\u00a0wird Ihnen helfen, Schmerzen zu lindern und Schwellungen, indem Sie den\u00a0\u00a0Magneten\u00a0\u00a0auf einem Stuhl mit der negativen oben und Sitzen Sie auf es f\u00fcr eine Stunde drei Mal am Tag.\u00a0\u00a0Wenn die Schwellung verringert angewendet pole\u00a0\u00a0positive\u00a0\u00a0f\u00fcr einen begrenzten Zeitraum um zu stimulieren und\u00a0st\u00e4rken\u00a0\u00a0die Blutgef\u00e4\u00dfe. Und [&hellip;]<\/p>\n","protected":false},"author":1,"featured_media":0,"parent":0,"menu_order":3,"comment_status":"closed","ping_status":"closed","template":"","meta":{"_acf_changed":false,"footnotes":""},"class_list":["post-109253","page","type-page","status-publish","hentry"],"acf":[],"_links":{"self":[{"href":"https:\/\/www.marah.ch\/de\/wp-json\/wp\/v2\/pages\/109253","targetHints":{"allow":["GET"]}}],"collection":[{"href":"https:\/\/www.marah.ch\/de\/wp-json\/wp\/v2\/pages"}],"about":[{"href":"https:\/\/www.marah.ch\/de\/wp-json\/wp\/v2\/types\/page"}],"author":[{"embeddable":true,"href":"https:\/\/www.marah.ch\/de\/wp-json\/wp\/v2\/users\/1"}],"replies":[{"embeddable":true,"href":"https:\/\/www.marah.ch\/de\/wp-json\/wp\/v2\/comments?post=109253"}],"version-history":[{"count":0,"href":"https:\/\/www.marah.ch\/de\/wp-json\/wp\/v2\/pages\/109253\/revisions"}],"wp:attachment":[{"href":"https:\/\/www.marah.ch\/de\/wp-json\/wp\/v2\/media?parent=109253"}],"curies":[{"name":"wp","href":"https:\/\/api.w.org\/{rel}","templated":true}]}}