{"id":108992,"date":"2015-04-16T16:58:51","date_gmt":"2015-04-16T14:58:51","guid":{"rendered":"https:\/\/www.marah.ch\/cos-e-l-acqua-magnetizzata\/"},"modified":"2015-04-16T16:58:51","modified_gmt":"2015-04-16T14:58:51","slug":"cos-e-l-acqua-magnetizzata","status":"publish","type":"page","link":"https:\/\/www.marah.ch\/de\/cos-e-l-acqua-magnetizzata\/","title":{"rendered":"Grundlagen der Magnetfeldtherapie"},"content":{"rendered":"<h2 class=\"php-postheader\">Magnetisiertes Wasser<\/h2>\n<table style=\"height:23px;\" width=\"713\">\n<tbody>\n<tr>\n<td>\n<div><img fetchpriority=\"high\" decoding=\"async\" class=\" size-full wp-image-108985\" src=\"https:\/\/www.marah.ch\/wp-content\/uploads\/2015\/04\/mg_2636-2sottobottiglia.jpg\" alt=\"2sottobottiglia\" width=\"200\" height=\"300\" srcset=\"https:\/\/www.marah.ch\/wp-content\/uploads\/2015\/04\/mg_2636-2sottobottiglia.jpg 1067w, https:\/\/www.marah.ch\/wp-content\/uploads\/2015\/04\/mg_2636-2sottobottiglia-300x450.jpg 300w\" sizes=\"(max-width: 200px) 100vw, 200px\" \/><\/div>\n<\/td>\n<td>\n<div style=\"text-align:justify;\">Durch den Genuss von magnetisiertem Wasser\u00a0 k\u00f6nnen vielerlei Beschwerden g\u00fcnstig beeinflusst werden. Die Energie der Magnete gelangt mit der Fl\u00fcssigkeit in alle Teile des K\u00f6rpers, sie wirkt harntreibend, ist\u00a0<strong>leicht, mineralisiert und bildet keine Mikrokristalle,<\/strong>\u00a0die dem Organismus schaden k\u00f6nnten.\u00a0<\/div>\n<div style=\"text-align:justify;\">\u00a0<\/div>\n<div style=\"text-align:justify;\">Empfohlen wird der Genuss von mindestens 1 Lt. magnetisiertem Wasser t\u00e4glich, davon 1-2 Gl\u00e4ser auf n\u00fcchternen Magen.<\/div>\n<div style=\"text-align:justify;\"> <\/div>\n<div>So aktiviert man<\/div>\n<div>&#8211; das Immunsystem,<\/div>\n<div>&#8211; reinigt den Verdauungstrakt,<\/div>\n<div>&#8211; entschlackt den K\u00f6rper von Toxinen,<\/div>\n<p> &#8211; kr\u00e4ftigt das Nervensystem, die Verdauung und den Blutkreislauf.<\/td>\n<\/tr>\n<\/tbody>\n<\/table>\n<div class=\"php-postcontent\">\n<div class=\"php-article\">\n<div> <\/div>\n<div>Auch \u00e4usserlich angewandt dient magnetisiertes Wasser zur Behandlung von Wunden, Ekzemen, schmerzenden Augen oder zum gurgeln bei Halsschmerzen.<\/div>\n<div>\n<table style=\"height:23px;\" width=\"757\">\n<tbody>\n<tr>\n<td><img decoding=\"async\" class=\" size-full wp-image-108990\" src=\"https:\/\/www.marah.ch\/wp-content\/uploads\/2015\/04\/1.jpg\" alt=\"\" width=\"300\" height=\"96\"><\/td>\n<td>\n<p>Bio Magnet D-05 ist sehr bequem f\u00fcr die jenige die immer unterwegs sind und m\u00f6chten Ihre Flasche mit magnetisiertes Wasser immer dabei haben.<\/p>\n<p>Geben Sie einen D-05 direkt in eine Flasche mit frischem Wasser und lassen Sie 4\/6 Stunden einwirken.<\/p>\n<\/td>\n<\/tr>\n<\/tbody>\n<\/table>\n<\/div><\/div>\n<\/p><\/div>\n","protected":false},"excerpt":{"rendered":"<p>Magnetisiertes Wasser Durch den Genuss von magnetisiertem Wasser\u00a0 k\u00f6nnen vielerlei Beschwerden g\u00fcnstig beeinflusst werden. Die Energie der Magnete gelangt mit der Fl\u00fcssigkeit in alle Teile des K\u00f6rpers, sie wirkt harntreibend, ist\u00a0leicht, mineralisiert und bildet keine Mikrokristalle,\u00a0die dem Organismus schaden k\u00f6nnten.\u00a0 \u00a0 Empfohlen wird der Genuss von mindestens 1 Lt. magnetisiertem Wasser t\u00e4glich, davon 1-2 Gl\u00e4ser [&hellip;]<\/p>\n","protected":false},"author":1,"featured_media":108985,"parent":0,"menu_order":0,"comment_status":"closed","ping_status":"closed","template":"","meta":{"_acf_changed":false,"footnotes":""},"class_list":["post-108992","page","type-page","status-publish","has-post-thumbnail","hentry"],"acf":[],"_links":{"self":[{"href":"https:\/\/www.marah.ch\/de\/wp-json\/wp\/v2\/pages\/108992","targetHints":{"allow":["GET"]}}],"collection":[{"href":"https:\/\/www.marah.ch\/de\/wp-json\/wp\/v2\/pages"}],"about":[{"href":"https:\/\/www.marah.ch\/de\/wp-json\/wp\/v2\/types\/page"}],"author":[{"embeddable":true,"href":"https:\/\/www.marah.ch\/de\/wp-json\/wp\/v2\/users\/1"}],"replies":[{"embeddable":true,"href":"https:\/\/www.marah.ch\/de\/wp-json\/wp\/v2\/comments?post=108992"}],"version-history":[{"count":0,"href":"https:\/\/www.marah.ch\/de\/wp-json\/wp\/v2\/pages\/108992\/revisions"}],"wp:featuredmedia":[{"embeddable":true,"href":"https:\/\/www.marah.ch\/de\/wp-json\/wp\/v2\/media\/108985"}],"wp:attachment":[{"href":"https:\/\/www.marah.ch\/de\/wp-json\/wp\/v2\/media?parent=108992"}],"curies":[{"name":"wp","href":"https:\/\/api.w.org\/{rel}","templated":true}]}}