{"id":108919,"date":"2015-04-16T16:43:59","date_gmt":"2015-04-16T14:43:59","guid":{"rendered":"https:\/\/www.marah.ch\/applicazioni-nella-magnetoterapia\/"},"modified":"2015-04-16T16:43:59","modified_gmt":"2015-04-16T14:43:59","slug":"applicazioni-nella-magnetoterapia","status":"publish","type":"page","link":"https:\/\/www.marah.ch\/de\/applicazioni-nella-magnetoterapia\/","title":{"rendered":"Typen und Anwendungen der Marah Biomagnete"},"content":{"rendered":"<h2 class=\"php-postheader\">Typen und Anwendungen der Marah Biomagnete<\/h2>\n<div class=\"php-postcontent\">\n<div class=\"php-article\">\n<p><strong><img fetchpriority=\"high\" decoding=\"async\" src=\"http:\/\/marah.ch\/nuovosito\/img\/cms\/collage2.jpg\" alt=\"collage2\" width=\"400\" height=\"201\" \/><\/strong><\/p>\n<p>\u00a0<strong>Die Marah<\/strong><strong>\u00a0Biomagnete<\/strong><\/p>\n<div>\u00a0<\/div>\n<p>Wir bieten\u00a0 5 verschiedene Magnet-Typen an:<\/p>\n<\/p>\n<div>\u00a0<strong>Cosam PLUS<\/strong>\u00a0Magnet aus Neodym in einer rot-baluen Schale<\/div>\n<div>\u00a0<\/div>\n<p><strong>Cosam 8000<\/strong>\u00a0Magnet aus Neodym in einer rot-gr\u00fcnen Schale.<\/p>\n<div>\u00a0<\/div>\n<p>Die gr\u00fcne Seite entspricht dem negativen Pol, geeignet bei Entz\u00fcndungen und Schmerzen<br \/>Die rote Seite entspricht dem positiven Pol, geeignet zur Stimulation und Tonifizierung<\/p>\n<div>\u00a0<\/div>\n<p><strong>Cosam 4000<\/strong><strong>\u00a0\u00a0<\/strong>Magnet aus Neodym in einer weiss-schwarzen Schale.<\/p>\n<p><strong><br \/><\/strong>Die\u00a0weisse Seite entspricht dem negativen Pol, geeignet bei Entz\u00fcndungen und Schmerzen<br \/>Die schwarze Seite entspricht dem positiv Pol, geeignet zur Stimulation und Tonifizierung<\/p>\n<div>\u00a0<\/div>\n<p><strong>D 025<\/strong>\u00a0Magnet aus Ferrit in einer weiss-schwarzen Schale<\/p>\n<div>\u00a0<\/div>\n<p>Die weisse Seite entspricht dem negativen Pol, geeignet bei Entz\u00fcndungen und Schmerzen<br \/>Die schwarze Seite entspricht dem positiven Pol, geeignet zur Stimulation und Tonifizierung<\/p>\n<div>\u00a0<\/div>\n<p><strong>D 05\u00a0<\/strong>\u00a0Ein Zylindrischer Magnet aus Neodym in eine blaue Schale<\/p>\n<div>\u00a0<\/div>\n<p>Geeignet f\u00fcr die Vorbereitung von gemischt magnetisiertes Wasser.<\/p>\n<div>\u00a0<\/div>\n<div>\u00a0<\/div>\n<p><strong>Wie wirkt ein Magnet<\/strong><\/p>\n<p>Der Magnetpol (die eine Seite positiv, die andere negativ) wirkt ganz verschieden auf den K\u00f6rper ein. Die<strong>negative Seite sediert<\/strong>\u00a0und wirkt entz\u00fcndungshemmend w\u00e4hrend die\u00a0<strong>positive Seite anregt und stimuliert<\/strong>.\u00a0<br \/>Das Magnetfeld harmonisiert die Vibration der Elektronen sie bewirkt so eine schnelle Schmerzreduktion, eine bessere Durchblutung, reguliert den Metabolismuns und somit eine bessere organische Vitalit\u00e4t.\u00a0<br \/>Bei korretem Gebrauch des Magneten erh\u00e4lt man eine schnelle harmonisierende Wirkung und St\u00e4rkung des Immunsystems.<\/p>\n<p><strong>Magnet Applikation<\/strong><\/p>\n<p>Jeder kann ohne Probleme jederzeit und ohne Aufwand die Magnete auf einen schmerzenden K\u00f6rperteil auflegen. Der Magnet ist klein, sauber, macht keine Flecken auf der W\u00e4sche und wird mit einem Pflaster befestigt. Je nach Intensit\u00e4t der Schmerzen und St\u00e4rke des Biomagneten l\u00e4sst man ihn von 10 Min. bis zu 2 Std. auf dem zu behandelnden K\u00f6rperteil einwirken (Siehe Gebrauchanweisung).\u00a0<br \/>Die Wirkung des Magnete ist schonend und die meisten Menschen reagieren sehr positiv, auch l\u00e4ngerer Anwendung.<\/p>\n<p><strong>Es sind keinerlei sch\u00e4dliche Nebenwirkungen bekannt.<\/strong><\/p>\n<p>Ein Biomagnet ist unbeschr\u00e4nkt haltbar, er beh\u00e4lt seine Wirkung ein ganzes Leben lang und Sie k\u00f6nnen ihn jederzeit problemlos f\u00fcr Ihre Gesundheit einsetzen.<br \/>Menschen, die einen\u00a0<strong>Pace-maker, Schwangere, und Kinder unter 3 Jahren d\u00fcrfen nicht mit einen Magneten behandelt werden.<\/strong><br \/>Versorgen Sie Ihren Magneten nach Gebrauch nicht zusammen mit Ihren Kreditkarten, sie werden gel\u00f6scht und funktionieren nicht mehr.<\/p>\n<\/p><\/div>\n<\/p><\/div>\n","protected":false},"excerpt":{"rendered":"<p>Typen und Anwendungen der Marah Biomagnete \u00a0Die Marah\u00a0Biomagnete \u00a0 Wir bieten\u00a0 5 verschiedene Magnet-Typen an: \u00a0Cosam PLUS\u00a0Magnet aus Neodym in einer rot-baluen Schale \u00a0 Cosam 8000\u00a0Magnet aus Neodym in einer rot-gr\u00fcnen Schale. \u00a0 Die gr\u00fcne Seite entspricht dem negativen Pol, geeignet bei Entz\u00fcndungen und SchmerzenDie rote Seite entspricht dem positiven Pol, geeignet zur Stimulation und [&hellip;]<\/p>\n","protected":false},"author":1,"featured_media":0,"parent":0,"menu_order":0,"comment_status":"closed","ping_status":"closed","template":"","meta":{"_acf_changed":false,"footnotes":""},"class_list":["post-108919","page","type-page","status-publish","hentry"],"acf":[],"_links":{"self":[{"href":"https:\/\/www.marah.ch\/de\/wp-json\/wp\/v2\/pages\/108919","targetHints":{"allow":["GET"]}}],"collection":[{"href":"https:\/\/www.marah.ch\/de\/wp-json\/wp\/v2\/pages"}],"about":[{"href":"https:\/\/www.marah.ch\/de\/wp-json\/wp\/v2\/types\/page"}],"author":[{"embeddable":true,"href":"https:\/\/www.marah.ch\/de\/wp-json\/wp\/v2\/users\/1"}],"replies":[{"embeddable":true,"href":"https:\/\/www.marah.ch\/de\/wp-json\/wp\/v2\/comments?post=108919"}],"version-history":[{"count":0,"href":"https:\/\/www.marah.ch\/de\/wp-json\/wp\/v2\/pages\/108919\/revisions"}],"wp:attachment":[{"href":"https:\/\/www.marah.ch\/de\/wp-json\/wp\/v2\/media?parent=108919"}],"curies":[{"name":"wp","href":"https:\/\/api.w.org\/{rel}","templated":true}]}}