{"id":108903,"date":"2015-04-16T16:22:20","date_gmt":"2015-04-16T14:22:20","guid":{"rendered":"https:\/\/www.marah.ch\/sintomi-e-malattie\/"},"modified":"2015-04-16T16:22:20","modified_gmt":"2015-04-16T14:22:20","slug":"sintomi-e-malattie","status":"publish","type":"page","link":"https:\/\/www.marah.ch\/de\/sintomi-e-malattie\/","title":{"rendered":"Symptome und Krankeiten"},"content":{"rendered":"<h2 class=\"php-postheader\">Der Einfluss des Erdmagnetfeldes auf das Lebewesen<\/h2>\n<div class=\"php-postcontent\">\n<div class=\"php-article\">\n<p><img decoding=\"async\" class=\" size-full wp-image-108901\" src=\"https:\/\/www.marah.ch\/wp-content\/uploads\/2015\/04\/terracampomagnetico-terracampomagnetico.jpg\" alt=\"terracampomagnetico\" width=\"200\" border=\"0\" height=\"211\" \/><\/p>\n<h2>\u00a0<\/h2>\n<p>\u00a0<\/p>\n<p><strong>Obwohl das nat\u00fcrliche Magnetfeld der Erde nur sehr schwach ist, beeinflusst es dennoch viele biologische Vorg\u00e4nge.<\/strong><\/p>\n<p>Hier einige Beispiele.<\/p>\n<p><strong>Einfluss auf den Menschen<\/strong><\/p>\n<p>Das menschliche Gehirn verf\u00fcgt \u00fcber winzige Mengen\u00a0 Magnetitkristallen. Diese erkl\u00e4ren auch die Wetterf\u00fchligkeit.<\/p>\n<p>In der Weltraumfahrt mussten sich die Wissenschaftler mit den Einfl\u00fcssen des Magnetismus auf den menschlichen Organismus verst\u00e4rkt auseinandersetzen, da die Raumfahrer ohne den Einfluss des Erdmagnetfeldes oftmals depressiv, wahrnehmungsgest\u00f6rt und kraft- und energielos zur Erde zur\u00fcckkamen.\u00a0<br \/>Daher werden beispielsweise die Raumanz\u00fcge und Weltraumkapseln heutzutage mit erd\u00e4hnlichen sie umgebenden Magnetfeldern ausgestattet.<\/p>\n<p>Weiterhin hat das Magnetfeld auch eine heilende Wirkung.<br \/>Wissenschaftler konnten zeigen, dass Magnetfelder zweifelsfrei Einfluss auf das Wohlbefinden des Menschen haben.<br \/>Aufgrund ihrer physikalischen Eigenschaften durchdringen Magnetfelder den menschlichen K\u00f6rper nahezu ungehindert und k\u00f6nnen dadurch ihre Energie bis an die tiefste Zelle im K\u00f6rper \u00fcbertragen.\u00a0<br \/>Eine Eigenschaft, die die Magnetfeldtherapie von anderen physikalischen Therapiem\u00f6glichkeiten unterscheidet, welche nur eine geringe Eindringtiefe besitzen, und somit haupts\u00e4chlich an der Oberfl\u00e4che ihre Wirkung entfalten.<\/p>\n<p>Eine solche Behandlung dient beispielsweise dem Stressabbau und der Regeneration, der Steigerung der Immunabwehr, f\u00f6rdert die Durchblutung, hilft bei Erkrankungen des Bewegungsapparates (Osteoporose, Arthrose, Muskelverspannungen) und auch chronischen Erkrankungen wie Rheuma oder Multiple Sklerose.<\/p>\n<p>\u00a0<\/p>\n<p><strong>Bedeutung f\u00fcr Tiere<\/strong><\/p>\n<p>Auch Tiere verf\u00fcgen \u00fcber winzige Magnetitkristalle (ferromagnetische Substanzen) in ihren Organen, die ihnen die Orientierung und Navigation in unbekanntem Gebiet erlaubt.\u00a0<br \/>Bei Brieftauben befinden sich diese Magnetitkristalle im Schnabel.<br \/>Weitere Tierarten sind Blindm\u00e4use, Haustauben, Zugv\u00f6gel, Meeresschildkr\u00f6ten, Haie, Kolibakterien, Bienen, Schmetterlinge, Fische, Flederm\u00e4use, Reptilien und Wale.<br \/>St\u00f6rungen im Magnetfeld f\u00fchren immer wieder zur Orientierungslosigkeit vieler Tiere, was sich auch in der steigenden Anzahl z. B. gestrandeter Wale zeigt, oder auch Brieftauben oftmals die Orientierung verlieren.<\/p>\n<\/p><\/div>\n<\/p><\/div>\n","protected":false},"excerpt":{"rendered":"<p>Der Einfluss des Erdmagnetfeldes auf das Lebewesen \u00a0 \u00a0 Obwohl das nat\u00fcrliche Magnetfeld der Erde nur sehr schwach ist, beeinflusst es dennoch viele biologische Vorg\u00e4nge. Hier einige Beispiele. Einfluss auf den Menschen Das menschliche Gehirn verf\u00fcgt \u00fcber winzige Mengen\u00a0 Magnetitkristallen. Diese erkl\u00e4ren auch die Wetterf\u00fchligkeit. In der Weltraumfahrt mussten sich die Wissenschaftler mit den Einfl\u00fcssen [&hellip;]<\/p>\n","protected":false},"author":1,"featured_media":108901,"parent":0,"menu_order":2,"comment_status":"closed","ping_status":"closed","template":"","meta":{"_acf_changed":false,"footnotes":""},"class_list":["post-108903","page","type-page","status-publish","has-post-thumbnail","hentry"],"acf":[],"_links":{"self":[{"href":"https:\/\/www.marah.ch\/de\/wp-json\/wp\/v2\/pages\/108903","targetHints":{"allow":["GET"]}}],"collection":[{"href":"https:\/\/www.marah.ch\/de\/wp-json\/wp\/v2\/pages"}],"about":[{"href":"https:\/\/www.marah.ch\/de\/wp-json\/wp\/v2\/types\/page"}],"author":[{"embeddable":true,"href":"https:\/\/www.marah.ch\/de\/wp-json\/wp\/v2\/users\/1"}],"replies":[{"embeddable":true,"href":"https:\/\/www.marah.ch\/de\/wp-json\/wp\/v2\/comments?post=108903"}],"version-history":[{"count":0,"href":"https:\/\/www.marah.ch\/de\/wp-json\/wp\/v2\/pages\/108903\/revisions"}],"wp:featuredmedia":[{"embeddable":true,"href":"https:\/\/www.marah.ch\/de\/wp-json\/wp\/v2\/media\/108901"}],"wp:attachment":[{"href":"https:\/\/www.marah.ch\/de\/wp-json\/wp\/v2\/media?parent=108903"}],"curies":[{"name":"wp","href":"https:\/\/api.w.org\/{rel}","templated":true}]}}