{"id":108855,"date":"2015-04-16T16:22:20","date_gmt":"2015-04-16T14:22:20","guid":{"rendered":"https:\/\/www.marah.ch\/la-magnetoterapia\/"},"modified":"2015-04-16T16:22:20","modified_gmt":"2015-04-16T14:22:20","slug":"la-magnetoterapia","status":"publish","type":"page","link":"https:\/\/www.marah.ch\/de\/la-magnetoterapia\/","title":{"rendered":"Was bedeutet Magnettherapie"},"content":{"rendered":"<h2 class=\"php-postheader\">Was bedeutet Magnettherapie<\/h2>\n<\/p>\n<p><img decoding=\"async\" class=\" size-full wp-image-108825\" src=\"https:\/\/www.marah.ch\/wp-content\/uploads\/2015\/04\/insonnia.jpg\" alt=\"\" width=\"131\" height=\"150\">\u00a0\u00a0\u00a0 \u00a0<img decoding=\"async\" class=\" size-full wp-image-108829\" src=\"https:\/\/www.marah.ch\/wp-content\/uploads\/2015\/04\/mal_di_gola.jpg\" alt=\"\" width=\"183\" height=\"150\">\u00a0 \u00a0\u00a0\u00a0<img decoding=\"async\" class=\" size-full wp-image-108833\" src=\"https:\/\/www.marah.ch\/wp-content\/uploads\/2015\/04\/nevralgia.jpg\" alt=\"\" width=\"136\" height=\"150\">\u00a0 \u00a0\u00a0\u00a0<img loading=\"lazy\" decoding=\"async\" class=\" size-full wp-image-108837\" src=\"https:\/\/www.marah.ch\/wp-content\/uploads\/2015\/04\/sinusite.jpg\" alt=\"\" width=\"125\" height=\"150\">\u00a0 \u00a0 \u00a0<img loading=\"lazy\" decoding=\"async\" class=\" size-full wp-image-108841\" src=\"https:\/\/www.marah.ch\/wp-content\/uploads\/2015\/04\/congiuntivite.jpg\" alt=\"\" width=\"134\" height=\"150\">\u00a0<\/p>\n<p><img loading=\"lazy\" decoding=\"async\" class=\" size-full wp-image-108845\" src=\"https:\/\/www.marah.ch\/wp-content\/uploads\/2015\/04\/costipazione_2.jpg\" alt=\"\" width=\"164\" height=\"150\">\u00a0 \u00a0 \u00a0 \u00a0 \u00a0 \u00a0 \u00a0 \u00a0 \u00a0\u00a0\u00a0<img loading=\"lazy\" decoding=\"async\" class=\" size-full wp-image-108849\" src=\"https:\/\/www.marah.ch\/wp-content\/uploads\/2015\/04\/caviglia.jpg\" alt=\"\" width=\"250\" height=\"150\">\u00a0 \u00a0 \u00a0 \u00a0 \u00a0 \u00a0 \u00a0 \u00a0 \u00a0\u00a0<img loading=\"lazy\" decoding=\"async\" class=\" size-full wp-image-108853\" src=\"https:\/\/www.marah.ch\/wp-content\/uploads\/2015\/04\/tendinite.jpg\" alt=\"\" width=\"227\" height=\"150\"><\/p>\n<div class=\"php-postcontent\">\n<div class=\"php-article\">\n<p><strong>Magnettherapie<\/strong>\u00a0ist der Allgemeinbegriff der Behandlung geschw\u00e4chten Stellen oder Organe mittels einem oder mehrere Magnete.<\/p>\n<p>Die Anwendung ist sehr einfach, der Magnet wird mit dem geeigneten Pol auf die zu behandelden Stelle gehalten oder mit einem Pflaster fixiert. Um Hautreize durch das aufkleben des Magnets zu vermeiden, k\u00f6nnen Sie die Magnete auf die Kleidung Anbringen bzw. aufkleben<\/p>\n<p>\u00a0<\/p>\n<p>Bei Entz\u00fcndungen oder starke Schmerzen, hilft der\u00a0Minuspol (-)\u00a0des Magneten. Dieser soll auf die Stelle gerichtet werden.<\/p>\n<p>Zur F\u00f6rderung von Funktionen oder bei geschw\u00e4chte Organe, wird der\u00a0Pluspol (+)\u00a0des Magneten verwenden.<\/p>\n<p>Die Schmerzen haben unterschiedliche Ursachen: traumatische Frakturen, Sehnenentz\u00fcndungen, Verstauchungen etc..<\/p>\n<p><strong>Rheumatische Erkrankungen<\/strong>, wie z.B. Gelenkschmerzen, Hals, Schultern, Knie, H\u00fcften<\/p>\n<p><strong>Klimawande<\/strong>l bei hohe Feuchtigkeit, K\u00e4lte, Wind oder\u00a0 Klimaanlage<\/p>\n<p><strong>chronische F\u00e4lle von Arthrose<\/strong>, wo der Schmerz reduziert wird aber wieder auftr\u00e4ten kann<\/p>\n<p>\u00a0<\/p>\n<p>\u00a0In vielen F\u00e4llen ist die Wirkung sofort sp\u00fcrbar. Wenn dier Schmerzstelle sehr breit ist k\u00f6nne auch mehrere Magnete verwendet werden.<\/p>\n<p>\u00a0Bei Rheumaschmerzen soll der Magnet bewegt werden.<\/p>\n<p>Bei Muskelkr\u00e4mpfe wird die Stelle mit dem Magnete massiert.<\/p>\n<p>\u00a0<\/p>\n<p>Diese Anwendung der Marah Magnete ist die einfachste und beliebste, es werden gute Resultate erreicht wenn sie sofort angewendet wird.<\/p>\n<\/p><\/div>\n<\/p><\/div>\n","protected":false},"excerpt":{"rendered":"<p>Was bedeutet Magnettherapie \u00a0\u00a0\u00a0 \u00a0\u00a0 \u00a0\u00a0\u00a0\u00a0 \u00a0\u00a0\u00a0\u00a0 \u00a0 \u00a0\u00a0 \u00a0 \u00a0 \u00a0 \u00a0 \u00a0 \u00a0 \u00a0 \u00a0 \u00a0\u00a0\u00a0\u00a0 \u00a0 \u00a0 \u00a0 \u00a0 \u00a0 \u00a0 \u00a0 \u00a0\u00a0 Magnettherapie\u00a0ist der Allgemeinbegriff der Behandlung geschw\u00e4chten Stellen oder Organe mittels einem oder mehrere Magnete. Die Anwendung ist sehr einfach, der Magnet wird mit dem geeigneten Pol auf die zu [&hellip;]<\/p>\n","protected":false},"author":1,"featured_media":108825,"parent":0,"menu_order":0,"comment_status":"closed","ping_status":"closed","template":"","meta":{"_acf_changed":false,"footnotes":""},"class_list":["post-108855","page","type-page","status-publish","has-post-thumbnail","hentry"],"acf":[],"_links":{"self":[{"href":"https:\/\/www.marah.ch\/de\/wp-json\/wp\/v2\/pages\/108855","targetHints":{"allow":["GET"]}}],"collection":[{"href":"https:\/\/www.marah.ch\/de\/wp-json\/wp\/v2\/pages"}],"about":[{"href":"https:\/\/www.marah.ch\/de\/wp-json\/wp\/v2\/types\/page"}],"author":[{"embeddable":true,"href":"https:\/\/www.marah.ch\/de\/wp-json\/wp\/v2\/users\/1"}],"replies":[{"embeddable":true,"href":"https:\/\/www.marah.ch\/de\/wp-json\/wp\/v2\/comments?post=108855"}],"version-history":[{"count":0,"href":"https:\/\/www.marah.ch\/de\/wp-json\/wp\/v2\/pages\/108855\/revisions"}],"wp:featuredmedia":[{"embeddable":true,"href":"https:\/\/www.marah.ch\/de\/wp-json\/wp\/v2\/media\/108825"}],"wp:attachment":[{"href":"https:\/\/www.marah.ch\/de\/wp-json\/wp\/v2\/media?parent=108855"}],"curies":[{"name":"wp","href":"https:\/\/api.w.org\/{rel}","templated":true}]}}